{"id":341840,"date":"2025-12-19T17:49:30","date_gmt":"2025-12-19T14:49:30","guid":{"rendered":"https:\/\/vbd.dev.sumena.ee\/?post_type=product&#038;p=341840"},"modified":"2026-02-12T12:23:24","modified_gmt":"2026-02-12T09:23:24","slug":"kupsised-xl-milka-184-g","status":"publish","type":"product","link":"https:\/\/vbd.dev.sumena.ee\/lv\/products-2\/kupsised-xl-milka-184-g\/","title":{"rendered":"Cepumi XL, MILKA, 184 g"},"content":{"rendered":"<p>K\u00fcpsised \u0161okolaadi t\u00fckkidega.<\/p>\n<p><strong>Sast\u0101vs<\/strong>: suhkur, NISUJAHU 32%, palmi\u00f5li, T\u00c4ISPIIMApulber, kakaopasta, kakaov\u00f5i, VADAKUpulber, kergitusained (E503, E500, E450), sool, emulgaator (sojaletsitiinid), l\u00f5hna- ja maitseained, v\u00e4rvaine (E160a). V\u00f5ib sisaldada MUNA ja P\u00c4HKLEID.<\/p>","protected":false},"excerpt":{"rendered":"<p>K\u00fcpsised \u0161okolaadi t\u00fckkidega. Koostisosad: suhkur, NISUJAHU 32%, palmi\u00f5li, T\u00c4ISPIIMApulber, kakaopasta, kakaov\u00f5i, VADAKUpulber, kergitusained (E503, E500, E450), sool, emulgaator (sojaletsitiinid), l\u00f5hna- ja maitseained, v\u00e4rvaine (E160a). V\u00f5ib sisaldada MUNA ja P\u00c4HKLEID.<\/p>","protected":false},"featured_media":341842,"comment_status":"open","ping_status":"closed","template":"","meta":{"_acf_changed":false},"product_brand":[],"product_cat":[117,80],"product_tag":[],"class_list":{"0":"post-341840","1":"product","2":"type-product","3":"status-publish","4":"has-post-thumbnail","6":"product_cat-kupsised","7":"product_cat-snakid","9":"first","10":"instock","11":"sale","12":"taxable","13":"shipping-taxable","14":"purchasable","15":"product-type-simple"},"supplier_id":null,"supplier_sku":"","barcode":null,"atum_controlled":true,"out_stock_date":null,"out_stock_threshold":null,"inheritable":false,"inbound_stock":0,"stock_on_hold":17,"sold_today":12,"sales_last_days":80,"reserved_stock":0,"customer_returns":0,"warehouse_damage":0,"lost_in_post":0,"other_logs":0,"out_stock_days":0,"lost_sales":0,"has_location":false,"update_date":"2026-02-12T14:40:09","atum_locations":[],"atum_stock_status":"instock","restock_status":false,"low_stock_amount":"","sales_update_date":"2026-02-12T14:40:00","calc_backorders":null,"acf":[],"_links":{"self":[{"href":"https:\/\/vbd.dev.sumena.ee\/lv\/wp-json\/wp\/v2\/product\/341840","targetHints":{"allow":["GET"]}}],"collection":[{"href":"https:\/\/vbd.dev.sumena.ee\/lv\/wp-json\/wp\/v2\/product"}],"about":[{"href":"https:\/\/vbd.dev.sumena.ee\/lv\/wp-json\/wp\/v2\/types\/product"}],"replies":[{"embeddable":true,"href":"https:\/\/vbd.dev.sumena.ee\/lv\/wp-json\/wp\/v2\/comments?post=341840"}],"wp:featuredmedia":[{"embeddable":true,"href":"https:\/\/vbd.dev.sumena.ee\/lv\/wp-json\/wp\/v2\/media\/341842"}],"wp:attachment":[{"href":"https:\/\/vbd.dev.sumena.ee\/lv\/wp-json\/wp\/v2\/media?parent=341840"}],"wp:term":[{"taxonomy":"product_brand","embeddable":true,"href":"https:\/\/vbd.dev.sumena.ee\/lv\/wp-json\/wp\/v2\/product_brand?post=341840"},{"taxonomy":"product_cat","embeddable":true,"href":"https:\/\/vbd.dev.sumena.ee\/lv\/wp-json\/wp\/v2\/product_cat?post=341840"},{"taxonomy":"product_tag","embeddable":true,"href":"https:\/\/vbd.dev.sumena.ee\/lv\/wp-json\/wp\/v2\/product_tag?post=341840"}],"curies":[{"name":"wp","href":"https:\/\/api.w.org\/{rel}","templated":true}]}}