{"id":341827,"date":"2025-12-19T17:33:07","date_gmt":"2025-12-19T14:33:07","guid":{"rendered":"https:\/\/vbd.dev.sumena.ee\/?post_type=product&#038;p=341827"},"modified":"2026-02-12T01:17:16","modified_gmt":"2026-02-11T22:17:16","slug":"pesuloputusvahend-lenor-sensitive-2-x-123l-98-pesukorda","status":"publish","type":"product","link":"https:\/\/vbd.dev.sumena.ee\/lv\/products-2\/pesuloputusvahend-lenor-sensitive-2-x-123l-98-pesukorda\/","title":{"rendered":"Ve\u013cas m\u012bkstin\u0101t\u0101js LENOR Sensitive 2 x 1,23 l (98 m. r)"},"content":{"rendered":"<p>Hoiatus! Hoida lastele k\u00e4ttesaamatus kohas. V\u00e4ltige kokkupuudet silmade ja nahaga. V\u00f5ib esile kutsuda allergilise reaktsiooni. Vajadusel p\u00f6\u00f6rduge kohe arsti poole ja hoidke toote pakend v\u00f5i silt k\u00e4ep\u00e4rast.<\/p>","protected":false},"excerpt":{"rendered":"<p>Hoiatus! Hoida lastele k\u00e4ttesaamatus kohas. V\u00e4ltige kokkupuudet silmade ja nahaga. V\u00f5ib esile kutsuda allergilise reaktsiooni. Vajadusel p\u00f6\u00f6rduge kohe arsti poole ja hoidke toote pakend v\u00f5i silt k\u00e4ep\u00e4rast.<\/p>","protected":false},"featured_media":341829,"comment_status":"open","ping_status":"closed","template":"","meta":{"_acf_changed":false},"product_brand":[],"product_cat":[185,88],"product_tag":[],"class_list":{"0":"post-341827","1":"product","2":"type-product","3":"status-publish","4":"has-post-thumbnail","6":"product_cat-puhastus-ja-koristusvahendid","7":"product_cat-tarbekaubad-tooted","9":"first","10":"instock","11":"sale","12":"taxable","13":"shipping-taxable","14":"purchasable","15":"product-type-simple"},"supplier_id":null,"supplier_sku":"","barcode":null,"atum_controlled":true,"out_stock_date":null,"out_stock_threshold":null,"inheritable":false,"inbound_stock":0,"stock_on_hold":1,"sold_today":1,"sales_last_days":7,"reserved_stock":0,"customer_returns":0,"warehouse_damage":0,"lost_in_post":0,"other_logs":0,"out_stock_days":0,"lost_sales":0,"has_location":false,"update_date":"2026-02-12T14:29:43","atum_locations":[],"atum_stock_status":"instock","restock_status":false,"low_stock_amount":"","sales_update_date":"2026-02-12T14:29:34","calc_backorders":null,"acf":[],"_links":{"self":[{"href":"https:\/\/vbd.dev.sumena.ee\/lv\/wp-json\/wp\/v2\/product\/341827","targetHints":{"allow":["GET"]}}],"collection":[{"href":"https:\/\/vbd.dev.sumena.ee\/lv\/wp-json\/wp\/v2\/product"}],"about":[{"href":"https:\/\/vbd.dev.sumena.ee\/lv\/wp-json\/wp\/v2\/types\/product"}],"replies":[{"embeddable":true,"href":"https:\/\/vbd.dev.sumena.ee\/lv\/wp-json\/wp\/v2\/comments?post=341827"}],"wp:featuredmedia":[{"embeddable":true,"href":"https:\/\/vbd.dev.sumena.ee\/lv\/wp-json\/wp\/v2\/media\/341829"}],"wp:attachment":[{"href":"https:\/\/vbd.dev.sumena.ee\/lv\/wp-json\/wp\/v2\/media?parent=341827"}],"wp:term":[{"taxonomy":"product_brand","embeddable":true,"href":"https:\/\/vbd.dev.sumena.ee\/lv\/wp-json\/wp\/v2\/product_brand?post=341827"},{"taxonomy":"product_cat","embeddable":true,"href":"https:\/\/vbd.dev.sumena.ee\/lv\/wp-json\/wp\/v2\/product_cat?post=341827"},{"taxonomy":"product_tag","embeddable":true,"href":"https:\/\/vbd.dev.sumena.ee\/lv\/wp-json\/wp\/v2\/product_tag?post=341827"}],"curies":[{"name":"wp","href":"https:\/\/api.w.org\/{rel}","templated":true}]}}