{"id":341765,"date":"2025-12-19T15:51:00","date_gmt":"2025-12-19T12:51:00","guid":{"rendered":"https:\/\/vbd.dev.sumena.ee\/?post_type=product&#038;p=341765"},"modified":"2026-02-12T12:46:10","modified_gmt":"2026-02-12T09:46:10","slug":"tampoonid-super-o-b-16-tk","status":"publish","type":"product","link":"https:\/\/vbd.dev.sumena.ee\/lv\/products-2\/tampoonid-super-o-b-16-tk\/","title":{"rendered":"Tamponi Super, O.B., 16 gab."},"content":{"rendered":"<p>o.b.\u00ae Super tampoonid sobivad keskmise ja tugeva vooluse korral. Fluid-Lock\u2122 keerdsooned juhivad vedeliku tampooni sisemusse, kus \u00fcliimavad kiud selle efektiivselt endasse imavad. Usaldusv\u00e4\u00e4rne kaitse. Heaks kiidetud g\u00fcnekoloogide poolt.<\/p>","protected":false},"excerpt":{"rendered":"<p>o.b.\u00ae Super tampoonid sobivad keskmise ja tugeva vooluse korral. Fluid-Lock\u2122 keerdsooned juhivad vedeliku tampooni sisemusse, kus \u00fcliimavad kiud selle efektiivselt endasse imavad. Usaldusv\u00e4\u00e4rne kaitse. Heaks kiidetud g\u00fcnekoloogide poolt.<\/p>","protected":false},"featured_media":341766,"comment_status":"open","ping_status":"closed","template":"","meta":{"_acf_changed":false},"product_brand":[],"product_cat":[158,160,104],"product_tag":[],"class_list":{"0":"post-341765","1":"product","2":"type-product","3":"status-publish","4":"has-post-thumbnail","6":"product_cat-kehahooldus","7":"product_cat-tervisekaubad","8":"product_cat-enesehooldus","10":"first","11":"instock","12":"sale","13":"taxable","14":"shipping-taxable","15":"purchasable","16":"product-type-simple"},"supplier_id":null,"supplier_sku":"","barcode":null,"atum_controlled":true,"out_stock_date":null,"out_stock_threshold":null,"inheritable":false,"inbound_stock":0,"stock_on_hold":24,"sold_today":31,"sales_last_days":176,"reserved_stock":0,"customer_returns":0,"warehouse_damage":0,"lost_in_post":0,"other_logs":0,"out_stock_days":0,"lost_sales":0,"has_location":false,"update_date":"2026-02-12T15:22:46","atum_locations":[],"atum_stock_status":"instock","restock_status":true,"low_stock_amount":"","sales_update_date":"2026-02-12T15:22:37","calc_backorders":null,"acf":[],"_links":{"self":[{"href":"https:\/\/vbd.dev.sumena.ee\/lv\/wp-json\/wp\/v2\/product\/341765","targetHints":{"allow":["GET"]}}],"collection":[{"href":"https:\/\/vbd.dev.sumena.ee\/lv\/wp-json\/wp\/v2\/product"}],"about":[{"href":"https:\/\/vbd.dev.sumena.ee\/lv\/wp-json\/wp\/v2\/types\/product"}],"replies":[{"embeddable":true,"href":"https:\/\/vbd.dev.sumena.ee\/lv\/wp-json\/wp\/v2\/comments?post=341765"}],"wp:featuredmedia":[{"embeddable":true,"href":"https:\/\/vbd.dev.sumena.ee\/lv\/wp-json\/wp\/v2\/media\/341766"}],"wp:attachment":[{"href":"https:\/\/vbd.dev.sumena.ee\/lv\/wp-json\/wp\/v2\/media?parent=341765"}],"wp:term":[{"taxonomy":"product_brand","embeddable":true,"href":"https:\/\/vbd.dev.sumena.ee\/lv\/wp-json\/wp\/v2\/product_brand?post=341765"},{"taxonomy":"product_cat","embeddable":true,"href":"https:\/\/vbd.dev.sumena.ee\/lv\/wp-json\/wp\/v2\/product_cat?post=341765"},{"taxonomy":"product_tag","embeddable":true,"href":"https:\/\/vbd.dev.sumena.ee\/lv\/wp-json\/wp\/v2\/product_tag?post=341765"}],"curies":[{"name":"wp","href":"https:\/\/api.w.org\/{rel}","templated":true}]}}