{"id":341460,"date":"2026-01-20T13:58:03","date_gmt":"2026-01-20T10:58:03","guid":{"rendered":"https:\/\/vbd.dev.sumena.ee\/?post_type=product&#038;p=341460"},"modified":"2026-02-12T17:32:14","modified_gmt":"2026-02-12T14:32:14","slug":"sokolaadibatoon-reeses-overload-42g","status":"publish","type":"product","link":"https:\/\/vbd.dev.sumena.ee\/lv\/products-2\/sokolaadibatoon-reeses-overload-42g\/","title":{"rendered":"\u0160okol\u0101des t\u0101fel\u012bte Reese's Overload 42g"},"content":{"rendered":"<p data-start=\"61\" data-end=\"374\"><strong data-start=\"61\" data-end=\"77\">Sast\u0101vda\u013cas:<\/strong><br data-start=\"77\" data-end=\"80\" \/>\u0160okolaadikate (45%) (suhkur, taime\u00f5lid, kakaov\u00f5i, kakaomass, <strong data-start=\"141\" data-end=\"149\">piens<\/strong>, emulgaator <strong data-start=\"162\" data-end=\"170\">soju<\/strong>), maap\u00e4hkliv\u00f5it\u00e4idis (21%) (<strong data-start=\"199\" data-end=\"213\">zemesrieksti<\/strong>, suhkur, taime\u00f5lid, <strong data-start=\"234\" data-end=\"242\" data-is-only-node=\"\">soju<\/strong>), pretzelid (18%) (<strong data-start=\"262\" data-end=\"284\">nisujahu (gluteen)<\/strong>, taime\u00f5li, sool, p\u00e4rm), karamell (11%) (suhkur, <strong data-start=\"333\" data-end=\"341\">piens<\/strong>, taime\u00f5li), <strong data-start=\"354\" data-end=\"368\">zemesrieksti<\/strong> (5%).<\/p>\n<p data-start=\"376\" data-end=\"450\"><strong data-start=\"376\" data-end=\"392\">Alerg\u0113ni<\/strong> sisaldab <strong data-start=\"402\" data-end=\"449\">piima, maap\u00e4hkleid, nisu (gluteeni) ja soja<\/strong>.<\/p>","protected":false},"excerpt":{"rendered":"<p>Koostisosad:\u0160okolaadikate (45%) (suhkur, taime\u00f5lid, kakaov\u00f5i, kakaomass, piim, emulgaator soja), maap\u00e4hkliv\u00f5it\u00e4idis (21%) (maap\u00e4hklid, suhkur, taime\u00f5lid, soja), pretzelid (18%) (nisujahu (gluteen), taime\u00f5li, sool, p\u00e4rm), karamell (11%) (suhkur, piim, taime\u00f5li), maap\u00e4hklid (5%). Allergeenid: sisaldab piima, maap\u00e4hkleid, nisu (gluteeni) ja soja.<\/p>","protected":false},"featured_media":341463,"comment_status":"open","ping_status":"closed","template":"","meta":{"_acf_changed":false},"product_brand":[],"product_cat":[87,77,85],"product_tag":[],"class_list":{"0":"post-341460","1":"product","2":"type-product","3":"status-publish","4":"has-post-thumbnail","6":"product_cat-meie-lemmikud","7":"product_cat-maiustused","8":"product_cat-batoonid","10":"first","11":"instock","12":"sale","13":"taxable","14":"shipping-taxable","15":"purchasable","16":"product-type-simple"},"supplier_id":null,"supplier_sku":"","barcode":null,"atum_controlled":true,"out_stock_date":null,"out_stock_threshold":null,"inheritable":false,"inbound_stock":0,"stock_on_hold":96,"sold_today":133,"sales_last_days":2298,"reserved_stock":0,"customer_returns":0,"warehouse_damage":0,"lost_in_post":0,"other_logs":0,"out_stock_days":0,"lost_sales":0,"has_location":false,"update_date":"2026-02-12T15:47:12","atum_locations":[],"atum_stock_status":"instock","restock_status":false,"low_stock_amount":"","sales_update_date":"2026-02-12T15:47:03","calc_backorders":null,"acf":[],"_links":{"self":[{"href":"https:\/\/vbd.dev.sumena.ee\/lv\/wp-json\/wp\/v2\/product\/341460","targetHints":{"allow":["GET"]}}],"collection":[{"href":"https:\/\/vbd.dev.sumena.ee\/lv\/wp-json\/wp\/v2\/product"}],"about":[{"href":"https:\/\/vbd.dev.sumena.ee\/lv\/wp-json\/wp\/v2\/types\/product"}],"replies":[{"embeddable":true,"href":"https:\/\/vbd.dev.sumena.ee\/lv\/wp-json\/wp\/v2\/comments?post=341460"}],"wp:featuredmedia":[{"embeddable":true,"href":"https:\/\/vbd.dev.sumena.ee\/lv\/wp-json\/wp\/v2\/media\/341463"}],"wp:attachment":[{"href":"https:\/\/vbd.dev.sumena.ee\/lv\/wp-json\/wp\/v2\/media?parent=341460"}],"wp:term":[{"taxonomy":"product_brand","embeddable":true,"href":"https:\/\/vbd.dev.sumena.ee\/lv\/wp-json\/wp\/v2\/product_brand?post=341460"},{"taxonomy":"product_cat","embeddable":true,"href":"https:\/\/vbd.dev.sumena.ee\/lv\/wp-json\/wp\/v2\/product_cat?post=341460"},{"taxonomy":"product_tag","embeddable":true,"href":"https:\/\/vbd.dev.sumena.ee\/lv\/wp-json\/wp\/v2\/product_tag?post=341460"}],"curies":[{"name":"wp","href":"https:\/\/api.w.org\/{rel}","templated":true}]}}