{"id":341455,"date":"2025-12-18T13:50:23","date_gmt":"2025-12-18T10:50:23","guid":{"rendered":"https:\/\/vbd.dev.sumena.ee\/?post_type=product&#038;p=341455"},"modified":"2026-02-12T16:10:00","modified_gmt":"2026-02-12T13:10:00","slug":"sokolaadikorvid-maapahklikreemiga-reeses-king-size-79g","status":"publish","type":"product","link":"https:\/\/vbd.dev.sumena.ee\/lv\/products-2\/sokolaadikorvid-maapahklikreemiga-reeses-king-size-79g\/","title":{"rendered":"\u0160okol\u0101des grozi\u0146i ar zemesriekstu sviestu REESE\u2019S King Size 79g"},"content":{"rendered":"<p>Sast\u0101vs:<\/p>\n<p>Suhkur, maap\u00e4hklid, kakaov\u00f5i, kakaomass, dekstroos, l\u00f5ssipulber, piimarasv, laktoos (piim), sool, emulgaatorid (sojaletsitiin, E476), antioks\u00fcdant (E319), happesuse regulaator (E330). Piima\u0161okolaad sisaldab: kakaokuivaine, min 25%.<\/p>","protected":false},"excerpt":{"rendered":"<p>Koostis: Suhkur, maap\u00e4hklid, kakaov\u00f5i, kakaomass, dekstroos, l\u00f5ssipulber, piimarasv, laktoos (piim), sool, emulgaatorid (sojaletsitiin, E476), antioks\u00fcdant (E319), happesuse regulaator (E330). Piima\u0161okolaad sisaldab: kakaokuivaine, min 25%.<\/p>","protected":false},"featured_media":341459,"comment_status":"open","ping_status":"closed","template":"","meta":{"_acf_changed":false},"product_brand":[],"product_cat":[77,84],"product_tag":[],"class_list":{"0":"post-341455","1":"product","2":"type-product","3":"status-publish","4":"has-post-thumbnail","6":"product_cat-maiustused","7":"product_cat-sokolaad","9":"first","10":"instock","11":"sale","12":"taxable","13":"shipping-taxable","14":"purchasable","15":"product-type-simple"},"supplier_id":null,"supplier_sku":"","barcode":null,"atum_controlled":true,"out_stock_date":null,"out_stock_threshold":null,"inheritable":false,"inbound_stock":0,"stock_on_hold":66,"sold_today":102,"sales_last_days":782,"reserved_stock":0,"customer_returns":0,"warehouse_damage":0,"lost_in_post":0,"other_logs":0,"out_stock_days":0,"lost_sales":0,"has_location":false,"update_date":"2026-02-12T14:30:16","atum_locations":[],"atum_stock_status":"instock","restock_status":false,"low_stock_amount":"","sales_update_date":"2026-02-12T14:30:07","calc_backorders":null,"acf":[],"_links":{"self":[{"href":"https:\/\/vbd.dev.sumena.ee\/lv\/wp-json\/wp\/v2\/product\/341455","targetHints":{"allow":["GET"]}}],"collection":[{"href":"https:\/\/vbd.dev.sumena.ee\/lv\/wp-json\/wp\/v2\/product"}],"about":[{"href":"https:\/\/vbd.dev.sumena.ee\/lv\/wp-json\/wp\/v2\/types\/product"}],"replies":[{"embeddable":true,"href":"https:\/\/vbd.dev.sumena.ee\/lv\/wp-json\/wp\/v2\/comments?post=341455"}],"wp:featuredmedia":[{"embeddable":true,"href":"https:\/\/vbd.dev.sumena.ee\/lv\/wp-json\/wp\/v2\/media\/341459"}],"wp:attachment":[{"href":"https:\/\/vbd.dev.sumena.ee\/lv\/wp-json\/wp\/v2\/media?parent=341455"}],"wp:term":[{"taxonomy":"product_brand","embeddable":true,"href":"https:\/\/vbd.dev.sumena.ee\/lv\/wp-json\/wp\/v2\/product_brand?post=341455"},{"taxonomy":"product_cat","embeddable":true,"href":"https:\/\/vbd.dev.sumena.ee\/lv\/wp-json\/wp\/v2\/product_cat?post=341455"},{"taxonomy":"product_tag","embeddable":true,"href":"https:\/\/vbd.dev.sumena.ee\/lv\/wp-json\/wp\/v2\/product_tag?post=341455"}],"curies":[{"name":"wp","href":"https:\/\/api.w.org\/{rel}","templated":true}]}}