{"id":341453,"date":"2025-12-18T13:38:23","date_gmt":"2025-12-18T10:38:23","guid":{"rendered":"https:\/\/vbd.dev.sumena.ee\/?post_type=product&#038;p=341453"},"modified":"2026-02-12T18:23:19","modified_gmt":"2026-02-12T15:23:19","slug":"kupsised-tuc-soolaga-100g","status":"publish","type":"product","link":"https:\/\/vbd.dev.sumena.ee\/lv\/products-2\/kupsised-tuc-soolaga-100g\/","title":{"rendered":"Cepumi TUC ar s\u0101li 100g"},"content":{"rendered":"<div class=\"text\">\n<p>NISUJAHU, p\u00e4evalille\u00f5li (17%), gl\u00fckoosi-fruktoosisiirup, ODRALINNASEEKSTRAKT, kergitusained (ammooniumkarbonaadid, naatriumkarbonaadid), sool (1,4%), MUNAD, l\u00f5hna- ja maitseaine, jahu parendaja (NAATRIUMMETABISULFIT)<\/p>\n<\/div>","protected":false},"excerpt":{"rendered":"<p>NISUJAHU, p\u00e4evalille\u00f5li (17%), gl\u00fckoosi-fruktoosisiirup, ODRALINNASEEKSTRAKT, kergitusained (ammooniumkarbonaadid, naatriumkarbonaadid), sool (1,4%), MUNAD, l\u00f5hna- ja maitseaine, jahu parendaja (NAATRIUMMETABISULFIT)<\/p>","protected":false},"featured_media":341454,"comment_status":"open","ping_status":"closed","template":"","meta":{"_acf_changed":false},"product_brand":[],"product_cat":[117,80],"product_tag":[],"class_list":{"0":"post-341453","1":"product","2":"type-product","3":"status-publish","4":"has-post-thumbnail","6":"product_cat-kupsised","7":"product_cat-snakid","9":"first","10":"instock","11":"sale","12":"taxable","13":"shipping-taxable","14":"purchasable","15":"product-type-simple"},"supplier_id":null,"supplier_sku":"","barcode":null,"atum_controlled":true,"out_stock_date":null,"out_stock_threshold":null,"inheritable":false,"inbound_stock":0,"stock_on_hold":15,"sold_today":28,"sales_last_days":577,"reserved_stock":0,"customer_returns":0,"warehouse_damage":0,"lost_in_post":0,"other_logs":0,"out_stock_days":0,"lost_sales":0,"has_location":false,"update_date":"2026-02-12T15:26:53","atum_locations":[],"atum_stock_status":"instock","restock_status":false,"low_stock_amount":"","sales_update_date":"2026-02-12T15:26:44","calc_backorders":null,"acf":[],"_links":{"self":[{"href":"https:\/\/vbd.dev.sumena.ee\/lv\/wp-json\/wp\/v2\/product\/341453","targetHints":{"allow":["GET"]}}],"collection":[{"href":"https:\/\/vbd.dev.sumena.ee\/lv\/wp-json\/wp\/v2\/product"}],"about":[{"href":"https:\/\/vbd.dev.sumena.ee\/lv\/wp-json\/wp\/v2\/types\/product"}],"replies":[{"embeddable":true,"href":"https:\/\/vbd.dev.sumena.ee\/lv\/wp-json\/wp\/v2\/comments?post=341453"}],"wp:featuredmedia":[{"embeddable":true,"href":"https:\/\/vbd.dev.sumena.ee\/lv\/wp-json\/wp\/v2\/media\/341454"}],"wp:attachment":[{"href":"https:\/\/vbd.dev.sumena.ee\/lv\/wp-json\/wp\/v2\/media?parent=341453"}],"wp:term":[{"taxonomy":"product_brand","embeddable":true,"href":"https:\/\/vbd.dev.sumena.ee\/lv\/wp-json\/wp\/v2\/product_brand?post=341453"},{"taxonomy":"product_cat","embeddable":true,"href":"https:\/\/vbd.dev.sumena.ee\/lv\/wp-json\/wp\/v2\/product_cat?post=341453"},{"taxonomy":"product_tag","embeddable":true,"href":"https:\/\/vbd.dev.sumena.ee\/lv\/wp-json\/wp\/v2\/product_tag?post=341453"}],"curies":[{"name":"wp","href":"https:\/\/api.w.org\/{rel}","templated":true}]}}