{"id":341249,"date":"2025-12-17T17:53:32","date_gmt":"2025-12-17T14:53:32","guid":{"rendered":"https:\/\/vbd.dev.sumena.ee\/?post_type=product&#038;p=341249"},"modified":"2026-02-12T01:24:50","modified_gmt":"2026-02-11T22:24:50","slug":"ketsup-heinz-hapukurgimaitseline-400ml","status":"publish","type":"product","link":"https:\/\/vbd.dev.sumena.ee\/lv\/products-2\/ketsup-heinz-hapukurgimaitseline-400ml\/","title":{"rendered":"Ke\u010dups HEINZ marin\u0113tu gur\u0137u gar\u0161a 400ml"},"content":{"rendered":"<h4 class=\"font-light text-xl mb-3\">Sast\u0101vs<\/h4>\n<div class=\"text-sm\">Tomatid (148g 100g ket\u0161upi kohta), \u00e4\u00e4dikas, suhkur, sool, naturaalne tillimaitse, sibula pulber, v\u00fcrtsi- ja \u00fcrdiekstraktid (sisaldab SELLERit), v\u00fcrts, looduslik l\u00f5hna- ja maitseaine* Toote koostisosade loetelu v\u00f5ib muutuda. Kontrollige enne toote tarbimist pakendil esitatud koostisosi.<\/div>","protected":false},"excerpt":{"rendered":"<p>Koostisosad Tomatid (148g 100g ket\u0161upi kohta), \u00e4\u00e4dikas, suhkur, sool, naturaalne tillimaitse, sibula pulber, v\u00fcrtsi- ja \u00fcrdiekstraktid (sisaldab SELLERit), v\u00fcrts, looduslik l\u00f5hna- ja maitseaine* Toote koostisosade loetelu v\u00f5ib muutuda. Kontrollige enne toote tarbimist pakendil esitatud koostisosi.<\/p>","protected":false},"featured_media":341250,"comment_status":"open","ping_status":"closed","template":"","meta":{"_acf_changed":false},"product_brand":[],"product_cat":[83],"product_tag":[],"class_list":{"0":"post-341249","1":"product","2":"type-product","3":"status-publish","4":"has-post-thumbnail","6":"product_cat-kastmed-olid","8":"first","9":"instock","10":"sale","11":"taxable","12":"shipping-taxable","13":"purchasable","14":"product-type-simple"},"supplier_id":null,"supplier_sku":"","barcode":null,"atum_controlled":true,"out_stock_date":null,"out_stock_threshold":null,"inheritable":false,"inbound_stock":0,"stock_on_hold":14,"sold_today":11,"sales_last_days":98,"reserved_stock":0,"customer_returns":0,"warehouse_damage":0,"lost_in_post":0,"other_logs":0,"out_stock_days":0,"lost_sales":0,"has_location":false,"update_date":"2026-02-12T15:50:21","atum_locations":[],"atum_stock_status":"instock","restock_status":false,"low_stock_amount":"","sales_update_date":"2026-02-12T15:50:11","calc_backorders":null,"acf":[],"_links":{"self":[{"href":"https:\/\/vbd.dev.sumena.ee\/lv\/wp-json\/wp\/v2\/product\/341249","targetHints":{"allow":["GET"]}}],"collection":[{"href":"https:\/\/vbd.dev.sumena.ee\/lv\/wp-json\/wp\/v2\/product"}],"about":[{"href":"https:\/\/vbd.dev.sumena.ee\/lv\/wp-json\/wp\/v2\/types\/product"}],"replies":[{"embeddable":true,"href":"https:\/\/vbd.dev.sumena.ee\/lv\/wp-json\/wp\/v2\/comments?post=341249"}],"wp:featuredmedia":[{"embeddable":true,"href":"https:\/\/vbd.dev.sumena.ee\/lv\/wp-json\/wp\/v2\/media\/341250"}],"wp:attachment":[{"href":"https:\/\/vbd.dev.sumena.ee\/lv\/wp-json\/wp\/v2\/media?parent=341249"}],"wp:term":[{"taxonomy":"product_brand","embeddable":true,"href":"https:\/\/vbd.dev.sumena.ee\/lv\/wp-json\/wp\/v2\/product_brand?post=341249"},{"taxonomy":"product_cat","embeddable":true,"href":"https:\/\/vbd.dev.sumena.ee\/lv\/wp-json\/wp\/v2\/product_cat?post=341249"},{"taxonomy":"product_tag","embeddable":true,"href":"https:\/\/vbd.dev.sumena.ee\/lv\/wp-json\/wp\/v2\/product_tag?post=341249"}],"curies":[{"name":"wp","href":"https:\/\/api.w.org\/{rel}","templated":true}]}}