{"id":341222,"date":"2025-12-17T16:59:27","date_gmt":"2025-12-17T13:59:27","guid":{"rendered":"https:\/\/vbd.dev.sumena.ee\/?post_type=product&#038;p=341222"},"modified":"2026-02-12T12:09:46","modified_gmt":"2026-02-12T09:09:46","slug":"barbecue-kaste-heinz-korea-stiilis-220ml","status":"publish","type":"product","link":"https:\/\/vbd.dev.sumena.ee\/lv\/products-2\/barbecue-kaste-heinz-korea-stiilis-220ml\/","title":{"rendered":"HEINZ korejie\u0161u b\u0101rbekj\u016b m\u0113rce 220ml"},"content":{"rendered":"<p><strong data-start=\"125\" data-end=\"141\">Sast\u0101vda\u013cas:<\/strong><br data-start=\"141\" data-end=\"144\" \/>Suhkur, vesi, piiritus\u00e4\u00e4dikas, melass, <strong data-start=\"183\" data-end=\"196\">sojakaste<\/strong> 5,5% (vesi, <strong data-start=\"209\" data-end=\"220\">sojaoad<\/strong>, <strong data-start=\"222\" data-end=\"230\" data-is-only-node=\"\">kvie\u0161u<\/strong>, sool), k\u00fc\u00fcslauk, modifitseeritud maisit\u00e4rklis, praetud sibul 2,0% (sibul, palmi\u00f5li, <strong data-start=\"316\" data-end=\"328\">kvie\u0161u milti)<\/strong>, sool), sibul 0,4%, v\u00e4rvaine (tavaline karamell), p\u00e4rmiekstrakt, v\u00fcrtsid, paksendaja (ksantaankummi), t\u0161illi.<\/p>","protected":false},"excerpt":{"rendered":"<p>Koostisosad:Suhkur, vesi, piiritus\u00e4\u00e4dikas, melass, sojakaste 5,5% (vesi, sojaoad, nisu, sool), k\u00fc\u00fcslauk, modifitseeritud maisit\u00e4rklis, praetud sibul 2,0% (sibul, palmi\u00f5li, nisujahu, sool), sibul 0,4%, v\u00e4rvaine (tavaline karamell), p\u00e4rmiekstrakt, v\u00fcrtsid, paksendaja (ksantaankummi), t\u0161illi.<\/p>","protected":false},"featured_media":341229,"comment_status":"open","ping_status":"closed","template":"","meta":{"_acf_changed":false},"product_brand":[],"product_cat":[83],"product_tag":[],"class_list":{"0":"post-341222","1":"product","2":"type-product","3":"status-publish","4":"has-post-thumbnail","6":"product_cat-kastmed-olid","8":"first","9":"instock","10":"sale","11":"taxable","12":"shipping-taxable","13":"purchasable","14":"product-type-simple"},"supplier_id":null,"supplier_sku":"","barcode":null,"atum_controlled":true,"out_stock_date":null,"out_stock_threshold":null,"inheritable":false,"inbound_stock":0,"stock_on_hold":16,"sold_today":18,"sales_last_days":186,"reserved_stock":0,"customer_returns":0,"warehouse_damage":0,"lost_in_post":0,"other_logs":0,"out_stock_days":0,"lost_sales":0,"has_location":false,"update_date":"2026-02-12T13:45:46","atum_locations":[],"atum_stock_status":"instock","restock_status":false,"low_stock_amount":"","sales_update_date":"2026-02-12T13:45:37","calc_backorders":null,"acf":[],"_links":{"self":[{"href":"https:\/\/vbd.dev.sumena.ee\/lv\/wp-json\/wp\/v2\/product\/341222","targetHints":{"allow":["GET"]}}],"collection":[{"href":"https:\/\/vbd.dev.sumena.ee\/lv\/wp-json\/wp\/v2\/product"}],"about":[{"href":"https:\/\/vbd.dev.sumena.ee\/lv\/wp-json\/wp\/v2\/types\/product"}],"replies":[{"embeddable":true,"href":"https:\/\/vbd.dev.sumena.ee\/lv\/wp-json\/wp\/v2\/comments?post=341222"}],"wp:featuredmedia":[{"embeddable":true,"href":"https:\/\/vbd.dev.sumena.ee\/lv\/wp-json\/wp\/v2\/media\/341229"}],"wp:attachment":[{"href":"https:\/\/vbd.dev.sumena.ee\/lv\/wp-json\/wp\/v2\/media?parent=341222"}],"wp:term":[{"taxonomy":"product_brand","embeddable":true,"href":"https:\/\/vbd.dev.sumena.ee\/lv\/wp-json\/wp\/v2\/product_brand?post=341222"},{"taxonomy":"product_cat","embeddable":true,"href":"https:\/\/vbd.dev.sumena.ee\/lv\/wp-json\/wp\/v2\/product_cat?post=341222"},{"taxonomy":"product_tag","embeddable":true,"href":"https:\/\/vbd.dev.sumena.ee\/lv\/wp-json\/wp\/v2\/product_tag?post=341222"}],"curies":[{"name":"wp","href":"https:\/\/api.w.org\/{rel}","templated":true}]}}