{"id":339645,"date":"2026-02-02T20:10:01","date_gmt":"2026-02-02T17:10:01","guid":{"rendered":"https:\/\/vbd.dev.sumena.ee\/?post_type=product&#038;p=339645"},"modified":"2026-02-12T13:00:52","modified_gmt":"2026-02-12T10:00:52","slug":"kartulikropsud-pringles-hot-flamin-cheese-160-g","status":"publish","type":"product","link":"https:\/\/vbd.dev.sumena.ee\/lv\/products-2\/kartulikropsud-pringles-hot-flamin-cheese-160-g\/","title":{"rendered":"Kartupe\u013cu \u010dipsi PRINGLES Hot Flamin\u2019 Cheese, 160 g"},"content":{"rendered":"<h3 class=\"izDEqE llpRim gZSiXk kvXNxI lgoqEg fygOE ijAptY\">Sast\u0101vs<\/h3>\n<div class=\"sc-57154a31-2 iJVmTs\">\n<p>\u017d\u0101v\u0113ti kartupe\u013ci, saulespu\u0137u e\u013c\u013ca, kvie\u0161u milti, kukur\u016bzas milti, r\u012bsu milti, siera un \u010dili gar\u0161vielu mais\u012bjums (laktoze {PIENS}, kondens\u0113tais piena pulveris {PIENS}, gar\u0161vielas, s\u0101ls, gar\u0161as pastiprin\u0101t\u0101ji {monon\u0101trija glutam\u0101ts, din\u0101trija 5\u2032-ribonukleot\u012bdi}, k\u0101lija hlor\u012bds, dekstroze, siera pulveris {PIENS}, cukurs, gar\u0161vielas {\u010dili, baltais pipars}, \u0137iploku pulveris, sk\u0101buma regulators {piensk\u0101be}, rauga ekstrakts, sk\u0101buma regulators {kalcija lakt\u0101ts}, maltodekstr\u012bns, saulespu\u0137u e\u013c\u013ca, kukur\u016bzas ciete, kr\u0101sviela {paprika}), maltodekstr\u012bns, emulgators (E471), kr\u0101sviela (annatto-norbiksi indekss). Satur pienu un kvie\u0161us. Var satur\u0113t soju.<\/p>\n<\/div>","protected":false},"excerpt":{"rendered":"<p>Koostisosad Kuivatatud kartul, p\u00e4evalille\u00f5li, NISUjahu, maisijahu, riisijahu, juustu ja t\u0161illi maitseaine (laktoos {PIIM}, petipulber {PIIM}, ma itseained, sool, maitsetugevdajad {mononaatriumglutamaat, dinaatrium 5&#8242;-ribonukleotiidid}, kaaliumkloriid , dekstroos, juustupulber {PIIM}, suhkur, v\u00fcrtsid {t\u0161illi, valge pipar}, k\u00fc\u00fcslaugupulber, hape {piimhape}, p\u00e4rmiekstrakt, happesuse regulaator {kaltsiumlaktaa t}, maltodekstriin, p\u00e4evalille\u00f5li, maisit\u00e4rklis, v\u00e4rvaine {paprika} ), maltodekstriin, emulgaator (E471), v\u00e4rvaine (annatto-norbiksi in). Sisaldab piima, nisu. [&hellip;]<\/p>","protected":false},"featured_media":339646,"comment_status":"open","ping_status":"closed","template":"","meta":{"_acf_changed":false},"product_brand":[],"product_cat":[80,81],"product_tag":[],"class_list":{"0":"post-339645","1":"product","2":"type-product","3":"status-publish","4":"has-post-thumbnail","6":"product_cat-snakid","7":"product_cat-kropsud","9":"first","10":"instock","11":"sale","12":"taxable","13":"shipping-taxable","14":"purchasable","15":"product-type-simple"},"supplier_id":null,"supplier_sku":"","barcode":null,"atum_controlled":true,"out_stock_date":null,"out_stock_threshold":null,"inheritable":false,"inbound_stock":0,"stock_on_hold":11,"sold_today":6,"sales_last_days":169,"reserved_stock":0,"customer_returns":0,"warehouse_damage":0,"lost_in_post":0,"other_logs":0,"out_stock_days":0,"lost_sales":0,"has_location":false,"update_date":"2026-02-12T15:26:46","atum_locations":[],"atum_stock_status":"instock","restock_status":false,"low_stock_amount":"","sales_update_date":"2026-02-12T15:26:36","calc_backorders":null,"acf":[],"_links":{"self":[{"href":"https:\/\/vbd.dev.sumena.ee\/lv\/wp-json\/wp\/v2\/product\/339645","targetHints":{"allow":["GET"]}}],"collection":[{"href":"https:\/\/vbd.dev.sumena.ee\/lv\/wp-json\/wp\/v2\/product"}],"about":[{"href":"https:\/\/vbd.dev.sumena.ee\/lv\/wp-json\/wp\/v2\/types\/product"}],"replies":[{"embeddable":true,"href":"https:\/\/vbd.dev.sumena.ee\/lv\/wp-json\/wp\/v2\/comments?post=339645"}],"wp:featuredmedia":[{"embeddable":true,"href":"https:\/\/vbd.dev.sumena.ee\/lv\/wp-json\/wp\/v2\/media\/339646"}],"wp:attachment":[{"href":"https:\/\/vbd.dev.sumena.ee\/lv\/wp-json\/wp\/v2\/media?parent=339645"}],"wp:term":[{"taxonomy":"product_brand","embeddable":true,"href":"https:\/\/vbd.dev.sumena.ee\/lv\/wp-json\/wp\/v2\/product_brand?post=339645"},{"taxonomy":"product_cat","embeddable":true,"href":"https:\/\/vbd.dev.sumena.ee\/lv\/wp-json\/wp\/v2\/product_cat?post=339645"},{"taxonomy":"product_tag","embeddable":true,"href":"https:\/\/vbd.dev.sumena.ee\/lv\/wp-json\/wp\/v2\/product_tag?post=339645"}],"curies":[{"name":"wp","href":"https:\/\/api.w.org\/{rel}","templated":true}]}}