{"id":338878,"date":"2025-12-10T22:58:49","date_gmt":"2025-12-10T19:58:49","guid":{"rendered":"https:\/\/vbd.dev.sumena.ee\/?post_type=product&#038;p=338878"},"modified":"2026-02-12T18:07:30","modified_gmt":"2026-02-12T15:07:30","slug":"koogiviljapuljong-knorr-8x4l","status":"publish","type":"product","link":"https:\/\/vbd.dev.sumena.ee\/lv\/products-2\/koogiviljapuljong-knorr-8x4l\/","title":{"rendered":"D\u0101rze\u0146u buljons KNORR 112g"},"content":{"rendered":"<p>Knorri k\u00f6\u00f6giviljapuljong on valmistatud kvaliteetsetest koostisosadest. Fond\u00fc\u00fcst saab teha puljongit v\u00f5i lisada seda otse toidule, et r\u00f5hutada toidu loomulikke maitseid. Proovi seda kastmetes, suppides ja hautistes, aga ka riisi- v\u00f5i pastakeeduvees.<\/p>\n<h4>Sast\u0101vs<\/h4>\n<p>vesi, sool, porgand (7,5%), palmi\u00f5li, suhkur, porrulauk (5%), p\u00e4rmiekstrakt, punane pipar (2%), tarretavad ained: ksantaankummi, jaanikaunapulber; l\u00f5hna- ja maitseained, SELLERISEEMNED , liivatee juur, muskaatp\u00e4hkel , pipar, petersellilehed (0,2%), SELLER, karamellisiirup, maltodekstriin.<\/p>","protected":false},"excerpt":{"rendered":"<p>Knorri k\u00f6\u00f6giviljapuljong on valmistatud kvaliteetsetest koostisosadest. Fond\u00fc\u00fcst saab teha puljongit v\u00f5i lisada seda otse toidule, et r\u00f5hutada toidu loomulikke maitseid. Proovi seda kastmetes, suppides ja hautistes, aga ka riisi- v\u00f5i pastakeeduvees. Koostisosad vesi, sool, porgand (7,5%), palmi\u00f5li, suhkur, porrulauk (5%), p\u00e4rmiekstrakt, punane pipar (2%), tarretavad ained: ksantaankummi, jaanikaunapulber; l\u00f5hna- ja maitseained, SELLERISEEMNED , liivatee juur, [&hellip;]<\/p>","protected":false},"featured_media":338895,"comment_status":"open","ping_status":"closed","template":"","meta":{"_acf_changed":false},"product_brand":[],"product_cat":[184,183],"product_tag":[],"class_list":{"0":"post-338878","1":"product","2":"type-product","3":"status-publish","4":"has-post-thumbnail","6":"product_cat-konservid-moosid","7":"product_cat-maitseained","9":"first","10":"instock","11":"sale","12":"taxable","13":"shipping-taxable","14":"purchasable","15":"product-type-simple"},"supplier_id":null,"supplier_sku":"","barcode":null,"atum_controlled":true,"out_stock_date":null,"out_stock_threshold":null,"inheritable":false,"inbound_stock":0,"stock_on_hold":19,"sold_today":12,"sales_last_days":287,"reserved_stock":0,"customer_returns":0,"warehouse_damage":0,"lost_in_post":0,"other_logs":0,"out_stock_days":0,"lost_sales":0,"has_location":false,"update_date":"2026-02-12T15:09:55","atum_locations":[],"atum_stock_status":"instock","restock_status":false,"low_stock_amount":"","sales_update_date":"2026-02-12T15:09:46","calc_backorders":null,"acf":[],"_links":{"self":[{"href":"https:\/\/vbd.dev.sumena.ee\/lv\/wp-json\/wp\/v2\/product\/338878","targetHints":{"allow":["GET"]}}],"collection":[{"href":"https:\/\/vbd.dev.sumena.ee\/lv\/wp-json\/wp\/v2\/product"}],"about":[{"href":"https:\/\/vbd.dev.sumena.ee\/lv\/wp-json\/wp\/v2\/types\/product"}],"replies":[{"embeddable":true,"href":"https:\/\/vbd.dev.sumena.ee\/lv\/wp-json\/wp\/v2\/comments?post=338878"}],"wp:featuredmedia":[{"embeddable":true,"href":"https:\/\/vbd.dev.sumena.ee\/lv\/wp-json\/wp\/v2\/media\/338895"}],"wp:attachment":[{"href":"https:\/\/vbd.dev.sumena.ee\/lv\/wp-json\/wp\/v2\/media?parent=338878"}],"wp:term":[{"taxonomy":"product_brand","embeddable":true,"href":"https:\/\/vbd.dev.sumena.ee\/lv\/wp-json\/wp\/v2\/product_brand?post=338878"},{"taxonomy":"product_cat","embeddable":true,"href":"https:\/\/vbd.dev.sumena.ee\/lv\/wp-json\/wp\/v2\/product_cat?post=338878"},{"taxonomy":"product_tag","embeddable":true,"href":"https:\/\/vbd.dev.sumena.ee\/lv\/wp-json\/wp\/v2\/product_tag?post=338878"}],"curies":[{"name":"wp","href":"https:\/\/api.w.org\/{rel}","templated":true}]}}