{"id":336961,"date":"2025-12-05T15:23:17","date_gmt":"2025-12-05T12:23:17","guid":{"rendered":"https:\/\/vbd.dev.sumena.ee\/?post_type=product&#038;p=336961"},"modified":"2026-02-12T04:25:37","modified_gmt":"2026-02-12T01:25:37","slug":"kohvioad-tode-caffebo-1kg","status":"publish","type":"product","link":"https:\/\/vbd.dev.sumena.ee\/lv\/products-2\/kohvioad-tode-caffebo-1kg\/","title":{"rendered":"Kafijas pupi\u0146as T\u00f5de, CAFFEBO, 1kg"},"content":{"rendered":"<p>100% Arabica. Paties\u012bba ir t\u0101da, ka jums ir nepiecie\u0161ams maigums, m\u012blest\u012bba un labest\u012bba. \u0160\u012b maig\u0101 tr\u012bsk\u0101r\u0161\u0101 saj\u016bta, p\u0113c kuras ilgojas Igaunij\u0101, \u0161aj\u0101 iepakojum\u0101 ir rad\u012bta, izmantojot atlas\u012btus kafijas mais\u012bjumus no Braz\u012blijas, Etiopijas un Gvatemalas.<\/p>","protected":false},"excerpt":{"rendered":"<p>100% Arabica. Paties\u012bba ir t\u0101da, ka jums ir nepiecie\u0161ams maigums, m\u012blest\u012bba un labest\u012bba. \u0160\u012b maig\u0101 tr\u012bsk\u0101r\u0161\u0101 saj\u016bta, p\u0113c kuras ilgojas Igaunij\u0101, \u0161aj\u0101 iepakojum\u0101 ir rad\u012bta, izmantojot atlas\u012btus kafijas mais\u012bjumus no Braz\u012blijas, Etiopijas un Gvatemalas.<\/p>","protected":false},"featured_media":336962,"comment_status":"open","ping_status":"closed","template":"","meta":{"_acf_changed":false},"product_brand":[],"product_cat":[163,79],"product_tag":[],"class_list":{"0":"post-336961","1":"product","2":"type-product","3":"status-publish","4":"has-post-thumbnail","6":"product_cat-kohv-tee","7":"product_cat-joogid","9":"first","10":"instock","11":"sale","12":"taxable","13":"shipping-taxable","14":"purchasable","15":"product-type-simple"},"supplier_id":null,"supplier_sku":"","barcode":null,"atum_controlled":true,"out_stock_date":null,"out_stock_threshold":null,"inheritable":false,"inbound_stock":0,"stock_on_hold":1,"sold_today":1,"sales_last_days":82,"reserved_stock":0,"customer_returns":0,"warehouse_damage":0,"lost_in_post":0,"other_logs":0,"out_stock_days":0,"lost_sales":0,"has_location":false,"update_date":"2026-02-12T12:19:37","atum_locations":[],"atum_stock_status":"instock","restock_status":false,"low_stock_amount":"","sales_update_date":"2026-02-12T12:19:28","calc_backorders":null,"acf":[],"_links":{"self":[{"href":"https:\/\/vbd.dev.sumena.ee\/lv\/wp-json\/wp\/v2\/product\/336961","targetHints":{"allow":["GET"]}}],"collection":[{"href":"https:\/\/vbd.dev.sumena.ee\/lv\/wp-json\/wp\/v2\/product"}],"about":[{"href":"https:\/\/vbd.dev.sumena.ee\/lv\/wp-json\/wp\/v2\/types\/product"}],"replies":[{"embeddable":true,"href":"https:\/\/vbd.dev.sumena.ee\/lv\/wp-json\/wp\/v2\/comments?post=336961"}],"wp:featuredmedia":[{"embeddable":true,"href":"https:\/\/vbd.dev.sumena.ee\/lv\/wp-json\/wp\/v2\/media\/336962"}],"wp:attachment":[{"href":"https:\/\/vbd.dev.sumena.ee\/lv\/wp-json\/wp\/v2\/media?parent=336961"}],"wp:term":[{"taxonomy":"product_brand","embeddable":true,"href":"https:\/\/vbd.dev.sumena.ee\/lv\/wp-json\/wp\/v2\/product_brand?post=336961"},{"taxonomy":"product_cat","embeddable":true,"href":"https:\/\/vbd.dev.sumena.ee\/lv\/wp-json\/wp\/v2\/product_cat?post=336961"},{"taxonomy":"product_tag","embeddable":true,"href":"https:\/\/vbd.dev.sumena.ee\/lv\/wp-json\/wp\/v2\/product_tag?post=336961"}],"curies":[{"name":"wp","href":"https:\/\/api.w.org\/{rel}","templated":true}]}}