{"id":336588,"date":"2025-12-04T12:07:07","date_gmt":"2025-12-04T09:07:07","guid":{"rendered":"https:\/\/vbd.dev.sumena.ee\/?post_type=product&#038;p=336588"},"modified":"2026-02-12T15:52:35","modified_gmt":"2026-02-12T12:52:35","slug":"piimasokolaad-oreo-kupsisega-milka-92g","status":"publish","type":"product","link":"https:\/\/vbd.dev.sumena.ee\/lv\/products-2\/piimasokolaad-oreo-kupsisega-milka-92g\/","title":{"rendered":"Piena \u0161okol\u0101de ar Oreo cepumu, MILKA, 92g"},"content":{"rendered":"<p class=\" translation-block\">Sast\u0101vda\u013cas: cukurs, KVIE\u0160U MILTI, kakao sviests, V\u0100JPIENA PULVERIS (NO PIENA), palmu tauki, kakao masa, s\u016bkalu pulveris (NO PIENA), PIENA TAUKI, kakao pulveris ar samazin\u0101tu tauku saturu (1,5%), glikozes-fruktozes s\u012brups, KVIE\u0160U CIETE, emulgatori (SOJAS LECIT\u012aNS, saulespu\u0137u lecit\u012bns), irdin\u0101t\u0101ji (k\u0101lija karbon\u0101ti, amonija karbon\u0101ti, n\u0101trija karbon\u0101ti), s\u0101ls, aromatiz\u0113t\u0101ji.<\/p>\n<p>Piena pild\u012bjums satur 7% v\u0101jpiena pulvera. VAR SATUR\u0112T RIEKSTUS.<\/p>\n<p><strong>Uzturv\u0113rt\u012bba uz 100 gramiem:<\/strong><\/p>\n<p>Ener\u0123\u0113tisk\u0101 v\u0113rt\u012bba 2168 kJ\/518 kcal<\/p>\n<p>Tauki 27 g, tostarp pies\u0101tin\u0101t\u0101s tauksk\u0101bes 16 g, og\u013chidr\u0101ti 61 g, tostarp cukuri 50 g, olbaltumvielas 5,7 g, s\u0101ls 0,51 g.<\/p>","protected":false},"excerpt":{"rendered":"<p>Koostisosad: Suhkur, NISUJAHU, kakaov\u00f5i, L\u00d5SSIPULBER (PIIMAST), palmirasv, kakaomass, vadakapulber (PIIMAST), PIIMARASV, v\u00e4hendatud rasvasisaldusega kakaopulber (1,5%), gl\u00fckoosifruktoosisiirup, NISUT\u00c4RKLIS, emulgaatorid (SOJALETSITIIN, p\u00e4evalilleletsitiin), kergitusained (kaaliumkarbonaadid, ammooniumkarbonaadid, naatriumkarbonaadid), sool, l\u00f5hna- ja maitseained. Piimat\u00e4idises 7%-line L\u00d5SSIPULBER. V\u00d5IB SISALDADA P\u00c4HKLEID. Toitumisalane teave 100 grammi kohta: Energiasisaldus 2168kJ\/518kcal Rasvad 27g, millest k\u00fcllastunud rasvhapped 16g, s\u00fcsivesikud 61g, millest suhkrud 50g, valgud 5,7g, sool [&hellip;]<\/p>","protected":false},"featured_media":336590,"comment_status":"open","ping_status":"closed","template":"","meta":{"_acf_changed":false},"product_brand":[],"product_cat":[77,84],"product_tag":[],"class_list":{"0":"post-336588","1":"product","2":"type-product","3":"status-publish","4":"has-post-thumbnail","6":"product_cat-maiustused","7":"product_cat-sokolaad","9":"first","10":"instock","11":"sale","12":"taxable","13":"shipping-taxable","14":"purchasable","15":"product-type-simple"},"supplier_id":null,"supplier_sku":"","barcode":null,"atum_controlled":true,"out_stock_date":null,"out_stock_threshold":null,"inheritable":false,"inbound_stock":0,"stock_on_hold":92,"sold_today":81,"sales_last_days":909,"reserved_stock":0,"customer_returns":0,"warehouse_damage":0,"lost_in_post":0,"other_logs":0,"out_stock_days":0,"lost_sales":0,"has_location":false,"update_date":"2026-02-12T14:53:06","atum_locations":[],"atum_stock_status":"instock","restock_status":true,"low_stock_amount":"","sales_update_date":"2026-02-12T14:52:56","calc_backorders":null,"acf":[],"_links":{"self":[{"href":"https:\/\/vbd.dev.sumena.ee\/lv\/wp-json\/wp\/v2\/product\/336588","targetHints":{"allow":["GET"]}}],"collection":[{"href":"https:\/\/vbd.dev.sumena.ee\/lv\/wp-json\/wp\/v2\/product"}],"about":[{"href":"https:\/\/vbd.dev.sumena.ee\/lv\/wp-json\/wp\/v2\/types\/product"}],"replies":[{"embeddable":true,"href":"https:\/\/vbd.dev.sumena.ee\/lv\/wp-json\/wp\/v2\/comments?post=336588"}],"wp:featuredmedia":[{"embeddable":true,"href":"https:\/\/vbd.dev.sumena.ee\/lv\/wp-json\/wp\/v2\/media\/336590"}],"wp:attachment":[{"href":"https:\/\/vbd.dev.sumena.ee\/lv\/wp-json\/wp\/v2\/media?parent=336588"}],"wp:term":[{"taxonomy":"product_brand","embeddable":true,"href":"https:\/\/vbd.dev.sumena.ee\/lv\/wp-json\/wp\/v2\/product_brand?post=336588"},{"taxonomy":"product_cat","embeddable":true,"href":"https:\/\/vbd.dev.sumena.ee\/lv\/wp-json\/wp\/v2\/product_cat?post=336588"},{"taxonomy":"product_tag","embeddable":true,"href":"https:\/\/vbd.dev.sumena.ee\/lv\/wp-json\/wp\/v2\/product_tag?post=336588"}],"curies":[{"name":"wp","href":"https:\/\/api.w.org\/{rel}","templated":true}]}}