{"id":336324,"date":"2026-02-11T18:44:18","date_gmt":"2026-02-11T15:44:18","guid":{"rendered":"https:\/\/vbd.dev.sumena.ee\/?post_type=product&#038;p=336324"},"modified":"2026-02-12T18:23:16","modified_gmt":"2026-02-12T15:23:16","slug":"kiirnuudlid-juustu-samyang-buldak-140-g","status":"publish","type":"product","link":"https:\/\/vbd.dev.sumena.ee\/lv\/products-2\/kiirnuudlid-juustu-samyang-buldak-140-g\/","title":{"rendered":"Samyang \u0101tri pagatavojam\u0101s n\u016bdeles ar sieru, BULDAK, 140 g"},"content":{"rendered":"<p><strong>Sast\u0101vs<\/strong>N\u016bdeles 73,4% (KVIE\u0160U milti (GLUT\u0112NS), modific\u0113ta ciete (tapioka), ol\u012bve\u013c\u013ca, KVIE\u0160U GLUT\u0112NS, s\u0101ls, emulgatori (E422, E322 (SOJA)), biezin\u0101t\u0101js (E412), sk\u0101buma regul\u0113t\u0101ji (E501, E500, E339, E330), antioksidants (E306), za\u013c\u0101s t\u0113jas aromatiz\u0113t\u0101js, p\u0101rtikas kr\u0101sviela (E101). \u0160\u0137idr\u0101 m\u0113rce 23,9%: \u016bdens, vistas aromatiz\u0113t\u0101js (KVIE\u0160I, GLUT\u0112NS, SOJA, SELERIJAS), SOJAS M\u0112RCE (\u016bdens, SOJA, KVIE\u0160I (GLUT\u0112NS), s\u0101ls, fruktoze, gar\u0161as pastiprin\u0101t\u0101js (E635), \u0137iploks, aromatiz\u0113t\u0101ji, sk\u0101buma regul\u0113t\u0101js (E270), saldin\u0101t\u0101js (E960), cukurs, aromatiz\u0113t\u0101ji (SOJA), SOJAS e\u013c\u013ca, habanero piparu aromatiz\u0113t\u0101js (satur pretsalipes vielu (E551), gar\u0161as pastiprin\u0101t\u0101jus (E631, E627), p\u0101rtikas kr\u0101sviela (E160c) (SOJA)), \u010dili piparu aromatiz\u0113t\u0101js (SOJA), s\u012bpols, \u0137iploks, biezin\u0101t\u0101js (E1420), p\u0101rtikas kr\u0101sviela (E160c), \u010dili pipari, \u010dili piparu ekstrakts, melno piparu pulveris, karija gar\u0161vielas (satur gar\u0161as pastiprin\u0101t\u0101ju) (E635), sk\u0101buma regul\u0113t\u0101js (E270)). Gar\u0161vielas 2,7%: aromatiz\u0113t\u0101ji (SOJA), grauzd\u0113tas SEZAMA S\u0112KLAS, grauzd\u0113tas J\u016aRAS A\u013b\u0122ES. Var satur\u0113t glieme\u017eu, OLU, ZIVJU, PIENA, GLIEMJIE\u0160U, ZEMESRIEKSTU, SINEPJU un RIEKSTU p\u0113das.<\/p>\n<div class=\" translation-block\"><strong>Pagatavo\u0161anas instrukcija:<\/strong> Ievietojiet makaronus 600 ml verdo\u0161a \u016bdens un v\u0101riet 5 min\u016btes. Atst\u0101jiet 8 \u0113damkarotes \u016bdens, pievienojiet m\u0113rci un gar\u0161vielas, labi samaisiet un baudiet.<\/div>","protected":false},"excerpt":{"rendered":"<p>Koostisosad: Nuudlid 73,4% (NISUjahu (GLUTEN), modifitseeritud t\u00e4rklis (tapiokk), oliivipalmi\u00f5li, NISUGLUTEEN, sool, emulgaatorid (E422, E322 (SOJA)), paksendaja (E412), happesuse regulaatorid (E501, E500, E339, E330), antioks\u00fcdant (E306), rohelise tee l\u00f5hna- ja maitseaine, toiduv\u00e4rv (E101). Vedel kaste 23,9%: vesi, kana maitseaine (NISU, GLUTEEN, SOJA, SELLER), SOJAKASTE (vesi, SOJA, NISU (GLUTEEN), sool, fruktoos, maitsetugevdaja (E635), k\u00fc\u00fcslauk, l\u00f5hna- ja maitseained, [&hellip;]<\/p>","protected":false},"featured_media":336325,"comment_status":"open","ping_status":"closed","template":"","meta":{"_acf_changed":false},"product_brand":[],"product_cat":[86,80,89],"product_tag":[],"class_list":{"0":"post-336324","1":"product","2":"type-product","3":"status-publish","4":"has-post-thumbnail","6":"product_cat-kuivained","7":"product_cat-snakid","8":"product_cat-valmistoit","10":"first","11":"instock","12":"sale","13":"taxable","14":"shipping-taxable","15":"purchasable","16":"product-type-simple"},"supplier_id":null,"supplier_sku":"","barcode":null,"atum_controlled":true,"out_stock_date":null,"out_stock_threshold":null,"inheritable":false,"inbound_stock":0,"stock_on_hold":699,"sold_today":778,"sales_last_days":2524,"reserved_stock":0,"customer_returns":0,"warehouse_damage":0,"lost_in_post":0,"other_logs":0,"out_stock_days":0,"lost_sales":0,"has_location":false,"update_date":"2026-02-12T15:23:43","atum_locations":[],"atum_stock_status":"instock","restock_status":false,"low_stock_amount":"","sales_update_date":"2026-02-12T15:23:34","calc_backorders":null,"acf":[],"_links":{"self":[{"href":"https:\/\/vbd.dev.sumena.ee\/lv\/wp-json\/wp\/v2\/product\/336324","targetHints":{"allow":["GET"]}}],"collection":[{"href":"https:\/\/vbd.dev.sumena.ee\/lv\/wp-json\/wp\/v2\/product"}],"about":[{"href":"https:\/\/vbd.dev.sumena.ee\/lv\/wp-json\/wp\/v2\/types\/product"}],"replies":[{"embeddable":true,"href":"https:\/\/vbd.dev.sumena.ee\/lv\/wp-json\/wp\/v2\/comments?post=336324"}],"wp:featuredmedia":[{"embeddable":true,"href":"https:\/\/vbd.dev.sumena.ee\/lv\/wp-json\/wp\/v2\/media\/336325"}],"wp:attachment":[{"href":"https:\/\/vbd.dev.sumena.ee\/lv\/wp-json\/wp\/v2\/media?parent=336324"}],"wp:term":[{"taxonomy":"product_brand","embeddable":true,"href":"https:\/\/vbd.dev.sumena.ee\/lv\/wp-json\/wp\/v2\/product_brand?post=336324"},{"taxonomy":"product_cat","embeddable":true,"href":"https:\/\/vbd.dev.sumena.ee\/lv\/wp-json\/wp\/v2\/product_cat?post=336324"},{"taxonomy":"product_tag","embeddable":true,"href":"https:\/\/vbd.dev.sumena.ee\/lv\/wp-json\/wp\/v2\/product_tag?post=336324"}],"curies":[{"name":"wp","href":"https:\/\/api.w.org\/{rel}","templated":true}]}}