{"id":335958,"date":"2025-12-02T14:45:10","date_gmt":"2025-12-02T11:45:10","guid":{"rendered":"https:\/\/vbd.dev.sumena.ee\/?post_type=product&#038;p=335958"},"modified":"2026-02-12T12:09:48","modified_gmt":"2026-02-12T09:09:48","slug":"captain-kombucha-bio-karastusjook-ananassiga-400-ml","status":"publish","type":"product","link":"https:\/\/vbd.dev.sumena.ee\/lv\/products-2\/captain-kombucha-bio-karastusjook-ananassiga-400-ml\/","title":{"rendered":"Captain Kombucha Bio bezalkoholiskais dz\u0113riens ar ananasiem, 400 ml"},"content":{"rendered":"<p>Sast\u0101vda\u013cas: filtr\u0113ts \u016bdens, cukurniedru sula, og\u013csk\u0101b\u0101 g\u0101ze, za\u013c\u0101 t\u0113ja (biolo\u0123iska), dz\u012bv\u0101 kombu\u010das kult\u016bra (bakt\u0113rijas un raugi), anan\u0101su ekstrakts (biolo\u0123isks) 0,001%, persiku ekstrakts (biolo\u0123isks) 0,0005% (\u016bdens filtr\u0113ts ar revers\u0101s osmozes metodi).<\/p>","protected":false},"excerpt":{"rendered":"<p>Sast\u0101vda\u013cas: filtr\u0113ts \u016bdens, cukurniedru sula, og\u013csk\u0101b\u0101 g\u0101ze, za\u013c\u0101 t\u0113ja (biolo\u0123iska), dz\u012bv\u0101 kombu\u010das kult\u016bra (bakt\u0113rijas un raugi), anan\u0101su ekstrakts (biolo\u0123isks) 0,001%, persiku ekstrakts (biolo\u0123isks) 0,0005% (\u016bdens filtr\u0113ts ar revers\u0101s osmozes metodi).<\/p>","protected":false},"featured_media":335960,"comment_status":"open","ping_status":"closed","template":"","meta":{"_acf_changed":false},"product_brand":[],"product_cat":[177,90,79],"product_tag":[],"class_list":{"0":"post-335958","1":"product","2":"type-product","3":"status-publish","4":"has-post-thumbnail","6":"product_cat-karastus-ja-energiajoogid-toonikud-muu","7":"product_cat-pant","8":"product_cat-joogid","10":"first","11":"instock","12":"taxable","13":"shipping-taxable","14":"purchasable","15":"product-type-simple"},"supplier_id":null,"supplier_sku":"","barcode":null,"atum_controlled":true,"out_stock_date":null,"out_stock_threshold":null,"inheritable":false,"inbound_stock":0,"stock_on_hold":4,"sold_today":0,"sales_last_days":240,"reserved_stock":0,"customer_returns":0,"warehouse_damage":0,"lost_in_post":0,"other_logs":0,"out_stock_days":0,"lost_sales":0,"has_location":false,"update_date":"2026-02-12T07:46:11","atum_locations":[],"atum_stock_status":"instock","restock_status":true,"low_stock_amount":"","sales_update_date":"2026-02-12T07:46:02","calc_backorders":null,"acf":[],"_links":{"self":[{"href":"https:\/\/vbd.dev.sumena.ee\/lv\/wp-json\/wp\/v2\/product\/335958","targetHints":{"allow":["GET"]}}],"collection":[{"href":"https:\/\/vbd.dev.sumena.ee\/lv\/wp-json\/wp\/v2\/product"}],"about":[{"href":"https:\/\/vbd.dev.sumena.ee\/lv\/wp-json\/wp\/v2\/types\/product"}],"replies":[{"embeddable":true,"href":"https:\/\/vbd.dev.sumena.ee\/lv\/wp-json\/wp\/v2\/comments?post=335958"}],"wp:featuredmedia":[{"embeddable":true,"href":"https:\/\/vbd.dev.sumena.ee\/lv\/wp-json\/wp\/v2\/media\/335960"}],"wp:attachment":[{"href":"https:\/\/vbd.dev.sumena.ee\/lv\/wp-json\/wp\/v2\/media?parent=335958"}],"wp:term":[{"taxonomy":"product_brand","embeddable":true,"href":"https:\/\/vbd.dev.sumena.ee\/lv\/wp-json\/wp\/v2\/product_brand?post=335958"},{"taxonomy":"product_cat","embeddable":true,"href":"https:\/\/vbd.dev.sumena.ee\/lv\/wp-json\/wp\/v2\/product_cat?post=335958"},{"taxonomy":"product_tag","embeddable":true,"href":"https:\/\/vbd.dev.sumena.ee\/lv\/wp-json\/wp\/v2\/product_tag?post=335958"}],"curies":[{"name":"wp","href":"https:\/\/api.w.org\/{rel}","templated":true}]}}