{"id":334753,"date":"2025-12-23T16:34:31","date_gmt":"2025-12-23T13:34:31","guid":{"rendered":"https:\/\/vbd.dev.sumena.ee\/?post_type=product&#038;p=334753"},"modified":"2026-02-12T18:41:51","modified_gmt":"2026-02-12T15:41:51","slug":"pahkli-karamelli-maisisnakid-snackline-100-g","status":"publish","type":"product","link":"https:\/\/vbd.dev.sumena.ee\/lv\/products-2\/pahkli-karamelli-maisisnakid-snackline-100-g\/","title":{"rendered":"Riekstu-karame\u013cu kukur\u016bzas uzkodas, SNACKLINE, 100 g"},"content":{"rendered":"<p class=\" translation-block\">Sast\u0101vda\u013cas: kukur\u016bzas manna 57%, zemesriekstu kr\u0113ms (grauzd\u0113ti ZEMESRIEKSTI 20%, niedru cukurs), cukurs, palmu e\u013c\u013ca, karame\u013cu pild\u012bjums 4% (palmu tauki, glikozes s\u012brups, mitrin\u0101t\u0101js: glicer\u012bns, cukurs, glikoze, saldin\u0101ts iebiezin\u0101tais piens, \u016bdens, s\u0101ls, dab\u012bgas gar\u0161as, emulgators: E322), karamele 2% (cukurs, glikozes s\u012brups, \u016bdens), s\u0101ls.<\/p>","protected":false},"excerpt":{"rendered":"<p class=\" translation-block\">Sast\u0101vda\u013cas: kukur\u016bzas manna 57%, zemesriekstu kr\u0113ms (grauzd\u0113ti ZEMESRIEKSTI 20%, niedru cukurs), cukurs, palmu e\u013c\u013ca, karame\u013cu pild\u012bjums 4% (palmu tauki, glikozes s\u012brups, mitrin\u0101t\u0101js: glicer\u012bns, cukurs, glikoze, saldin\u0101ts iebiezin\u0101tais piens, \u016bdens, s\u0101ls, dab\u012bgas gar\u0161as, emulgators: E322), karamele 2% (cukurs, glikozes s\u012brups, \u016bdens), s\u0101ls.<\/p>","protected":false},"featured_media":334755,"comment_status":"open","ping_status":"closed","template":"","meta":{"_acf_changed":false},"product_brand":[],"product_cat":[80,81],"product_tag":[],"class_list":{"0":"post-334753","1":"product","2":"type-product","3":"status-publish","4":"has-post-thumbnail","6":"product_cat-snakid","7":"product_cat-kropsud","9":"first","10":"instock","11":"sale","12":"taxable","13":"shipping-taxable","14":"purchasable","15":"product-type-simple"},"supplier_id":null,"supplier_sku":"","barcode":null,"atum_controlled":true,"out_stock_date":null,"out_stock_threshold":null,"inheritable":false,"inbound_stock":0,"stock_on_hold":4,"sold_today":4,"sales_last_days":68,"reserved_stock":0,"customer_returns":0,"warehouse_damage":0,"lost_in_post":0,"other_logs":0,"out_stock_days":0,"lost_sales":0,"has_location":false,"update_date":"2026-02-12T15:42:47","atum_locations":[],"atum_stock_status":"instock","restock_status":false,"low_stock_amount":"","sales_update_date":"2026-02-12T15:42:36","calc_backorders":null,"acf":[],"_links":{"self":[{"href":"https:\/\/vbd.dev.sumena.ee\/lv\/wp-json\/wp\/v2\/product\/334753","targetHints":{"allow":["GET"]}}],"collection":[{"href":"https:\/\/vbd.dev.sumena.ee\/lv\/wp-json\/wp\/v2\/product"}],"about":[{"href":"https:\/\/vbd.dev.sumena.ee\/lv\/wp-json\/wp\/v2\/types\/product"}],"replies":[{"embeddable":true,"href":"https:\/\/vbd.dev.sumena.ee\/lv\/wp-json\/wp\/v2\/comments?post=334753"}],"wp:featuredmedia":[{"embeddable":true,"href":"https:\/\/vbd.dev.sumena.ee\/lv\/wp-json\/wp\/v2\/media\/334755"}],"wp:attachment":[{"href":"https:\/\/vbd.dev.sumena.ee\/lv\/wp-json\/wp\/v2\/media?parent=334753"}],"wp:term":[{"taxonomy":"product_brand","embeddable":true,"href":"https:\/\/vbd.dev.sumena.ee\/lv\/wp-json\/wp\/v2\/product_brand?post=334753"},{"taxonomy":"product_cat","embeddable":true,"href":"https:\/\/vbd.dev.sumena.ee\/lv\/wp-json\/wp\/v2\/product_cat?post=334753"},{"taxonomy":"product_tag","embeddable":true,"href":"https:\/\/vbd.dev.sumena.ee\/lv\/wp-json\/wp\/v2\/product_tag?post=334753"}],"curies":[{"name":"wp","href":"https:\/\/api.w.org\/{rel}","templated":true}]}}