{"id":334077,"date":"2025-11-26T23:25:57","date_gmt":"2025-11-26T20:25:57","guid":{"rendered":"https:\/\/vbd.dev.sumena.ee\/?post_type=product&#038;p=334077"},"modified":"2026-02-08T01:30:10","modified_gmt":"2026-02-07T22:30:10","slug":"iconfit-ferricon-kapslid-n45","status":"publish","type":"product","link":"https:\/\/vbd.dev.sumena.ee\/lv\/products-2\/iconfit-ferricon-kapslid-n45\/","title":{"rendered":"Iconfit Ferricon Kapslid N45"},"content":{"rendered":"<p>ICONFIT Ferricon 45 kapslit<br \/>\nUztura bag\u0101tin\u0101t\u0101js<br \/>\nICONFIT FERRICON on rauakompleks vereloomeks ja hemoblogiini moodustumiseks. Toode on m\u00f5eldud kasutamiseks eelk\u00f5ige raseduse ajal, mil v\u00f5ib sagedamini rauapuudust esineda. Toode sisaldab k\u00f5hus\u00f5bralikku raud digl\u00fctsinaati ning C vitamiini, mis ei p\u00f5hjusta seedeprobleeme ega ebameeldivat tunnet. Lisaks on tootes C, B6 ja B12 vitamiine ning foolhapet.<\/p>\n<p>Raud aitab kaasa vere punaliblede ja hemoglobiini normaalsele moodustumisele, tagades piisava raua k\u00e4ttesaadavuse organismile.<br \/>\nC-vitamiin suurendab raua imendumist ja aitab v\u00e4hendada v\u00e4simust ja kurnatust.<br \/>\nVitamiinid B6 ja B12 m\u00e4ngivad olulist rolli vereloome protsessides, aidates kaasa vere punaliblede normaalsele moodustumisele.<br \/>\nFolaat aitab kaasa normaalsele vereloomele ning kudede kasvule naise organismis raseduse ajal.<\/p>\n<p>Rauavaegusaneemia on seisund, mida iseloomustab punaste vereliblede arvu, suuruse v\u00f5i hemoglobiinisisalduse v\u00e4henemine, mis v\u00f5ib p\u00f5hjustada hapniku transpordi v\u00e4henemist kehas. Aneemia s\u00fcmptomid v\u00f5ivad varieeruda s\u00f5ltuvalt aneemia p\u00f5hjusest, raskusastmest ja t\u00fc\u00fcbist, aga ka individuaalsetest teguritest, nagu vanus ja \u00fcldine tervislik seisund. Raseduse ajal naiste kehas tsirkuleeriv vedeliku (sh vere) maht suureneb, kuid kahjuks keha ei suuda punaseid vereliblesid vastava kiirusega toota. Lisaks sellele kulub rauda ka loote vajaduste rahuldamiseks. Kuna rauavaegusaneemiast on otseselt m\u00f5jutatud just nimelt veri, siis k\u00e4ib ka diagnoosimine eelk\u00f5ige vereanal\u00fc\u00fcside abil.<\/p>\n<p>Millised on rauavaeguse s\u00fcmptomid?<br \/>\n\u2013 V\u00e4simus ja n\u00f5rkus: Need on \u00fched k\u00f5ige sagedasemad s\u00fcmptomid, sest keha rakud saavad tavap\u00e4rasest v\u00e4hem hapnikku.<br \/>\n\u2013 Kahvatu v\u00f5i kollakas nahk: Hemoglobiini ja punaste vereliblede v\u00e4henemine v\u00f5ib p\u00f5hjustada naha kahvatut v\u00f5i kollakat v\u00e4limust.<br \/>\n\u2013 Hingamisraskus: eriti f\u00fc\u00fcsilise tegevuse ajal, kuna kehal on raskusi kudede ja lihaste piisava hapnikuga varustamisega.<br \/>\n\u2013 Pearinglus: V\u00f5ib tekkida ajju j\u00f5udva hapniku ebapiisavuse t\u00f5ttu.<br \/>\n\u2013 Kognitiivsed probleemid: n\u00e4iteks keskendumis- v\u00f5i m\u00e4luraskused, mis on tingitud v\u00e4henenud hapnikuvarustusest ajus.<br \/>\n\u2013 Vereloome on oluline keha funktsioon, kus moodustuvad vererakud, transpordides hapnikku ja toitaineid kogu kehas. Tervislik vereloome aitab s\u00e4ilitada organismi tasakaalu ja vastupanuv\u00f5imet. Hemoglobiini moodustumine on oluline, kuna see v\u00f5imaldab verel efektiivselt transportida hapnikku ja s\u00fcsihappegaasi, toetades seel\u00e4bi organismi \u00fcldist ainevahetust ja elut\u00e4htsaid funktsioone.<\/p>\n<p>Vere ja hemoglobiini peamised funktsioonid:<br \/>\n\u2013 Hapniku transport: Hemoglobiin, mida leidub punastes vererakkudes, seob ja transpordib hapnikku kopsudest keha kudedesse, tagades rakkude vajaliku hapnikuvarustuse.<br \/>\n\u2013 S\u00fcsihappegaasi transport: Hemoglobiin aitab s\u00fcsihappegaasil, mis on ainevahetuse j\u00e4\u00e4tmeteke, liikuda kudedest kopsudesse, kus see v\u00e4ljub kehast.<br \/>\n\u2013 Toitainete transport: Veri transpordib seedetraktist toitained, nagu gl\u00fckoos ja aminohapped, organitesse ja kudedesse, toetades energiatootmist ja rakkude toimimist.<br \/>\n\u2013 J\u00e4\u00e4tmete eemaldamine: Veri transpordib ainevahetuse k\u00f5rvalsaadused, nagu s\u00fcsinikdioksiid ja muud j\u00e4\u00e4tmed, kopsudesse, neerudesse ja teistesse elunditesse.<br \/>\n\u2013 Hormoonide transport: Veri aitab transportida endokriins\u00fcsteemi hormoone, mis reguleerivad erinevate kehaosade funktsioone.<br \/>\n\u2013 Immuuns\u00fcsteemi toetamine: Vere valgelibled moodustavad olulise osa immuuns\u00fcsteemist, kaitstes organismi infektsioonide ja haiguste eest.<\/p>\n<p>KOOSTISOSAD: riisijahu, C-vitamiin (kaltsium-L-askorbaat), raud (raud(II)digl\u00fctsinaat), taimne kapsel (glaseeraine pullulaan), B6-vitamiin (p\u00fcridoksiinvesinikkloriid), foolhape (ptero\u00fc\u00fclmonoglutamiinhape), B12-vitamiin (met\u00fc\u00fclkobalamiin).<\/p>\n<p>P\u00c4EVANE ANNUS SISALDAB\u00a0 \u00a0 \u00a0 \u00a0 1 kapsel\u00a0 \u00a0 \u00a0 \u00a0 \u00a0%NRV*<br \/>\nC-vitamiin\u00a0 \u00a0 \u00a0 \u00a0 \u00a0 \u00a0 \u00a0 \u00a0 \u00a0 \u00a0 \u00a0 \u00a0 \u00a0 \u00a0 \u00a0 \u00a0 \u00a0 \u00a0 \u00a0 \u00a0 160 mg\u00a0 \u00a0 \u00a0 \u00a0 \u00a0 \u00a0200%<br \/>\nRaud\u00a0 \u00a0 \u00a0 \u00a0 \u00a0 \u00a0 \u00a0 \u00a0 \u00a0 \u00a0 \u00a0 \u00a0 \u00a0 \u00a0 \u00a0 \u00a0 \u00a0 \u00a0 \u00a0 \u00a0 \u00a0 \u00a0 \u00a0 \u00a0 \u00a0 \u00a030 mg\u00a0 \u00a0 \u00a0 \u00a0 \u00a0 \u00a0214%<br \/>\nVitamiin B6\u00a0 \u00a0 \u00a0 \u00a0 \u00a0 \u00a0 \u00a0 \u00a0 \u00a0 \u00a0 \u00a0 \u00a0 \u00a0 \u00a0 \u00a0 \u00a0 \u00a0 \u00a0 \u00a0 \u00a02,8 mg\u00a0 \u00a0 \u00a0 \u00a0 \u00a0 \u00a0200%<br \/>\nFoolhape\u00a0 \u00a0 \u00a0 \u00a0 \u00a0 \u00a0 \u00a0 \u00a0 \u00a0 \u00a0 \u00a0 \u00a0 \u00a0 \u00a0 \u00a0 \u00a0 \u00a0 \u00a0 \u00a0 \u00a0 \u00a0 \u00a0200 \u03bcg\u00a0 \u00a0 \u00a0 \u00a0 \u00a0 \u00a0100%<br \/>\nB12-vitamiin\u00a0 \u00a0 \u00a0 \u00a0 \u00a0 \u00a0 \u00a0 \u00a0 \u00a0 \u00a0 \u00a0 \u00a0 \u00a0 \u00a0 \u00a0 \u00a0 \u00a0 \u00a0 \u00a0 \u00a050 \u03bcg\u00a0 \u00a0 \u00a0 \u00a0 \u00a0 2000%<br \/>\n* \u2013 protsent t\u00e4iskasvanute p\u00e4evasest v\u00f5rdluskogusest<\/p>\n<p>KASUTAMINE: Naistele raseduse ajal 1 kapsel p\u00e4evas p\u00e4rast hommikus\u00f6\u00f6ki v\u00f5i hommikul t\u00fchja k\u00f5huga. Piimatooted ja kohv takistavad raua imendumist.<\/p>\n<p>HOIATUSED: Mitte kasutada toidulisandit mitmekesise toitumise asendajana. Oluline on mitmekesine ja tasakaalustatud toitumine ning tervislik eluviis. Mitte \u00fcletada soovitatud p\u00e4evast annust. Hoida lastele k\u00e4ttesaamatus kohas.<\/p>\n<p>HOIUSTAMINE: Hoida originaalpakendis temperatuuril 5-25\u00b0C, niiskuse ja otsese p\u00e4ikesevalguse eest kaitstult.<\/p>\n<p>Pakend: 45 kapslit, netokaal 31,5 g.<\/p>\n<p>Toodetud Eestis<\/p>","protected":false},"excerpt":{"rendered":"<p>ICONFIT Ferricon 45 kapslit Toidulisand ICONFIT FERRICON on rauakompleks vereloomeks ja hemoblogiini moodustumiseks. Toode on m\u00f5eldud kasutamiseks eelk\u00f5ige raseduse ajal, mil v\u00f5ib sagedamini rauapuudust esineda. Toode sisaldab k\u00f5hus\u00f5bralikku raud digl\u00fctsinaati ning C vitamiini, mis ei p\u00f5hjusta seedeprobleeme ega ebameeldivat tunnet. Lisaks on tootes C, B6 ja B12 vitamiine ning foolhapet. Raud aitab kaasa vere punaliblede [&hellip;]<\/p>","protected":false},"featured_media":334078,"comment_status":"open","ping_status":"closed","template":"","meta":{"_acf_changed":false},"product_brand":[],"product_cat":[160,104],"product_tag":[],"class_list":{"0":"post-334077","1":"product","2":"type-product","3":"status-publish","4":"has-post-thumbnail","6":"product_cat-tervisekaubad","7":"product_cat-enesehooldus","9":"first","10":"instock","11":"sale","12":"taxable","13":"shipping-taxable","14":"purchasable","15":"product-type-simple"},"supplier_id":null,"supplier_sku":"","barcode":null,"atum_controlled":true,"out_stock_date":null,"out_stock_threshold":null,"inheritable":false,"inbound_stock":0,"stock_on_hold":0,"sold_today":0,"sales_last_days":6,"reserved_stock":0,"customer_returns":0,"warehouse_damage":0,"lost_in_post":0,"other_logs":0,"out_stock_days":0,"lost_sales":0,"has_location":false,"update_date":"2026-02-12T13:46:44","atum_locations":[],"atum_stock_status":"instock","restock_status":false,"low_stock_amount":"","sales_update_date":"2026-02-12T13:46:44","calc_backorders":null,"acf":[],"_links":{"self":[{"href":"https:\/\/vbd.dev.sumena.ee\/lv\/wp-json\/wp\/v2\/product\/334077","targetHints":{"allow":["GET"]}}],"collection":[{"href":"https:\/\/vbd.dev.sumena.ee\/lv\/wp-json\/wp\/v2\/product"}],"about":[{"href":"https:\/\/vbd.dev.sumena.ee\/lv\/wp-json\/wp\/v2\/types\/product"}],"replies":[{"embeddable":true,"href":"https:\/\/vbd.dev.sumena.ee\/lv\/wp-json\/wp\/v2\/comments?post=334077"}],"wp:featuredmedia":[{"embeddable":true,"href":"https:\/\/vbd.dev.sumena.ee\/lv\/wp-json\/wp\/v2\/media\/334078"}],"wp:attachment":[{"href":"https:\/\/vbd.dev.sumena.ee\/lv\/wp-json\/wp\/v2\/media?parent=334077"}],"wp:term":[{"taxonomy":"product_brand","embeddable":true,"href":"https:\/\/vbd.dev.sumena.ee\/lv\/wp-json\/wp\/v2\/product_brand?post=334077"},{"taxonomy":"product_cat","embeddable":true,"href":"https:\/\/vbd.dev.sumena.ee\/lv\/wp-json\/wp\/v2\/product_cat?post=334077"},{"taxonomy":"product_tag","embeddable":true,"href":"https:\/\/vbd.dev.sumena.ee\/lv\/wp-json\/wp\/v2\/product_tag?post=334077"}],"curies":[{"name":"wp","href":"https:\/\/api.w.org\/{rel}","templated":true}]}}