{"id":333717,"date":"2026-02-03T22:10:00","date_gmt":"2026-02-03T19:10:00","guid":{"rendered":"https:\/\/vbd.dev.sumena.ee\/?post_type=product&#038;p=333717"},"modified":"2026-02-12T16:37:21","modified_gmt":"2026-02-12T13:37:21","slug":"taffel-juustosnacks-juustumaitselised-maisisnakid-105g","status":"publish","type":"product","link":"https:\/\/vbd.dev.sumena.ee\/lv\/products-2\/taffel-juustosnacks-juustumaitselised-maisisnakid-105g\/","title":{"rendered":"Taffel Juustosnacks siera gar\u0161as kukur\u016bzas uzkodas 105\u202fg"},"content":{"rendered":"<p>Taffel Juustosnacks siera gar\u0161as kukur\u016bzas uzkodas 105\u202fg ir ide\u0101las l\u012bdzi \u0146em\u0161anai un piem\u0113rotas jebkuram br\u012bdim! \u0160\u012bs krauk\u0161\u0137\u012bg\u0101s un gard\u0101s kukur\u016bzas uzkodas ir \u012bsts siera cien\u012bt\u0101ju favor\u012bts, pied\u0101v\u0101jot bag\u0101t\u012bgu un autentisku siera gar\u0161u, kas apmierin\u0101s pat pras\u012bg\u0101k\u0101s gar\u0161as k\u0101rpi\u0146as. 105\u202fg iepakojums ir ide\u0101ls, lai baud\u012btu pa\u0161am vai dal\u012btos ar draugu, padarot to par neaizst\u0101jamu sabiedroto, ja v\u0113lies \u0101tru uzkodu vai na\u0161\u0137i m\u0101jas filmu vakaram.<\/p>\n<p>&nbsp;<\/p>\n<p>Sast\u0101vda\u013cas: kukur\u016bzas milti, augu e\u013c\u013cas (saulespu\u0137u, rap\u0161u), <b>siera pulveris <\/b>13%, s\u0101ls, <b>piena pulveris,<\/b> p\u0101rtikas kr\u0101sas (beta\u2011karot\u012bns, paprikas ekstrakts), kartupe\u013cu ciete, maltodekstr\u012bns (kukur\u016bzas), <b>biezpiena piena pulveris, <\/b>dekstroze. Var satur\u0113t neliel\u0101 daudzum\u0101 glut\u0113nu.<\/p>\n<p>Uz 100\u202fg\n\nEner\u0123ija: 2295\u202fkJ \/ 550\u202fkcal\n\nTauki: 33\u202fg\n\nno kuriem pies\u0101tin\u0101t\u0101s tauksk\u0101bes: 6,2\u202fg\n\nOg\u013chidr\u0101ti: 51\u202fg\n\nno kuriem cukuri: 3,6\u202fg\n\nOlbaltumvielas: 10\u202fg\n\nS\u0101ls: 1,8\u202fg<\/p>","protected":false},"excerpt":{"rendered":"<p>Taffel Juustosnacks juustumaitselised maisisn\u00e4kid 105g on kaasahaaramiseks m\u00f5eldud ja sobivad ideaalselt igaks hetkeks! Need kr\u00f5mpsuvad ja maitsvad maisisn\u00e4kid on juustus\u00f5prade suur lemmik, pakkudes rikkalikku ja autentset juustumaitset, mis rahuldab ka k\u00f5ige n\u00f5udlikumaid maitsemeeli. 105g pakk on ideaalne iseendale nautimiseks v\u00f5i s\u00f5braga jagamiseks, muutes selle asendamatuks kaaslaseks kui soovid kiiret vahepala v\u00f5i sn\u00e4kki koduseks filmi\u00f5htuks. &nbsp; [&hellip;]<\/p>","protected":false},"featured_media":333719,"comment_status":"open","ping_status":"closed","template":"","meta":{"_acf_changed":false},"product_brand":[],"product_cat":[80,81],"product_tag":[],"class_list":{"0":"post-333717","1":"product","2":"type-product","3":"status-publish","4":"has-post-thumbnail","6":"product_cat-snakid","7":"product_cat-kropsud","9":"first","10":"instock","11":"sale","12":"taxable","13":"shipping-taxable","14":"purchasable","15":"product-type-simple"},"supplier_id":null,"supplier_sku":"","barcode":null,"atum_controlled":true,"out_stock_date":null,"out_stock_threshold":null,"inheritable":false,"inbound_stock":0,"stock_on_hold":30,"sold_today":13,"sales_last_days":608,"reserved_stock":0,"customer_returns":0,"warehouse_damage":0,"lost_in_post":0,"other_logs":0,"out_stock_days":0,"lost_sales":0,"has_location":false,"update_date":"2026-02-12T15:43:11","atum_locations":[],"atum_stock_status":"instock","restock_status":false,"low_stock_amount":"","sales_update_date":"2026-02-12T15:43:01","calc_backorders":null,"acf":[],"_links":{"self":[{"href":"https:\/\/vbd.dev.sumena.ee\/lv\/wp-json\/wp\/v2\/product\/333717","targetHints":{"allow":["GET"]}}],"collection":[{"href":"https:\/\/vbd.dev.sumena.ee\/lv\/wp-json\/wp\/v2\/product"}],"about":[{"href":"https:\/\/vbd.dev.sumena.ee\/lv\/wp-json\/wp\/v2\/types\/product"}],"replies":[{"embeddable":true,"href":"https:\/\/vbd.dev.sumena.ee\/lv\/wp-json\/wp\/v2\/comments?post=333717"}],"wp:featuredmedia":[{"embeddable":true,"href":"https:\/\/vbd.dev.sumena.ee\/lv\/wp-json\/wp\/v2\/media\/333719"}],"wp:attachment":[{"href":"https:\/\/vbd.dev.sumena.ee\/lv\/wp-json\/wp\/v2\/media?parent=333717"}],"wp:term":[{"taxonomy":"product_brand","embeddable":true,"href":"https:\/\/vbd.dev.sumena.ee\/lv\/wp-json\/wp\/v2\/product_brand?post=333717"},{"taxonomy":"product_cat","embeddable":true,"href":"https:\/\/vbd.dev.sumena.ee\/lv\/wp-json\/wp\/v2\/product_cat?post=333717"},{"taxonomy":"product_tag","embeddable":true,"href":"https:\/\/vbd.dev.sumena.ee\/lv\/wp-json\/wp\/v2\/product_tag?post=333717"}],"curies":[{"name":"wp","href":"https:\/\/api.w.org\/{rel}","templated":true}]}}