{"id":333669,"date":"2025-11-25T15:14:43","date_gmt":"2025-11-25T12:14:43","guid":{"rendered":"https:\/\/vbd.dev.sumena.ee\/?post_type=product&#038;p=333669"},"modified":"2026-02-12T18:17:48","modified_gmt":"2026-02-12T15:17:48","slug":"looduslik-mineraalvesi-ekstra-karboniseeritud-haage-200-ml","status":"publish","type":"product","link":"https:\/\/vbd.dev.sumena.ee\/lv\/products-2\/looduslik-mineraalvesi-ekstra-karboniseeritud-haage-200-ml\/","title":{"rendered":"Dabiskais miner\u0101l\u016bdens ekstra karboniz\u0113ts, HAAGE, 200 ml"},"content":{"rendered":"<p>Haage Ekstra karboniz\u0113ts \u016bdens \u2013 stipri gaz\u0113ts \u016bdens ir ide\u0101ls piedevas koktei\u013ciem, izce\u013cot to svaigumu un l\u012bdzsvaru. Ekstra izstr\u0101d\u0101ts \u012bpa\u0161i, lai pagarin\u0101tu koktei\u013cu gar\u0161u, sniedzot baud\u012bjumu un atst\u0101jot m\u0113l\u0113 pat\u012bkami sp\u0113l\u0113jo\u0161u burbu\u013co\u0161anu. Minimalistisk\u0101 pudel\u0113 \u016bdens non\u0101k pie Tevis neskart\u0101 veid\u0101 no Dienvidigaunijas zemes dz\u012bl\u0113m, lai atsvaidzin\u0101tu un pieg\u0101d\u0101tu Tev miner\u0101lvielas.<\/p>","protected":false},"excerpt":{"rendered":"<p>Haage Ekstra karboniz\u0113ts \u016bdens \u2013 stipri gaz\u0113ts \u016bdens ir ide\u0101ls piedevas koktei\u013ciem, izce\u013cot to svaigumu un l\u012bdzsvaru. Ekstra izstr\u0101d\u0101ts \u012bpa\u0161i, lai pagarin\u0101tu koktei\u013cu gar\u0161u, sniedzot baud\u012bjumu un atst\u0101jot m\u0113l\u0113 pat\u012bkami sp\u0113l\u0113jo\u0161u burbu\u013co\u0161anu. Minimalistisk\u0101 pudel\u0113 \u016bdens non\u0101k pie Tevis neskart\u0101 veid\u0101 no Dienvidigaunijas zemes dz\u012bl\u0113m, lai atsvaidzin\u0101tu un pieg\u0101d\u0101tu Tev miner\u0101lvielas.<\/p>","protected":false},"featured_media":333670,"comment_status":"open","ping_status":"closed","template":"","meta":{"_acf_changed":false},"product_brand":[],"product_cat":[176,79],"product_tag":[],"class_list":{"0":"post-333669","1":"product","2":"type-product","3":"status-publish","4":"has-post-thumbnail","6":"product_cat-veed-mahlad-smuutid","7":"product_cat-joogid","9":"first","10":"instock","11":"sale","12":"taxable","13":"shipping-taxable","14":"purchasable","15":"product-type-simple"},"supplier_id":null,"supplier_sku":"","barcode":null,"atum_controlled":true,"out_stock_date":null,"out_stock_threshold":null,"inheritable":false,"inbound_stock":0,"stock_on_hold":7,"sold_today":28,"sales_last_days":219,"reserved_stock":0,"customer_returns":0,"warehouse_damage":0,"lost_in_post":0,"other_logs":0,"out_stock_days":0,"lost_sales":0,"has_location":false,"update_date":"2026-02-12T15:18:28","atum_locations":[],"atum_stock_status":"instock","restock_status":false,"low_stock_amount":"","sales_update_date":"2026-02-12T15:18:19","calc_backorders":null,"acf":[],"_links":{"self":[{"href":"https:\/\/vbd.dev.sumena.ee\/lv\/wp-json\/wp\/v2\/product\/333669","targetHints":{"allow":["GET"]}}],"collection":[{"href":"https:\/\/vbd.dev.sumena.ee\/lv\/wp-json\/wp\/v2\/product"}],"about":[{"href":"https:\/\/vbd.dev.sumena.ee\/lv\/wp-json\/wp\/v2\/types\/product"}],"replies":[{"embeddable":true,"href":"https:\/\/vbd.dev.sumena.ee\/lv\/wp-json\/wp\/v2\/comments?post=333669"}],"wp:featuredmedia":[{"embeddable":true,"href":"https:\/\/vbd.dev.sumena.ee\/lv\/wp-json\/wp\/v2\/media\/333670"}],"wp:attachment":[{"href":"https:\/\/vbd.dev.sumena.ee\/lv\/wp-json\/wp\/v2\/media?parent=333669"}],"wp:term":[{"taxonomy":"product_brand","embeddable":true,"href":"https:\/\/vbd.dev.sumena.ee\/lv\/wp-json\/wp\/v2\/product_brand?post=333669"},{"taxonomy":"product_cat","embeddable":true,"href":"https:\/\/vbd.dev.sumena.ee\/lv\/wp-json\/wp\/v2\/product_cat?post=333669"},{"taxonomy":"product_tag","embeddable":true,"href":"https:\/\/vbd.dev.sumena.ee\/lv\/wp-json\/wp\/v2\/product_tag?post=333669"}],"curies":[{"name":"wp","href":"https:\/\/api.w.org\/{rel}","templated":true}]}}