{"id":333277,"date":"2025-11-24T13:08:30","date_gmt":"2025-11-24T10:08:30","guid":{"rendered":"https:\/\/vbd.dev.sumena.ee\/?post_type=product&#038;p=333277"},"modified":"2026-02-09T18:51:44","modified_gmt":"2026-02-09T15:51:44","slug":"pesuloputusvahend-40pk-morning-sun-silan-880-ml","status":"publish","type":"product","link":"https:\/\/vbd.dev.sumena.ee\/lv\/products-2\/pesuloputusvahend-40pk-morning-sun-silan-880-ml\/","title":{"rendered":"M\u012bkstin\u0101t\u0101js ve\u013cai 40pk Morning Sun, SILAN, 880 ml"},"content":{"rendered":"<p>Silani doz\u0113\u0161ana ir tie\u0161\u0101m vienk\u0101r\u0161a. Vienk\u0101r\u0161i izmantojiet Silani pudeles kor\u0137i, lai ieg\u016btu pareizu devu. Nen\u0101rdiniet Silani pirms lieto\u0161anas. Ielejiet m\u012bkstin\u0101t\u0101ju tie\u0161i no pudeles kor\u0137\u012b un p\u0113c tam ve\u013casma\u0161\u012bnas auduma m\u012bkstin\u0101t\u0101ja nodal\u012bjum\u0101.<\/p>","protected":false},"excerpt":{"rendered":"<p>Silani doz\u0113\u0161ana ir tie\u0161\u0101m vienk\u0101r\u0161a. Vienk\u0101r\u0161i izmantojiet Silani pudeles kor\u0137i, lai ieg\u016btu pareizu devu. Nen\u0101rdiniet Silani pirms lieto\u0161anas. Ielejiet m\u012bkstin\u0101t\u0101ju tie\u0161i no pudeles kor\u0137\u012b un p\u0113c tam ve\u013casma\u0161\u012bnas auduma m\u012bkstin\u0101t\u0101ja nodal\u012bjum\u0101.<\/p>","protected":false},"featured_media":333280,"comment_status":"open","ping_status":"closed","template":"","meta":{"_acf_changed":false},"product_brand":[],"product_cat":[185,88],"product_tag":[],"class_list":{"0":"post-333277","1":"product","2":"type-product","3":"status-publish","4":"has-post-thumbnail","6":"product_cat-puhastus-ja-koristusvahendid","7":"product_cat-tarbekaubad-tooted","9":"first","10":"instock","11":"sale","12":"taxable","13":"shipping-taxable","14":"purchasable","15":"product-type-simple"},"supplier_id":null,"supplier_sku":"","barcode":null,"atum_controlled":true,"out_stock_date":null,"out_stock_threshold":null,"inheritable":false,"inbound_stock":0,"stock_on_hold":0,"sold_today":0,"sales_last_days":15,"reserved_stock":0,"customer_returns":0,"warehouse_damage":0,"lost_in_post":0,"other_logs":0,"out_stock_days":0,"lost_sales":0,"has_location":false,"update_date":"2026-02-11T18:44:41","atum_locations":[],"atum_stock_status":"instock","restock_status":true,"low_stock_amount":"","sales_update_date":"2026-02-11T18:44:33","calc_backorders":null,"acf":[],"_links":{"self":[{"href":"https:\/\/vbd.dev.sumena.ee\/lv\/wp-json\/wp\/v2\/product\/333277","targetHints":{"allow":["GET"]}}],"collection":[{"href":"https:\/\/vbd.dev.sumena.ee\/lv\/wp-json\/wp\/v2\/product"}],"about":[{"href":"https:\/\/vbd.dev.sumena.ee\/lv\/wp-json\/wp\/v2\/types\/product"}],"replies":[{"embeddable":true,"href":"https:\/\/vbd.dev.sumena.ee\/lv\/wp-json\/wp\/v2\/comments?post=333277"}],"wp:featuredmedia":[{"embeddable":true,"href":"https:\/\/vbd.dev.sumena.ee\/lv\/wp-json\/wp\/v2\/media\/333280"}],"wp:attachment":[{"href":"https:\/\/vbd.dev.sumena.ee\/lv\/wp-json\/wp\/v2\/media?parent=333277"}],"wp:term":[{"taxonomy":"product_brand","embeddable":true,"href":"https:\/\/vbd.dev.sumena.ee\/lv\/wp-json\/wp\/v2\/product_brand?post=333277"},{"taxonomy":"product_cat","embeddable":true,"href":"https:\/\/vbd.dev.sumena.ee\/lv\/wp-json\/wp\/v2\/product_cat?post=333277"},{"taxonomy":"product_tag","embeddable":true,"href":"https:\/\/vbd.dev.sumena.ee\/lv\/wp-json\/wp\/v2\/product_tag?post=333277"}],"curies":[{"name":"wp","href":"https:\/\/api.w.org\/{rel}","templated":true}]}}