{"id":332918,"date":"2025-11-23T14:00:07","date_gmt":"2025-11-23T11:00:07","guid":{"rendered":"https:\/\/vbd.dev.sumena.ee\/?post_type=product&#038;p=332918"},"modified":"2026-02-09T17:02:47","modified_gmt":"2026-02-09T14:02:47","slug":"puksmahkmed-pampers-premium-care-s3-28tk","status":"publish","type":"product","link":"https:\/\/vbd.dev.sumena.ee\/lv\/products-2\/puksmahkmed-pampers-premium-care-s3-28tk\/","title":{"rendered":"Auti\u0146bikses PAMPERS Premium Care S3 28gab"},"content":{"rendered":"<p>Pied\u0101v\u0101 savam b\u0113rnam Pampers visliel\u0101ko \u0113rt\u012bbu un aizsardz\u012bbu ar Pampers Premium Care biks\u012btm\u0113r\u0137iem! Tagad ar unik\u0101lu Stop &amp; Protect kabatu, kas nov\u0113r\u0161 nopl\u016bdes no muguras l\u012bdz pat 12 stund\u0101m, lai b\u0113rns b\u016btu piln\u012bb\u0101 pasarg\u0101ts no nopl\u016bd\u0113m. Kad tavs b\u0113rns k\u013c\u016bst akt\u012bv\u0101ks, vajadz\u012bga auti\u0146biks\u012bte, kas \u0113rti piel\u0101gojas katrai kust\u012bbai un nodro\u0161ina uzticamu aizsardz\u012bbu. Tie\u0161i t\u0101p\u0113c Pampers Premium Care biks\u012btm\u0113r\u0137i sniedz Pampers visliel\u0101ko \u0113rtumu un aizsardz\u012bbu, pateicoties 360\u00b0 Comfort Fit un \u013coti m\u012bkstiem, elast\u012bgiem materi\u0101liem, kas seko r\u0101pojo\u0161a mazu\u013ca<\/p>","protected":false},"excerpt":{"rendered":"<p>Pied\u0101v\u0101 savam b\u0113rnam Pampers visliel\u0101ko \u0113rtumu un aizsardz\u012bbu ar Pampers Premium Care biks\u012bt\u0113m! Tagad ar unik\u0101lo Stop &amp; Protect kabati\u0146u, kas nov\u0113r\u0161 nopl\u016bdes no muguras l\u012bdz 12 stund\u0101m, lai b\u0113rns b\u016btu piln\u012bb\u0101 pasarg\u0101ts no nopl\u016bd\u0113m. Kad tavs b\u0113rns k\u013c\u016bst akt\u012bv\u0101ks, vajadz\u012bga \u0113rti piegu\u013co\u0161a auti\u0146biks\u012bte katrai kust\u012bbai, kas nodro\u0161ina ar\u012b uzticamu aizsardz\u012bbu. Tie\u0161i t\u0101p\u0113c Pampers Premium Care pied\u0101v\u0101 [&hellip;]<\/p>","protected":false},"featured_media":332919,"comment_status":"open","ping_status":"closed","template":"","meta":{"_acf_changed":false},"product_brand":[],"product_cat":[186,88],"product_tag":[],"class_list":{"0":"post-332918","1":"product","2":"type-product","3":"status-publish","4":"has-post-thumbnail","6":"product_cat-kodukaubad","7":"product_cat-tarbekaubad-tooted","9":"first","10":"instock","11":"sale","12":"taxable","13":"shipping-taxable","14":"purchasable","15":"product-type-simple"},"supplier_id":null,"supplier_sku":"","barcode":null,"atum_controlled":true,"out_stock_date":null,"out_stock_threshold":null,"inheritable":false,"inbound_stock":0,"stock_on_hold":0,"sold_today":0,"sales_last_days":6,"reserved_stock":0,"customer_returns":0,"warehouse_damage":0,"lost_in_post":0,"other_logs":0,"out_stock_days":0,"lost_sales":0,"has_location":false,"update_date":"2026-02-11T17:42:47","atum_locations":[],"atum_stock_status":"instock","restock_status":false,"low_stock_amount":"","sales_update_date":"2026-02-11T17:42:40","calc_backorders":null,"acf":[],"_links":{"self":[{"href":"https:\/\/vbd.dev.sumena.ee\/lv\/wp-json\/wp\/v2\/product\/332918","targetHints":{"allow":["GET"]}}],"collection":[{"href":"https:\/\/vbd.dev.sumena.ee\/lv\/wp-json\/wp\/v2\/product"}],"about":[{"href":"https:\/\/vbd.dev.sumena.ee\/lv\/wp-json\/wp\/v2\/types\/product"}],"replies":[{"embeddable":true,"href":"https:\/\/vbd.dev.sumena.ee\/lv\/wp-json\/wp\/v2\/comments?post=332918"}],"wp:featuredmedia":[{"embeddable":true,"href":"https:\/\/vbd.dev.sumena.ee\/lv\/wp-json\/wp\/v2\/media\/332919"}],"wp:attachment":[{"href":"https:\/\/vbd.dev.sumena.ee\/lv\/wp-json\/wp\/v2\/media?parent=332918"}],"wp:term":[{"taxonomy":"product_brand","embeddable":true,"href":"https:\/\/vbd.dev.sumena.ee\/lv\/wp-json\/wp\/v2\/product_brand?post=332918"},{"taxonomy":"product_cat","embeddable":true,"href":"https:\/\/vbd.dev.sumena.ee\/lv\/wp-json\/wp\/v2\/product_cat?post=332918"},{"taxonomy":"product_tag","embeddable":true,"href":"https:\/\/vbd.dev.sumena.ee\/lv\/wp-json\/wp\/v2\/product_tag?post=332918"}],"curies":[{"name":"wp","href":"https:\/\/api.w.org\/{rel}","templated":true}]}}