{"id":332650,"date":"2025-11-23T13:43:53","date_gmt":"2025-11-23T10:43:53","guid":{"rendered":"https:\/\/vbd.dev.sumena.ee\/?post_type=product&#038;p=332650"},"modified":"2026-01-13T00:14:49","modified_gmt":"2026-01-12T21:14:49","slug":"teipmahkmed-pampers-premium-care-s6-38tk","status":"publish","type":"product","link":"https:\/\/vbd.dev.sumena.ee\/lv\/products-2\/teipmahkmed-pampers-premium-care-s6-38tk\/","title":{"rendered":"Auti\u0146bikses PAMPERS Premium Care S6 38 gab."},"content":{"rendered":"<div>Pampers lab\u0101k\u0101 aizsardz\u012bba jaundzimu\u0161\u0101 jut\u012bgajai \u0101dai. Ilgsto\u0161a saskare ar ur\u012bnu un izk\u0101rn\u012bjumiem var pasliktin\u0101t mazu\u013ca jut\u012bg\u0101s \u0101das st\u0101vokli un izrais\u012bt diskomfortu vai kaites.<\/div>\n<div><\/div>\n<div>Auti\u0146biks\u012btes Pampers Premium Care ir \u012bpa\u0161i izstr\u0101d\u0101tas, lai nodro\u0161in\u0101tu vism\u012bkst\u0101ko un visr\u016bp\u012bg\u0101ko aizsardz\u012bbu, pateicoties \u0161\u0101diem elementiem.<\/div>\n<div>1) Unik\u0101ls DERMACOMFORT sl\u0101nis ar absorb\u0113jo\u0161\u0101m por\u0101m, kas acumirkl\u012b ievilks mitrumu un net\u012brumus no \u0101das un iesl\u0113gs tos auti\u0146\u0101. T\u0101 maiga b\u0113rna \u0101da paliek sausa un aizsarg\u0101ta.<\/div>\n<div>2) Izv\u0113l\u0113tie br\u012bvi sat\u012btie m\u012bkstie materi\u0101li ir \u012bpa\u0161i maigi pret z\u012bdai\u0146a \u0101du.<\/div>\n<div>3) Unik\u0101la tr\u012bsvirzienu aizsardz\u012bbas sist\u0113ma, kas \u0101tri uzs\u016bc \u0161\u0137idrumu un pal\u012bdz nov\u0113rst nopl\u016bdes jostasviet\u0101 un ap k\u0101j\u0101m.<\/div>\n<div>Auti\u0146bikses Pampers Premium Care, ko iesaka Skin Health Alliance, ir 100% dro\u0161as mazu\u013ca \u0101dai: t\u0101s ir dermatolo\u0123iski test\u0113tas un nesatur nevienu no EU26 izraiso\u0161o alergiju smar\u017evielu.<\/div>","protected":false},"excerpt":{"rendered":"<p>Pampers lab\u0101k\u0101 aizsardz\u012bba mazu\u013cu j\u016bt\u012bgajai \u0101dai. Ilgsto\u0161a saskare ar ur\u012bnu un izk\u0101rn\u012bjumiem var pasliktin\u0101t mazu\u013ca j\u016bt\u012bg\u0101s \u0101das st\u0101vokli un izrais\u012bt diskomfortu vai nez\u0101les. Auti\u0146biks\u012btes Pampers Premium Care ir speci\u0101li izstr\u0101d\u0101tas, lai nodro\u0161in\u0101tu maig\u0101ko un r\u016bp\u012bg\u0101ko aizsardz\u012bbu, pateicoties \u0161\u0101d\u0101m \u012bpa\u0161\u012bb\u0101m. 1) Unik\u0101ls DERMACOMFORT sl\u0101nis ar absorb\u0113jo\u0161\u0101m por\u0101m, kas mirkl\u012b aizvelk mitrumu un net\u012brumus prom no \u0101das un iesl\u0113dz tos auti\u0146biks\u012bt\u0113. T\u0101d\u0113j\u0101di [&hellip;]<\/p>","protected":false},"featured_media":332910,"comment_status":"open","ping_status":"closed","template":"","meta":{"_acf_changed":false},"product_brand":[],"product_cat":[186,88],"product_tag":[],"class_list":{"0":"post-332650","1":"product","2":"type-product","3":"status-publish","4":"has-post-thumbnail","6":"product_cat-kodukaubad","7":"product_cat-tarbekaubad-tooted","9":"first","10":"instock","11":"sale","12":"taxable","13":"shipping-taxable","14":"purchasable","15":"product-type-simple"},"supplier_id":null,"supplier_sku":"","barcode":null,"atum_controlled":true,"out_stock_date":null,"out_stock_threshold":null,"inheritable":false,"inbound_stock":0,"stock_on_hold":0,"sold_today":0,"sales_last_days":0,"reserved_stock":0,"customer_returns":0,"warehouse_damage":0,"lost_in_post":0,"other_logs":0,"out_stock_days":0,"lost_sales":0,"has_location":false,"update_date":"2026-02-09T12:51:03","atum_locations":[],"atum_stock_status":"instock","restock_status":false,"low_stock_amount":"","sales_update_date":"2026-02-09T12:51:03","calc_backorders":null,"acf":[],"_links":{"self":[{"href":"https:\/\/vbd.dev.sumena.ee\/lv\/wp-json\/wp\/v2\/product\/332650","targetHints":{"allow":["GET"]}}],"collection":[{"href":"https:\/\/vbd.dev.sumena.ee\/lv\/wp-json\/wp\/v2\/product"}],"about":[{"href":"https:\/\/vbd.dev.sumena.ee\/lv\/wp-json\/wp\/v2\/types\/product"}],"replies":[{"embeddable":true,"href":"https:\/\/vbd.dev.sumena.ee\/lv\/wp-json\/wp\/v2\/comments?post=332650"}],"wp:featuredmedia":[{"embeddable":true,"href":"https:\/\/vbd.dev.sumena.ee\/lv\/wp-json\/wp\/v2\/media\/332910"}],"wp:attachment":[{"href":"https:\/\/vbd.dev.sumena.ee\/lv\/wp-json\/wp\/v2\/media?parent=332650"}],"wp:term":[{"taxonomy":"product_brand","embeddable":true,"href":"https:\/\/vbd.dev.sumena.ee\/lv\/wp-json\/wp\/v2\/product_brand?post=332650"},{"taxonomy":"product_cat","embeddable":true,"href":"https:\/\/vbd.dev.sumena.ee\/lv\/wp-json\/wp\/v2\/product_cat?post=332650"},{"taxonomy":"product_tag","embeddable":true,"href":"https:\/\/vbd.dev.sumena.ee\/lv\/wp-json\/wp\/v2\/product_tag?post=332650"}],"curies":[{"name":"wp","href":"https:\/\/api.w.org\/{rel}","templated":true}]}}