{"id":332642,"date":"2025-11-22T16:55:30","date_gmt":"2025-11-22T13:55:30","guid":{"rendered":"https:\/\/vbd.dev.sumena.ee\/?post_type=product&#038;p=332642"},"modified":"2026-01-27T17:07:45","modified_gmt":"2026-01-27T14:07:45","slug":"puksmahkmed-pampers-premium-care-s7-17kg-36tk","status":"publish","type":"product","link":"https:\/\/vbd.dev.sumena.ee\/lv\/products-2\/puksmahkmed-pampers-premium-care-s7-17kg-36tk\/","title":{"rendered":"Auti\u0146bikses PAMPERS Premium Care S7 17+kg 36 gab."},"content":{"rendered":"<div class=\"Accordion AttributeAccordion\" data-v-28ef612e=\"\">\n<div class=\"Accordion__content\">\n<div class=\"AttributeAccordion__content\" data-v-28ef612e=\"\">Kad j\u016bsu mazulis k\u013c\u016bst akt\u012bv\u0101ks, jums nepiecie\u0161amas auti\u0146biks\u012btes, kas der \u0113rti un aizsarg\u0101 katr\u0101 kust\u012bb\u0101. T\u0101p\u0113c Pampers Premium Care pultsauti\u0146biks\u012btes nodro\u0161ina vislab\u0101ko komfortu un 360\u00b0 \u0113rtu aizsardz\u012bbu, pateicoties \u012bpa\u0161i m\u012bkstiem un elast\u012bgiem materi\u0101liem, kas piel\u0101gojas j\u016bsu nemier\u012bg\u0101 mazu\u013ca \u0137erme\u0146a formai. Pampers Premium Care pultsauti\u0146biks\u012btes, t\u0101pat k\u0101 visas Pampers pultsauti\u0146biks\u012btes, ir viegli nomain\u0101mas: t\u0101s var vilkt uz k\u0101j\u0101m un no\u0146emt ar vienu vilcienu, pat ja mazulis ir nemier\u012bgs.<\/div>\n<\/div>\n<\/div>\n<div class=\"Accordion AttributeAccordion\" data-v-28ef612e=\"\"><\/div>","protected":false},"excerpt":{"rendered":"<p>Kui teie laps hakkab aktiivsemalt tegutsema, vajate m\u00e4hkmeid, mis istuvad talle mugavalt ja kaitsevad teda iga liigutuse korral. Seet\u00f5ttu pakuvad Pampers Premium Care p\u00fcksm\u00e4hkmed parimat mugavust ja 360\u00b0 mugavat kaitset t\u00e4nu \u00fclipehmetele ja painduvatele materjalidele, mis kohanduvad teie rahutu beebi kehakujuga. Pampers Premium Care p\u00fcksm\u00e4hkmed, nagu k\u00f5iki Pampersi p\u00fcksm\u00e4hkmeid, on lihtne vahetada: saate need \u00fche [&hellip;]<\/p>","protected":false},"featured_media":332643,"comment_status":"open","ping_status":"closed","template":"","meta":{"_acf_changed":false},"product_brand":[],"product_cat":[186,76,88],"product_tag":[],"class_list":{"0":"post-332642","1":"product","2":"type-product","3":"status-publish","4":"has-post-thumbnail","6":"product_cat-kodukaubad","7":"product_cat-tooted","8":"product_cat-tarbekaubad-tooted","10":"first","11":"instock","12":"sale","13":"taxable","14":"shipping-taxable","15":"purchasable","16":"product-type-simple"},"supplier_id":null,"supplier_sku":"","barcode":null,"atum_controlled":true,"out_stock_date":null,"out_stock_threshold":null,"inheritable":false,"inbound_stock":0,"stock_on_hold":0,"sold_today":0,"sales_last_days":5,"reserved_stock":0,"customer_returns":0,"warehouse_damage":0,"lost_in_post":0,"other_logs":0,"out_stock_days":0,"lost_sales":0,"has_location":false,"update_date":"2026-02-09T12:51:04","atum_locations":[],"atum_stock_status":"instock","restock_status":true,"low_stock_amount":"","sales_update_date":"2026-02-09T12:51:04","calc_backorders":null,"acf":[],"_links":{"self":[{"href":"https:\/\/vbd.dev.sumena.ee\/lv\/wp-json\/wp\/v2\/product\/332642","targetHints":{"allow":["GET"]}}],"collection":[{"href":"https:\/\/vbd.dev.sumena.ee\/lv\/wp-json\/wp\/v2\/product"}],"about":[{"href":"https:\/\/vbd.dev.sumena.ee\/lv\/wp-json\/wp\/v2\/types\/product"}],"replies":[{"embeddable":true,"href":"https:\/\/vbd.dev.sumena.ee\/lv\/wp-json\/wp\/v2\/comments?post=332642"}],"wp:featuredmedia":[{"embeddable":true,"href":"https:\/\/vbd.dev.sumena.ee\/lv\/wp-json\/wp\/v2\/media\/332643"}],"wp:attachment":[{"href":"https:\/\/vbd.dev.sumena.ee\/lv\/wp-json\/wp\/v2\/media?parent=332642"}],"wp:term":[{"taxonomy":"product_brand","embeddable":true,"href":"https:\/\/vbd.dev.sumena.ee\/lv\/wp-json\/wp\/v2\/product_brand?post=332642"},{"taxonomy":"product_cat","embeddable":true,"href":"https:\/\/vbd.dev.sumena.ee\/lv\/wp-json\/wp\/v2\/product_cat?post=332642"},{"taxonomy":"product_tag","embeddable":true,"href":"https:\/\/vbd.dev.sumena.ee\/lv\/wp-json\/wp\/v2\/product_tag?post=332642"}],"curies":[{"name":"wp","href":"https:\/\/api.w.org\/{rel}","templated":true}]}}