{"id":332055,"date":"2025-11-20T20:33:53","date_gmt":"2025-11-20T17:33:53","guid":{"rendered":"https:\/\/vbd.dev.sumena.ee\/?post_type=product&#038;p=332055"},"modified":"2026-02-11T11:21:55","modified_gmt":"2026-02-11T08:21:55","slug":"blux-manguasjade-puhastusvahend-blux-650ml","status":"publish","type":"product","link":"https:\/\/vbd.dev.sumena.ee\/lv\/products-2\/blux-manguasjade-puhastusvahend-blux-650ml\/","title":{"rendered":"Blux rota\u013clietu t\u012br\u012b\u0161anas l\u012bdzeklis Blux 650ml"},"content":{"rendered":"<div class=\"ama-single-product__content\">\n<div class=\"classic-editor\">\n<p>Speci\u0101li izstr\u0101d\u0101ts t\u012br\u012b\u0161anas l\u012bdzeklis b\u0113rnu rota\u013clietu, virsmu un aksesu\u0101ru mazg\u0101\u0161anai. Netoksisks, bez kr\u0101sviel\u0101m. Glab\u0101t b\u0113rniem nepieejam\u0101 viet\u0101.<\/p>\n<\/div>\n<div class=\"classic-editor\">\n<p><strong>Sast\u0101vda\u013cas:<\/strong> Anjonu mazg\u0101\u0161anas l\u012bdzeklis &lt;5%, Parf\u012bms, Sodium benzoate, Potassium sorbate<\/p>\n<\/div>\n<\/div>\n<div class=\"pwb-single-product-brands pwb-clearfix\"><\/div>","protected":false},"excerpt":{"rendered":"<p>Speci\u0101li izstr\u0101d\u0101ts t\u012br\u012b\u0161anas l\u012bdzeklis b\u0113rnu rota\u013clietu, virsmu un piederumu mazg\u0101\u0161anai. Netoksisks, bez kr\u0101sviel\u0101m. Glab\u0101t b\u0113rniem nepieejam\u0101 viet\u0101. Sast\u0101vs: Anionic surfactant &lt;5%, Parfum, Sodium benzoate, Potassium sorbate<\/p>","protected":false},"featured_media":332058,"comment_status":"open","ping_status":"closed","template":"","meta":{"_acf_changed":false},"product_brand":[],"product_cat":[185,88],"product_tag":[],"class_list":{"0":"post-332055","1":"product","2":"type-product","3":"status-publish","4":"has-post-thumbnail","6":"product_cat-puhastus-ja-koristusvahendid","7":"product_cat-tarbekaubad-tooted","9":"first","10":"instock","11":"sale","12":"taxable","13":"shipping-taxable","14":"purchasable","15":"product-type-simple"},"supplier_id":null,"supplier_sku":"","barcode":null,"atum_controlled":true,"out_stock_date":null,"out_stock_threshold":null,"inheritable":false,"inbound_stock":0,"stock_on_hold":0,"sold_today":0,"sales_last_days":3,"reserved_stock":0,"customer_returns":0,"warehouse_damage":0,"lost_in_post":0,"other_logs":0,"out_stock_days":0,"lost_sales":0,"has_location":false,"update_date":"2026-02-12T10:34:52","atum_locations":[],"atum_stock_status":"instock","restock_status":false,"low_stock_amount":"","sales_update_date":"2026-02-12T10:34:42","calc_backorders":null,"acf":[],"_links":{"self":[{"href":"https:\/\/vbd.dev.sumena.ee\/lv\/wp-json\/wp\/v2\/product\/332055","targetHints":{"allow":["GET"]}}],"collection":[{"href":"https:\/\/vbd.dev.sumena.ee\/lv\/wp-json\/wp\/v2\/product"}],"about":[{"href":"https:\/\/vbd.dev.sumena.ee\/lv\/wp-json\/wp\/v2\/types\/product"}],"replies":[{"embeddable":true,"href":"https:\/\/vbd.dev.sumena.ee\/lv\/wp-json\/wp\/v2\/comments?post=332055"}],"wp:featuredmedia":[{"embeddable":true,"href":"https:\/\/vbd.dev.sumena.ee\/lv\/wp-json\/wp\/v2\/media\/332058"}],"wp:attachment":[{"href":"https:\/\/vbd.dev.sumena.ee\/lv\/wp-json\/wp\/v2\/media?parent=332055"}],"wp:term":[{"taxonomy":"product_brand","embeddable":true,"href":"https:\/\/vbd.dev.sumena.ee\/lv\/wp-json\/wp\/v2\/product_brand?post=332055"},{"taxonomy":"product_cat","embeddable":true,"href":"https:\/\/vbd.dev.sumena.ee\/lv\/wp-json\/wp\/v2\/product_cat?post=332055"},{"taxonomy":"product_tag","embeddable":true,"href":"https:\/\/vbd.dev.sumena.ee\/lv\/wp-json\/wp\/v2\/product_tag?post=332055"}],"curies":[{"name":"wp","href":"https:\/\/api.w.org\/{rel}","templated":true}]}}