{"id":332049,"date":"2025-11-20T20:22:34","date_gmt":"2025-11-20T17:22:34","guid":{"rendered":"https:\/\/vbd.dev.sumena.ee\/?post_type=product&#038;p=332049"},"modified":"2026-02-07T09:05:52","modified_gmt":"2026-02-07T06:05:52","slug":"kinkekomplekt-pan-aroma-aroomioli-3x10ml","status":"publish","type":"product","link":"https:\/\/vbd.dev.sumena.ee\/lv\/products-2\/kinkekomplekt-pan-aroma-aroomioli-3x10ml\/","title":{"rendered":"D\u0101vanu komplekts Pan Aroma Arom\u0101tisk\u0101 e\u013c\u013ca 3x10ml"},"content":{"rendered":"<div class=\"ama-single-product__content\">\n<div class=\"classic-editor\">\n<p>Aromterapijas e\u013c\u013ca ir ide\u0101la lieto\u0161anai m\u0101j\u0101s, pal\u012bdz uzlabot garast\u0101vokli un rad\u012bt \u0137erme\u0146a un dv\u0113seles labsaj\u016btu. Pelargonijai ir nomierino\u0161a iedarb\u012bba un t\u0101 ir dab\u012bgs antidepresants.<br \/>\nLai pan\u0101ktu maksim\u0101lu efektu, lietojiet vann\u0101, uz \u0137erme\u0146a vai aromalamp\u0101s.<\/p>\n<p>Lieto\u0161ana. Mas\u0101\u017eai at\u0161\u0137aida 5 pilienus 10 ml b\u0101zes e\u013c\u013c\u0101. Vann\u0101 at\u0161\u0137aida 4\u20136 pilienus teko\u0161\u0101 \u016bden\u012b. Aromalamp\u0101m lieto\u0161anai at\u0161\u0137aida 5\u20136 pilienus ar \u016bdeni.<\/p>\n<p>Br\u012bdin\u0101jums. Glab\u0101t b\u0113rniem nepieejam\u0101 viet\u0101! Tikai \u0101r\u0113jai lieto\u0161anai. Nelietot uz boj\u0101tas vai iekais\u012bgas \u0101das. Var izrais\u012bt jut\u012bgas \u0101das kairin\u0101jumu. Ja esat st\u0101vokl\u012b, barojat b\u0113rnu ar kr\u016bti vai lietojat medikamentus, konsult\u0113jieties ar \u0101rstu.<\/p>\n<\/div>\n<\/div>\n<div class=\"pwb-single-product-brands pwb-clearfix\"><\/div>","protected":false},"excerpt":{"rendered":"<p>Aromterapijas e\u013c\u013ca ir ide\u0101la lieto\u0161anai m\u0101j\u0101s, pal\u012bdz uzlabot garast\u0101vokli un sniedz \u0137erme\u0146a un dv\u0113seles labsaj\u016btu. Pelargonijai ir nomierino\u0161a iedarb\u012bba un t\u0101 ir dab\u012bgs antidepresants. Lai pan\u0101ktu maksim\u0101lu efektu, lietojiet vann\u0101, uz \u0137erme\u0146a vai aromalamp\u0101s. Lieto\u0161ana. Mas\u0101\u017eai at\u0161\u0137aid\u012bt 5 pilienus 10 ml b\u0101zes e\u013c\u013c\u0101. Vann\u0101 at\u0161\u0137aid\u012bt 4\u20136 pilienus teko\u0161a \u016bdens str\u016bkl\u0101. Aromalamp\u0101m at\u0161\u0137aid\u012bt 5\u20136 pilienus ar \u016bdeni. Br\u012bdin\u0101jums. Glab\u0101t [&hellip;]<\/p>","protected":false},"featured_media":332050,"comment_status":"open","ping_status":"closed","template":"","meta":{"_acf_changed":false},"product_brand":[],"product_cat":[186,88],"product_tag":[],"class_list":{"0":"post-332049","1":"product","2":"type-product","3":"status-publish","4":"has-post-thumbnail","6":"product_cat-kodukaubad","7":"product_cat-tarbekaubad-tooted","9":"first","10":"instock","11":"sale","12":"taxable","13":"shipping-taxable","14":"purchasable","15":"product-type-simple"},"supplier_id":null,"supplier_sku":"","barcode":null,"atum_controlled":true,"out_stock_date":null,"out_stock_threshold":null,"inheritable":false,"inbound_stock":0,"stock_on_hold":0,"sold_today":0,"sales_last_days":3,"reserved_stock":0,"customer_returns":0,"warehouse_damage":0,"lost_in_post":0,"other_logs":0,"out_stock_days":0,"lost_sales":0,"has_location":false,"update_date":"2026-02-09T19:47:55","atum_locations":[],"atum_stock_status":"instock","restock_status":false,"low_stock_amount":"","sales_update_date":"2026-02-09T19:47:48","calc_backorders":null,"acf":[],"_links":{"self":[{"href":"https:\/\/vbd.dev.sumena.ee\/lv\/wp-json\/wp\/v2\/product\/332049","targetHints":{"allow":["GET"]}}],"collection":[{"href":"https:\/\/vbd.dev.sumena.ee\/lv\/wp-json\/wp\/v2\/product"}],"about":[{"href":"https:\/\/vbd.dev.sumena.ee\/lv\/wp-json\/wp\/v2\/types\/product"}],"replies":[{"embeddable":true,"href":"https:\/\/vbd.dev.sumena.ee\/lv\/wp-json\/wp\/v2\/comments?post=332049"}],"wp:featuredmedia":[{"embeddable":true,"href":"https:\/\/vbd.dev.sumena.ee\/lv\/wp-json\/wp\/v2\/media\/332050"}],"wp:attachment":[{"href":"https:\/\/vbd.dev.sumena.ee\/lv\/wp-json\/wp\/v2\/media?parent=332049"}],"wp:term":[{"taxonomy":"product_brand","embeddable":true,"href":"https:\/\/vbd.dev.sumena.ee\/lv\/wp-json\/wp\/v2\/product_brand?post=332049"},{"taxonomy":"product_cat","embeddable":true,"href":"https:\/\/vbd.dev.sumena.ee\/lv\/wp-json\/wp\/v2\/product_cat?post=332049"},{"taxonomy":"product_tag","embeddable":true,"href":"https:\/\/vbd.dev.sumena.ee\/lv\/wp-json\/wp\/v2\/product_tag?post=332049"}],"curies":[{"name":"wp","href":"https:\/\/api.w.org\/{rel}","templated":true}]}}