{"id":332037,"date":"2025-12-30T16:40:37","date_gmt":"2025-12-30T13:40:37","guid":{"rendered":"https:\/\/vbd.dev.sumena.ee\/?post_type=product&#038;p=332037"},"modified":"2026-02-07T07:52:09","modified_gmt":"2026-02-07T04:52:09","slug":"teekuunal-pan-aroma-orange-spice-18tk","status":"publish","type":"product","link":"https:\/\/vbd.dev.sumena.ee\/lv\/products-2\/teekuunal-pan-aroma-orange-spice-18tk\/","title":{"rendered":"T\u0113jas svece Pan Aroma ORANGE SPICE 18 gab."},"content":{"rendered":"<div class=\"ama-single-product__content\">\n<div class=\"classic-editor\">\n<p>Maigs apels\u012bns un sul\u012bgs mandar\u012bns, p\u0101rkais\u012bti ar silt\u0101m gar\u0161viel\u0101m un papildin\u0101ti ar gran\u0101t\u0101bolu.<\/p>\n<p>Br\u012bdin\u0101jums: Sveces var izrais\u012bt ugunsgr\u0113ku. No\u0146emiet iepakojumu un eti\u0137etes pirms aizdedzin\u0101\u0161anas. Neatst\u0101jiet dego\u0161u svec\u012bti bez uzraudz\u012bbas. Novietojiet dego\u0161u svec\u012bti b\u0113rniem un m\u0101jdz\u012bvniekiem nepieejam\u0101 viet\u0101. Dedziniet tikai uz l\u012bdzenas, stabilas, neporaivas un karstumiztur\u012bgas virsmas. Atst\u0101jiet vismaz 10 cm att\u0101lumu starp dego\u0161\u0101m svec\u0113m. Nededziniet svec\u012bti tuvu viegli uzliesmojo\u0161iem materi\u0101liem. Aizdz\u0113siet svec\u012bti, ja t\u0101 d\u016bmo, atk\u0101rtoti mirgo vai liesma ir p\u0101r\u0101k augsta.<\/p>\n<\/div>\n<\/div>","protected":false},"excerpt":{"rendered":"<p>Maigs apels\u012bns un sul\u012bga mandar\u012bna, kam pievienotas siltas gar\u0161vielas un gran\u0101t\u0101bols. Br\u012bdin\u0101jums: Sveces var izrais\u012bt ugunsgr\u0113ku. No\u0146emiet iepakojumu un eti\u0137etes pirms aizdedzin\u0101\u0161anas. Nepamirziet dego\u0161u svec\u012bti bez uzraudz\u012bbas. Novietojiet dego\u0161u svec\u012bti b\u0113rniem un m\u0101jdz\u012bvniekiem nepieejam\u0101 viet\u0101. Dedzin\u0101t tikai uz gludas, cietas, neporainas un karstumiztur\u012bgas virsmas. Atst\u0101jiet vismaz 10 cm att\u0101lumu starp dedzino\u0161\u0101m svec\u0113m. Nededzin\u0101t [&hellip;]<\/p>","protected":false},"featured_media":332038,"comment_status":"open","ping_status":"closed","template":"","meta":{"_acf_changed":false},"product_brand":[],"product_cat":[186,88],"product_tag":[],"class_list":{"0":"post-332037","1":"product","2":"type-product","3":"status-publish","4":"has-post-thumbnail","6":"product_cat-kodukaubad","7":"product_cat-tarbekaubad-tooted","9":"first","10":"instock","11":"sale","12":"taxable","13":"shipping-taxable","14":"purchasable","15":"product-type-simple"},"supplier_id":null,"supplier_sku":"","barcode":null,"atum_controlled":true,"out_stock_date":null,"out_stock_threshold":null,"inheritable":false,"inbound_stock":0,"stock_on_hold":0,"sold_today":0,"sales_last_days":12,"reserved_stock":0,"customer_returns":0,"warehouse_damage":0,"lost_in_post":0,"other_logs":0,"out_stock_days":0,"lost_sales":0,"has_location":false,"update_date":"2026-02-09T08:46:24","atum_locations":[],"atum_stock_status":"instock","restock_status":false,"low_stock_amount":"","sales_update_date":"2026-02-09T08:46:18","calc_backorders":null,"acf":[],"_links":{"self":[{"href":"https:\/\/vbd.dev.sumena.ee\/lv\/wp-json\/wp\/v2\/product\/332037","targetHints":{"allow":["GET"]}}],"collection":[{"href":"https:\/\/vbd.dev.sumena.ee\/lv\/wp-json\/wp\/v2\/product"}],"about":[{"href":"https:\/\/vbd.dev.sumena.ee\/lv\/wp-json\/wp\/v2\/types\/product"}],"replies":[{"embeddable":true,"href":"https:\/\/vbd.dev.sumena.ee\/lv\/wp-json\/wp\/v2\/comments?post=332037"}],"wp:featuredmedia":[{"embeddable":true,"href":"https:\/\/vbd.dev.sumena.ee\/lv\/wp-json\/wp\/v2\/media\/332038"}],"wp:attachment":[{"href":"https:\/\/vbd.dev.sumena.ee\/lv\/wp-json\/wp\/v2\/media?parent=332037"}],"wp:term":[{"taxonomy":"product_brand","embeddable":true,"href":"https:\/\/vbd.dev.sumena.ee\/lv\/wp-json\/wp\/v2\/product_brand?post=332037"},{"taxonomy":"product_cat","embeddable":true,"href":"https:\/\/vbd.dev.sumena.ee\/lv\/wp-json\/wp\/v2\/product_cat?post=332037"},{"taxonomy":"product_tag","embeddable":true,"href":"https:\/\/vbd.dev.sumena.ee\/lv\/wp-json\/wp\/v2\/product_tag?post=332037"}],"curies":[{"name":"wp","href":"https:\/\/api.w.org\/{rel}","templated":true}]}}