{"id":332015,"date":"2025-11-20T19:19:47","date_gmt":"2025-11-20T16:19:47","guid":{"rendered":"https:\/\/vbd.dev.sumena.ee\/?post_type=product&#038;p=332015"},"modified":"2026-02-09T14:28:43","modified_gmt":"2026-02-09T11:28:43","slug":"ruumilohnastaja-pan-aroma-jouluvana-cinnamon-pine-cone-50ml","status":"publish","type":"product","link":"https:\/\/vbd.dev.sumena.ee\/lv\/products-2\/ruumilohnastaja-pan-aroma-jouluvana-cinnamon-pine-cone-50ml\/","title":{"rendered":"Telpu aromatiz\u0113t\u0101js Pan Aroma Ziemassv\u0113tku vec\u012btis CINNAMON &#038; PINE CONE 50ml"},"content":{"rendered":"<div class=\"ama-single-product__content\">\n<div class=\"classic-editor\">\n<p>Lieto\u0161anas nor\u0101d\u012bjumi: 1. Turiet pudeli vertik\u0101l\u0101 st\u0101vokl\u012b. Uzman\u012bgi no\u0146emiet plastmasas aizb\u0101zni, novietojot pudeli uz l\u012bdzenas virsmas. 2. Ievietojiet n\u016bji\u0146u caur aizb\u0101\u017e\u0146a vidu. \u013baujiet t\u0101m da\u017eas min\u016btes uzs\u016bkt arom\u0101tu. Iz\u0146emiet n\u016bji\u0146u un pagrieziet, lai aromatiz\u0113tie gali b\u016btu \u0101rpus pudeles. 3. Lai atsvaidzin\u0101tu smar\u017eu, periodiski pagrieziet n\u016bji\u0146as.<\/p>\n<p>Br\u012bdin\u0101jums: Nepielieciet kr\u0101sot\u0101m, ner\u016bs\u0113jo\u0161\u0101 t\u0113rauda, koka vai lakot\u0101m virsm\u0101m. Glab\u0101t b\u0113rniem nepieejam\u0101 viet\u0101. Mazg\u0101t rokas p\u0113c saskares ar produktu. Ja par\u0101d\u0101s \u0101das kairin\u0101jums, v\u0113rsties pie \u0101rsta.<\/p>\n<\/div>\n<\/div>\n<div class=\"pwb-single-product-brands pwb-clearfix\"><\/div>","protected":false},"excerpt":{"rendered":"<p>Lieto\u0161ana: 1. Turiet pudeli vertik\u0101l\u0101 st\u0101vokl\u012b. R\u016bp\u012bgi no\u0146emiet plastmasas kor\u0137i, novietojot pudeli uz l\u012bdzenas virsmas. 2. Ievietojiet n\u016bji\u0146u caur kor\u0137a centru. \u013baujiet t\u0101m da\u017eas min\u016btes smar\u017eoties. Iz\u0146emiet n\u016bji\u0146u un pagrieziet t\u0101s t\u0101, lai smar\u017eotie gali b\u016btu \u0101rpus pudeles. 3. Lai atsvaidzin\u0101tu arom\u0101tu, periodiski pagrieziet n\u016bji\u0146as. Br\u012bdin\u0101jums: Nelieciet uz kr\u0101sot\u0101m, ner\u016bs\u0113jo\u0161\u0101 t\u0113rauda, koka vai lakojo\u0161\u0101m virsm\u0101m. Glab\u0101t b\u0113rniem nepieejam\u0101 viet\u0101. [&hellip;]<\/p>","protected":false},"featured_media":332019,"comment_status":"open","ping_status":"closed","template":"","meta":{"_acf_changed":false},"product_brand":[],"product_cat":[186,88],"product_tag":[],"class_list":{"0":"post-332015","1":"product","2":"type-product","3":"status-publish","4":"has-post-thumbnail","6":"product_cat-kodukaubad","7":"product_cat-tarbekaubad-tooted","9":"first","10":"instock","11":"sale","12":"taxable","13":"shipping-taxable","14":"purchasable","15":"product-type-simple"},"supplier_id":null,"supplier_sku":"","barcode":null,"atum_controlled":true,"out_stock_date":null,"out_stock_threshold":null,"inheritable":false,"inbound_stock":0,"stock_on_hold":0,"sold_today":0,"sales_last_days":5,"reserved_stock":0,"customer_returns":0,"warehouse_damage":0,"lost_in_post":0,"other_logs":0,"out_stock_days":0,"lost_sales":0,"has_location":false,"update_date":"2026-02-10T13:12:40","atum_locations":[],"atum_stock_status":"instock","restock_status":false,"low_stock_amount":"","sales_update_date":"2026-02-10T13:12:22","calc_backorders":null,"acf":[],"_links":{"self":[{"href":"https:\/\/vbd.dev.sumena.ee\/lv\/wp-json\/wp\/v2\/product\/332015","targetHints":{"allow":["GET"]}}],"collection":[{"href":"https:\/\/vbd.dev.sumena.ee\/lv\/wp-json\/wp\/v2\/product"}],"about":[{"href":"https:\/\/vbd.dev.sumena.ee\/lv\/wp-json\/wp\/v2\/types\/product"}],"replies":[{"embeddable":true,"href":"https:\/\/vbd.dev.sumena.ee\/lv\/wp-json\/wp\/v2\/comments?post=332015"}],"wp:featuredmedia":[{"embeddable":true,"href":"https:\/\/vbd.dev.sumena.ee\/lv\/wp-json\/wp\/v2\/media\/332019"}],"wp:attachment":[{"href":"https:\/\/vbd.dev.sumena.ee\/lv\/wp-json\/wp\/v2\/media?parent=332015"}],"wp:term":[{"taxonomy":"product_brand","embeddable":true,"href":"https:\/\/vbd.dev.sumena.ee\/lv\/wp-json\/wp\/v2\/product_brand?post=332015"},{"taxonomy":"product_cat","embeddable":true,"href":"https:\/\/vbd.dev.sumena.ee\/lv\/wp-json\/wp\/v2\/product_cat?post=332015"},{"taxonomy":"product_tag","embeddable":true,"href":"https:\/\/vbd.dev.sumena.ee\/lv\/wp-json\/wp\/v2\/product_tag?post=332015"}],"curies":[{"name":"wp","href":"https:\/\/api.w.org\/{rel}","templated":true}]}}