{"id":332002,"date":"2025-12-30T16:36:38","date_gmt":"2025-12-30T13:36:38","guid":{"rendered":"https:\/\/vbd.dev.sumena.ee\/?post_type=product&#038;p=332002"},"modified":"2026-02-12T13:24:00","modified_gmt":"2026-02-12T10:24:00","slug":"vannisool-elysium-spa-kirss-kihisev-100-looduslik-450g","status":"publish","type":"product","link":"https:\/\/vbd.dev.sumena.ee\/lv\/products-2\/vannisool-elysium-spa-kirss-kihisev-100-looduslik-450g\/","title":{"rendered":"Vannas s\u0101ls Elysium Spa \u0136ir\u0161u G\u0101z\u0113jo\u0161s 100% dab\u012bgs 450g"},"content":{"rendered":"<div class=\"ama-single-product__content\">\n<div class=\"classic-editor\">\n<p>ELYSIUM SPA VANNISOOL CHERRY BOMB ir bag\u0101tin\u0101ts ar saldu un sul\u012bgu \u0137irsu pat\u012bkamu arom\u0101tu. Cherry Bomb Bath Salts mitrina un baro \u0101du, padarot to m\u012bkstu, elast\u012bgu un mitrin\u0101tu. Pal\u012bdz atsl\u0101bin\u0101t musku\u013cus un mazin\u0101t musku\u013cu s\u0101pes. 100% dab\u012bgas sast\u0101vda\u013cas.<\/p>\n<\/div>\n<\/div>\n<div class=\"pwb-single-product-brands pwb-clearfix\"><\/div>","protected":false},"excerpt":{"rendered":"<p>ELYSIUM SPA VANNISOOL CHERRY BOMB ir bag\u0101tin\u0101ts ar saldu un sul\u012bgu \u0137irsu pat\u012bkamu arom\u0101tu. Cherry Bomb Bath Salts mitrina un baro \u0101du, padarot to m\u012bkstu, elast\u012bgu un mitrin\u0101tu. Pal\u012bdz atsl\u0101bin\u0101t musku\u013cus un mazin\u0101t musku\u013cu s\u0101pes. 100% dab\u012bgas sast\u0101vda\u013cas.<\/p>","protected":false},"featured_media":332005,"comment_status":"open","ping_status":"closed","template":"","meta":{"_acf_changed":false},"product_brand":[],"product_cat":[156,104],"product_tag":[],"class_list":{"0":"post-332002","1":"product","2":"type-product","3":"status-publish","4":"has-post-thumbnail","6":"product_cat-naohooldus","7":"product_cat-enesehooldus","9":"first","10":"instock","11":"sale","12":"taxable","13":"shipping-taxable","14":"purchasable","15":"product-type-simple"},"supplier_id":null,"supplier_sku":"","barcode":null,"atum_controlled":true,"out_stock_date":null,"out_stock_threshold":null,"inheritable":false,"inbound_stock":0,"stock_on_hold":0,"sold_today":1,"sales_last_days":20,"reserved_stock":0,"customer_returns":0,"warehouse_damage":0,"lost_in_post":0,"other_logs":0,"out_stock_days":0,"lost_sales":0,"has_location":false,"update_date":"2026-02-12T13:24:59","atum_locations":[],"atum_stock_status":"instock","restock_status":false,"low_stock_amount":"","sales_update_date":"2026-02-12T13:24:50","calc_backorders":null,"acf":[],"_links":{"self":[{"href":"https:\/\/vbd.dev.sumena.ee\/lv\/wp-json\/wp\/v2\/product\/332002","targetHints":{"allow":["GET"]}}],"collection":[{"href":"https:\/\/vbd.dev.sumena.ee\/lv\/wp-json\/wp\/v2\/product"}],"about":[{"href":"https:\/\/vbd.dev.sumena.ee\/lv\/wp-json\/wp\/v2\/types\/product"}],"replies":[{"embeddable":true,"href":"https:\/\/vbd.dev.sumena.ee\/lv\/wp-json\/wp\/v2\/comments?post=332002"}],"wp:featuredmedia":[{"embeddable":true,"href":"https:\/\/vbd.dev.sumena.ee\/lv\/wp-json\/wp\/v2\/media\/332005"}],"wp:attachment":[{"href":"https:\/\/vbd.dev.sumena.ee\/lv\/wp-json\/wp\/v2\/media?parent=332002"}],"wp:term":[{"taxonomy":"product_brand","embeddable":true,"href":"https:\/\/vbd.dev.sumena.ee\/lv\/wp-json\/wp\/v2\/product_brand?post=332002"},{"taxonomy":"product_cat","embeddable":true,"href":"https:\/\/vbd.dev.sumena.ee\/lv\/wp-json\/wp\/v2\/product_cat?post=332002"},{"taxonomy":"product_tag","embeddable":true,"href":"https:\/\/vbd.dev.sumena.ee\/lv\/wp-json\/wp\/v2\/product_tag?post=332002"}],"curies":[{"name":"wp","href":"https:\/\/api.w.org\/{rel}","templated":true}]}}