{"id":330798,"date":"2025-11-24T16:20:19","date_gmt":"2025-11-24T13:20:19","guid":{"rendered":"https:\/\/vbd.dev.sumena.ee\/?post_type=product&#038;p=330798"},"modified":"2026-02-11T19:37:10","modified_gmt":"2026-02-11T16:37:10","slug":"satay-kaste-200g","status":"publish","type":"product","link":"https:\/\/vbd.dev.sumena.ee\/lv\/products-2\/satay-kaste-200g\/","title":{"rendered":"Satay m\u0113rce 200g"},"content":{"rendered":"<div class=\"woocommerce-product-details__short-description\">\n<p data-start=\"0\" data-end=\"391\">Satay m\u0113rce ir iedvesmojo\u0161a \u0100zijas stila wokm\u0113rce, kas apvieno maigu riekstu gar\u0161u un vieglu pikantumu, pied\u0101v\u0101jot m\u0101jas pav\u0101ram vienk\u0101r\u0161u iesp\u0113ju ienest eksotisku baud\u012bjumu ikdienas \u0113dienkart\u0113. M\u0113rce ir gatavota no dab\u012bg\u0101m sast\u0101vda\u013c\u0101m, piln\u012bgi bez glut\u0113na un piem\u0113rota ar\u012b veg\u0101niem.<\/p>\n<p data-start=\"0\" data-end=\"391\">Satay m\u0113rce nesatur m\u0101ksl\u012bgas kr\u0101svielas un gar\u0161as pastiprin\u0101t\u0101jus, t\u0101p\u0113c t\u0101 ir t\u012bra un apzin\u0101ta izv\u0113le jebkur\u0101 virtuv\u0113.<\/p>\n<p data-start=\"698\" data-end=\"933\">Piem\u0113rots \u0101triem wok \u0113dieniem, marin\u0101dei ga\u013cai vai tofu un ar\u012b m\u0113rc\u0113m pie r\u012bsu un n\u016bde\u013cu \u0113dieniem. Tas gatavojas \u0101tri \u2013 tikai da\u017eu min\u016b\u0161u laik\u0101 tev gatavs pilnv\u0113rt\u012bgs \u0113diens ar \u012bstu \u0100zijas piesk\u0101rienu.<\/p>\n<p data-start=\"935\" data-end=\"1100\" data-is-last-node=\"\" data-is-only-node=\"\">Pateicoties sabalans\u0113tajai gar\u0161ai un kvalitat\u012bv\u0101m sast\u0101vda\u013c\u0101m, Satay m\u0113rce ir ide\u0101ls risin\u0101jums tiem, kuri nov\u0113rt\u0113 bag\u0101t\u012bgu gar\u0161u un \u0101tru pagatavo\u0161anu.<\/p>\n<p data-start=\"935\" data-end=\"1100\" data-is-last-node=\"\" data-is-only-node=\"\">Sast\u0101vs: \u016adens, cukurs, s\u012bpols, zemesrieksti (8%), kukur\u016bzas ciete, s\u0101ls, gar\u0161vielas, ingvers, dab\u012bgas kr\u0101svielas (karamele, kurkuma), dab\u012bg\u0101s aromatiz\u0113t\u0101ji, citronsk\u0101be, emulsifikators (ksant\u0101na guma)<\/p>\n<\/div>","protected":false},"excerpt":{"rendered":"<p>Satay m\u0113rce ir iedvesmojo\u0161a \u0100zijas stila voka m\u0113rce, kas apvieno maigu riekstu gar\u0161u ar vieglu pikantumu, pied\u0101v\u0101jot m\u0101jas pav\u0101ram vienk\u0101r\u0161u iesp\u0113ju ikdienas \u0113dienam pievienot eksotisku noti. M\u0113rce ir gatavota no dab\u012bg\u0101m sast\u0101vda\u013c\u0101m, piln\u012bgi bez lipek\u013ca un piem\u0113rota ar\u012b veg\u0101niem. Satay m\u0113rce nesatur m\u0101ksl\u012bgas kr\u0101svielas un gar\u0161as pastiprin\u0101t\u0101jus, padarot to par t\u012bru un p\u0101rdom\u0101tu izv\u0113li jebkur\u0101 virtuv\u0113. [&hellip;]<\/p>","protected":false},"featured_media":330799,"comment_status":"open","ping_status":"closed","template":"","meta":{"_acf_changed":false},"product_brand":[],"product_cat":[83],"product_tag":[],"class_list":{"0":"post-330798","1":"product","2":"type-product","3":"status-publish","4":"has-post-thumbnail","6":"product_cat-kastmed-olid","8":"first","9":"instock","10":"sale","11":"taxable","12":"shipping-taxable","13":"purchasable","14":"product-type-simple"},"supplier_id":null,"supplier_sku":"","barcode":null,"atum_controlled":true,"out_stock_date":null,"out_stock_threshold":null,"inheritable":false,"inbound_stock":0,"stock_on_hold":1,"sold_today":0,"sales_last_days":21,"reserved_stock":0,"customer_returns":0,"warehouse_damage":0,"lost_in_post":0,"other_logs":0,"out_stock_days":0,"lost_sales":0,"has_location":false,"update_date":"2026-02-12T08:45:50","atum_locations":[],"atum_stock_status":"instock","restock_status":true,"low_stock_amount":"","sales_update_date":"2026-02-12T08:45:42","calc_backorders":null,"acf":[],"_links":{"self":[{"href":"https:\/\/vbd.dev.sumena.ee\/lv\/wp-json\/wp\/v2\/product\/330798","targetHints":{"allow":["GET"]}}],"collection":[{"href":"https:\/\/vbd.dev.sumena.ee\/lv\/wp-json\/wp\/v2\/product"}],"about":[{"href":"https:\/\/vbd.dev.sumena.ee\/lv\/wp-json\/wp\/v2\/types\/product"}],"replies":[{"embeddable":true,"href":"https:\/\/vbd.dev.sumena.ee\/lv\/wp-json\/wp\/v2\/comments?post=330798"}],"wp:featuredmedia":[{"embeddable":true,"href":"https:\/\/vbd.dev.sumena.ee\/lv\/wp-json\/wp\/v2\/media\/330799"}],"wp:attachment":[{"href":"https:\/\/vbd.dev.sumena.ee\/lv\/wp-json\/wp\/v2\/media?parent=330798"}],"wp:term":[{"taxonomy":"product_brand","embeddable":true,"href":"https:\/\/vbd.dev.sumena.ee\/lv\/wp-json\/wp\/v2\/product_brand?post=330798"},{"taxonomy":"product_cat","embeddable":true,"href":"https:\/\/vbd.dev.sumena.ee\/lv\/wp-json\/wp\/v2\/product_cat?post=330798"},{"taxonomy":"product_tag","embeddable":true,"href":"https:\/\/vbd.dev.sumena.ee\/lv\/wp-json\/wp\/v2\/product_tag?post=330798"}],"curies":[{"name":"wp","href":"https:\/\/api.w.org\/{rel}","templated":true}]}}