{"id":328972,"date":"2025-11-11T18:20:45","date_gmt":"2025-11-11T15:20:45","guid":{"rendered":"https:\/\/vbd.dev.sumena.ee\/?post_type=product&#038;p=328972"},"modified":"2026-02-12T16:10:01","modified_gmt":"2026-02-12T13:10:01","slug":"must-tee-mozums-herbal-201-5g","status":"publish","type":"product","link":"https:\/\/vbd.dev.sumena.ee\/lv\/products-2\/must-tee-mozums-herbal-201-5g\/","title":{"rendered":"Meln\u0101 t\u0113ja Mozums Herbal 20*1.5g"},"content":{"rendered":"<p>Meln\u0101 t\u0113ja Mozums Herbal 20*1.5g<\/p>","protected":false},"excerpt":{"rendered":"<p>Meln\u0101 t\u0113ja Mozums Herbal 20*1.5g<\/p>","protected":false},"featured_media":328974,"comment_status":"open","ping_status":"closed","template":"","meta":{"_acf_changed":false},"product_brand":[],"product_cat":[182,163,79],"product_tag":[],"class_list":{"0":"post-328972","1":"product","2":"type-product","3":"status-publish","4":"has-post-thumbnail","6":"product_cat-esiplaani-toode","7":"product_cat-kohv-tee","8":"product_cat-joogid","10":"first","11":"instock","12":"sale","13":"taxable","14":"shipping-taxable","15":"purchasable","16":"product-type-simple"},"supplier_id":null,"supplier_sku":"","barcode":null,"atum_controlled":true,"out_stock_date":null,"out_stock_threshold":null,"inheritable":false,"inbound_stock":0,"stock_on_hold":74,"sold_today":45,"sales_last_days":591,"reserved_stock":0,"customer_returns":0,"warehouse_damage":0,"lost_in_post":0,"other_logs":0,"out_stock_days":0,"lost_sales":0,"has_location":false,"update_date":"2026-02-12T13:41:13","atum_locations":[],"atum_stock_status":"instock","restock_status":true,"low_stock_amount":"","sales_update_date":"2026-02-12T13:41:04","calc_backorders":null,"acf":[],"_links":{"self":[{"href":"https:\/\/vbd.dev.sumena.ee\/lv\/wp-json\/wp\/v2\/product\/328972","targetHints":{"allow":["GET"]}}],"collection":[{"href":"https:\/\/vbd.dev.sumena.ee\/lv\/wp-json\/wp\/v2\/product"}],"about":[{"href":"https:\/\/vbd.dev.sumena.ee\/lv\/wp-json\/wp\/v2\/types\/product"}],"replies":[{"embeddable":true,"href":"https:\/\/vbd.dev.sumena.ee\/lv\/wp-json\/wp\/v2\/comments?post=328972"}],"wp:featuredmedia":[{"embeddable":true,"href":"https:\/\/vbd.dev.sumena.ee\/lv\/wp-json\/wp\/v2\/media\/328974"}],"wp:attachment":[{"href":"https:\/\/vbd.dev.sumena.ee\/lv\/wp-json\/wp\/v2\/media?parent=328972"}],"wp:term":[{"taxonomy":"product_brand","embeddable":true,"href":"https:\/\/vbd.dev.sumena.ee\/lv\/wp-json\/wp\/v2\/product_brand?post=328972"},{"taxonomy":"product_cat","embeddable":true,"href":"https:\/\/vbd.dev.sumena.ee\/lv\/wp-json\/wp\/v2\/product_cat?post=328972"},{"taxonomy":"product_tag","embeddable":true,"href":"https:\/\/vbd.dev.sumena.ee\/lv\/wp-json\/wp\/v2\/product_tag?post=328972"}],"curies":[{"name":"wp","href":"https:\/\/api.w.org\/{rel}","templated":true}]}}