{"id":327459,"date":"2025-11-07T10:59:33","date_gmt":"2025-11-07T07:59:33","guid":{"rendered":"https:\/\/vbd.dev.sumena.ee\/?post_type=product&#038;p=327459"},"modified":"2026-02-08T15:33:45","modified_gmt":"2026-02-08T12:33:45","slug":"pihustatav-deodorant-old-spice-restart-150ml","status":"publish","type":"product","link":"https:\/\/vbd.dev.sumena.ee\/lv\/products-2\/pihustatav-deodorant-old-spice-restart-150ml\/","title":{"rendered":"P\u016b\u0161amais dezodorants OLD SPICE Restart 150ml"},"content":{"rendered":"<p>Dezodorants Old Spice Restart efekt\u012bvi c\u012bn\u0101s ar nepat\u012bkamu smaku un sniedz ilgsto\u0161u komforta un svaiguma saj\u016btu.<\/p>\n<p><strong>Iez\u012bmes:<\/strong><\/p>\n<ul>\n<li>sniedz ilgsto\u0161u svaiguma saj\u016btu<\/li>\n<li>efekt\u012bvi aizsarg\u0101 pret sv\u012b\u0161anu<\/li>\n<li>neatst\u0101j traipus uz ap\u0123\u0113rba<\/li>\n<\/ul>","protected":false},"excerpt":{"rendered":"<p>Dezodorants Old Spice Restart efekt\u012bvi c\u012bn\u0101s ar nepat\u012bkamu arom\u0101tu un sniedz ilgsto\u0161u komforta saj\u016btu un svaigumu. \u012apa\u0161\u012bbas: nodro\u0161ina ilgsto\u0161u svaiguma saj\u016btu aizsarg\u0101 efekt\u012bvi pret sv\u012b\u0161anu nekr\u0101so ap\u0123\u0113rbu<\/p>","protected":false},"featured_media":327461,"comment_status":"open","ping_status":"closed","template":"","meta":{"_acf_changed":false},"product_brand":[],"product_cat":[158,104],"product_tag":[],"class_list":{"0":"post-327459","1":"product","2":"type-product","3":"status-publish","4":"has-post-thumbnail","6":"product_cat-kehahooldus","7":"product_cat-enesehooldus","9":"first","10":"instock","11":"sale","12":"taxable","13":"shipping-taxable","14":"purchasable","15":"product-type-simple"},"supplier_id":null,"supplier_sku":"","barcode":null,"atum_controlled":true,"out_stock_date":null,"out_stock_threshold":null,"inheritable":false,"inbound_stock":0,"stock_on_hold":0,"sold_today":1,"sales_last_days":2,"reserved_stock":0,"customer_returns":0,"warehouse_damage":0,"lost_in_post":0,"other_logs":0,"out_stock_days":0,"lost_sales":0,"has_location":false,"update_date":"2026-02-08T17:06:35","atum_locations":[],"atum_stock_status":"instock","restock_status":false,"low_stock_amount":"","sales_update_date":"2026-02-08T17:06:22","calc_backorders":null,"acf":[],"_links":{"self":[{"href":"https:\/\/vbd.dev.sumena.ee\/lv\/wp-json\/wp\/v2\/product\/327459","targetHints":{"allow":["GET"]}}],"collection":[{"href":"https:\/\/vbd.dev.sumena.ee\/lv\/wp-json\/wp\/v2\/product"}],"about":[{"href":"https:\/\/vbd.dev.sumena.ee\/lv\/wp-json\/wp\/v2\/types\/product"}],"replies":[{"embeddable":true,"href":"https:\/\/vbd.dev.sumena.ee\/lv\/wp-json\/wp\/v2\/comments?post=327459"}],"wp:featuredmedia":[{"embeddable":true,"href":"https:\/\/vbd.dev.sumena.ee\/lv\/wp-json\/wp\/v2\/media\/327461"}],"wp:attachment":[{"href":"https:\/\/vbd.dev.sumena.ee\/lv\/wp-json\/wp\/v2\/media?parent=327459"}],"wp:term":[{"taxonomy":"product_brand","embeddable":true,"href":"https:\/\/vbd.dev.sumena.ee\/lv\/wp-json\/wp\/v2\/product_brand?post=327459"},{"taxonomy":"product_cat","embeddable":true,"href":"https:\/\/vbd.dev.sumena.ee\/lv\/wp-json\/wp\/v2\/product_cat?post=327459"},{"taxonomy":"product_tag","embeddable":true,"href":"https:\/\/vbd.dev.sumena.ee\/lv\/wp-json\/wp\/v2\/product_tag?post=327459"}],"curies":[{"name":"wp","href":"https:\/\/api.w.org\/{rel}","templated":true}]}}