{"id":327120,"date":"2025-12-18T16:20:05","date_gmt":"2025-12-18T13:20:05","guid":{"rendered":"https:\/\/vbd.dev.sumena.ee\/?post_type=product&#038;p=327120"},"modified":"2026-02-12T11:58:26","modified_gmt":"2026-02-12T08:58:26","slug":"narimispulk-koerale-dogman-100tk-s-900g","status":"publish","type":"product","link":"https:\/\/vbd.dev.sumena.ee\/lv\/products-2\/narimispulk-koerale-dogman-100tk-s-900g\/","title":{"rendered":"Ko\u0161\u013c\u0101jam\u0101 n\u016bji\u0146as su\u0146iem DOGMAN 100 gab. S 900 g"},"content":{"rendered":"<div id=\"cgkit-tab-description\" class=\"woocommerce-Tabs-panel commercekit-Tabs-panel--description panel entry-content\">\n<p>Papildbar\u012bba sunim<br \/>\nM\u012bkst\u0101s ko\u0161\u013c\u0101jamo n\u016bji\u0146as ir piem\u0113rotas ar\u012b maz\u0101kiem su\u0146iem. T\u0101s apmierina j\u016bsu su\u0146a dabisk\u0101s ko\u0161\u013c\u0101\u0161anas vajadz\u012bbas, uzlabo sliktu elpu un zobu st\u0101vokli. Vienm\u0113r nodro\u0161iniet, lai j\u016bsu m\u012blulim b\u016btu pieejams svaigs \u016bdens. Dodot ko\u0161\u013c\u0101jamus izstr\u0101d\u0101jumus, vienm\u0113r uzraugiet savu m\u012bluli k\u0101 piesardz\u012bbas pas\u0101kumu.<\/p>\n<\/div>\n<div id=\"cgkit-tab-tgp_ingredients_tab\" class=\"woocommerce-Tabs-panel commercekit-Tabs-panel--tgp_ingredients_tab panel entry-content\">\n<div id=\"ingredients\">\n<h2>Sast\u0101vs<\/h2>\n<p>Dz\u012bvnieku izcelsmes sast\u0101vda\u013cas (86% liellopu un c\u016bdas \u0101da), r\u012bsi. Satur konservantus. Anal\u012btiskie r\u0101d\u012bt\u0101ji: kopprote\u012bns 50,0%, koptauki 10,0%, kopfiberi 5,0%, koppelni 10,0%, mitrums 14,0%.<\/p>\n<\/div>\n<\/div>","protected":false},"excerpt":{"rendered":"<p>Piedevo\u0137u bar\u012bba sunim M\u012bkst\u0101s ko\u0161\u013c\u0101jam\u0101s n\u016bji\u0146as ir piem\u0113rotas ar\u012b maz\u0101kiem su\u0146iem. Apmierina j\u016bsu su\u0146a dabisko ko\u0161\u013c\u0101\u0161anas vajadz\u012bbu, uzlabo sliktu elpu un zobus. Vienm\u0113r nodro\u0161iniet, lai j\u016bsu m\u012blulim b\u016btu pieejams svaigs \u016bdens. Vienm\u0113r uzraugiet savu m\u012bluli k\u0101 piesardz\u012bbas pas\u0101kumu, kad dodat tam ko\u0161\u013c\u0101jamus izstr\u0101d\u0101jumus. Sast\u0101vs Dz\u012bvnieku izcelsmes produkti (86% liellopu un c\u016bku \u0101da), r\u012bsi. Satur konservantus. Anal\u012btiskie r\u0101d\u012bt\u0101ji: rupjie prote\u012bni 50,0%, rupjie tauki [&hellip;]<\/p>","protected":false},"featured_media":327123,"comment_status":"open","ping_status":"closed","template":"","meta":{"_acf_changed":false},"product_brand":[],"product_cat":[91],"product_tag":[],"class_list":{"0":"post-327120","1":"product","2":"type-product","3":"status-publish","4":"has-post-thumbnail","6":"product_cat-loomatoit","8":"first","9":"instock","10":"sale","11":"taxable","12":"shipping-taxable","13":"purchasable","14":"product-type-simple"},"supplier_id":null,"supplier_sku":"","barcode":null,"atum_controlled":true,"out_stock_date":null,"out_stock_threshold":null,"inheritable":false,"inbound_stock":0,"stock_on_hold":6,"sold_today":6,"sales_last_days":71,"reserved_stock":0,"customer_returns":0,"warehouse_damage":0,"lost_in_post":0,"other_logs":0,"out_stock_days":0,"lost_sales":0,"has_location":false,"update_date":"2026-02-12T12:42:20","atum_locations":[],"atum_stock_status":"instock","restock_status":false,"low_stock_amount":"","sales_update_date":"2026-02-12T12:42:10","calc_backorders":null,"acf":[],"_links":{"self":[{"href":"https:\/\/vbd.dev.sumena.ee\/lv\/wp-json\/wp\/v2\/product\/327120","targetHints":{"allow":["GET"]}}],"collection":[{"href":"https:\/\/vbd.dev.sumena.ee\/lv\/wp-json\/wp\/v2\/product"}],"about":[{"href":"https:\/\/vbd.dev.sumena.ee\/lv\/wp-json\/wp\/v2\/types\/product"}],"replies":[{"embeddable":true,"href":"https:\/\/vbd.dev.sumena.ee\/lv\/wp-json\/wp\/v2\/comments?post=327120"}],"wp:featuredmedia":[{"embeddable":true,"href":"https:\/\/vbd.dev.sumena.ee\/lv\/wp-json\/wp\/v2\/media\/327123"}],"wp:attachment":[{"href":"https:\/\/vbd.dev.sumena.ee\/lv\/wp-json\/wp\/v2\/media?parent=327120"}],"wp:term":[{"taxonomy":"product_brand","embeddable":true,"href":"https:\/\/vbd.dev.sumena.ee\/lv\/wp-json\/wp\/v2\/product_brand?post=327120"},{"taxonomy":"product_cat","embeddable":true,"href":"https:\/\/vbd.dev.sumena.ee\/lv\/wp-json\/wp\/v2\/product_cat?post=327120"},{"taxonomy":"product_tag","embeddable":true,"href":"https:\/\/vbd.dev.sumena.ee\/lv\/wp-json\/wp\/v2\/product_tag?post=327120"}],"curies":[{"name":"wp","href":"https:\/\/api.w.org\/{rel}","templated":true}]}}