{"id":326699,"date":"2026-01-28T14:55:41","date_gmt":"2026-01-28T11:55:41","guid":{"rendered":"https:\/\/vbd.dev.sumena.ee\/?post_type=product&#038;p=326699"},"modified":"2026-02-12T18:23:17","modified_gmt":"2026-02-12T15:23:17","slug":"lainelised-kartulikropsud-lays-tzatziki-maitselised-120g","status":"publish","type":"product","link":"https:\/\/vbd.dev.sumena.ee\/lv\/products-2\/lainelised-kartulikropsud-lays-tzatziki-maitselised-120g\/","title":{"rendered":"Vi\u013c\u0146otie kartupe\u013cu \u010dipsi LAY\u2019S ar Tzatziki gar\u0161u 120\u202fg"},"content":{"rendered":"<h3 class=\"izDEqE llpRim gZSiXk kvXNxI lgoqEg fygOE ijAptY\">Sast\u0101vs<\/h3>\n<div class=\"sc-57154a31-2 iJVmTs\">\n<p>Sast\u0101vda\u013cas: kartupe\u013ci, augu e\u013c\u013cas (kukur\u016bzas, saulespu\u0137u, rap\u0161u e\u013c\u013ca main\u012bg\u0101s proporcij\u0101s), s\u016bkalas pulveris no piena, s\u0101ls, \u0137iploku pulveris, aromatiz\u0113t\u0101ji un gar\u0161as pastiprin\u0101t\u0101ji (n\u0101trija glutam\u0101ts, din\u0101trija-5\u2032-ribonukleot\u012bdi), k\u0101lija hlor\u012bds, cukurs, aromatiz\u0113t\u0101ji un gar\u0161vielas, s\u012bpolu pulveris, jogurta pulveris no piena, gar\u0161augi (p\u0113ters\u012b\u013ci, piparm\u0113tra, dilles), sk\u0101buma regulatori (\u0101bolsk\u0101be, citronsk\u0101be, piensk\u0101be).<\/p>\n<\/div>","protected":false},"excerpt":{"rendered":"<p>Sast\u0101vda\u013cas: kartupe\u013ci, augu e\u013c\u013cas (kukur\u016bzas, saulespu\u0137u, rap\u0161u e\u013c\u013ca main\u012bg\u0101 attiec\u012bb\u0101), s\u016bkalas pulveris no piena, s\u0101ls, \u0137iploku pulveris, aromatiz\u0113t\u0101ji un gar\u0161as pastiprin\u0101t\u0101ji (n\u0101trija glutam\u0101ts, din\u0101trija 5#-ribonukleot\u012bdi), KCl, cukurs, aromatiz\u0113t\u0101ji un gar\u0161as vielas, s\u012bpolu pulveris, jogurta pulveris no piena, gar\u0161augi (p\u0113ters\u012b\u013ci, piparm\u0113tra, dille), sk\u0101buma regulatori (obu sk\u0101be, citronsk\u0101be, piensk\u0101be).<\/p>","protected":false},"featured_media":326700,"comment_status":"open","ping_status":"closed","template":"","meta":{"_acf_changed":false},"product_brand":[],"product_cat":[80,81],"product_tag":[],"class_list":{"0":"post-326699","1":"product","2":"type-product","3":"status-publish","4":"has-post-thumbnail","6":"product_cat-snakid","7":"product_cat-kropsud","9":"first","10":"instock","11":"sale","12":"taxable","13":"shipping-taxable","14":"purchasable","15":"product-type-simple"},"supplier_id":null,"supplier_sku":"","barcode":null,"atum_controlled":true,"out_stock_date":null,"out_stock_threshold":null,"inheritable":false,"inbound_stock":0,"stock_on_hold":50,"sold_today":55,"sales_last_days":861,"reserved_stock":0,"customer_returns":0,"warehouse_damage":0,"lost_in_post":0,"other_logs":0,"out_stock_days":0,"lost_sales":0,"has_location":false,"update_date":"2026-02-12T15:33:53","atum_locations":[],"atum_stock_status":"instock","restock_status":true,"low_stock_amount":"","sales_update_date":"2026-02-12T15:33:44","calc_backorders":null,"acf":[],"_links":{"self":[{"href":"https:\/\/vbd.dev.sumena.ee\/lv\/wp-json\/wp\/v2\/product\/326699","targetHints":{"allow":["GET"]}}],"collection":[{"href":"https:\/\/vbd.dev.sumena.ee\/lv\/wp-json\/wp\/v2\/product"}],"about":[{"href":"https:\/\/vbd.dev.sumena.ee\/lv\/wp-json\/wp\/v2\/types\/product"}],"replies":[{"embeddable":true,"href":"https:\/\/vbd.dev.sumena.ee\/lv\/wp-json\/wp\/v2\/comments?post=326699"}],"wp:featuredmedia":[{"embeddable":true,"href":"https:\/\/vbd.dev.sumena.ee\/lv\/wp-json\/wp\/v2\/media\/326700"}],"wp:attachment":[{"href":"https:\/\/vbd.dev.sumena.ee\/lv\/wp-json\/wp\/v2\/media?parent=326699"}],"wp:term":[{"taxonomy":"product_brand","embeddable":true,"href":"https:\/\/vbd.dev.sumena.ee\/lv\/wp-json\/wp\/v2\/product_brand?post=326699"},{"taxonomy":"product_cat","embeddable":true,"href":"https:\/\/vbd.dev.sumena.ee\/lv\/wp-json\/wp\/v2\/product_cat?post=326699"},{"taxonomy":"product_tag","embeddable":true,"href":"https:\/\/vbd.dev.sumena.ee\/lv\/wp-json\/wp\/v2\/product_tag?post=326699"}],"curies":[{"name":"wp","href":"https:\/\/api.w.org\/{rel}","templated":true}]}}