{"id":326688,"date":"2025-11-05T14:49:24","date_gmt":"2025-11-05T11:49:24","guid":{"rendered":"https:\/\/vbd.dev.sumena.ee\/?post_type=product&#038;p=326688"},"modified":"2026-02-12T12:09:35","modified_gmt":"2026-02-12T09:09:35","slug":"kaste-askania-habanero-200g","status":"publish","type":"product","link":"https:\/\/vbd.dev.sumena.ee\/lv\/products-2\/kaste-askania-habanero-200g\/","title":{"rendered":"M\u0113rce Askania Habanero 200g"},"content":{"rendered":"<p><strong data-start=\"0\" data-end=\"18\" data-is-only-node=\"\">Habanero m\u0113rce<\/strong> ir ide\u0101la izv\u0113le \u012bstiem asu gar\u0161u m\u012b\u013cot\u0101jiem!<br data-start=\"79\" data-end=\"82\" \/>Izmanto to <strong data-start=\"94\" data-end=\"113\">marin\u0113\u0161anai<\/strong>, <strong data-start=\"115\" data-end=\"148\">sal\u0101tu m\u0113r\u010du gatavo\u0161anai<\/strong> vai <strong data-start=\"153\" data-end=\"219\">gardam piedevai ceptai ga\u013cai, zivij un d\u0101rze\u0146iem<\/strong>.<\/p>\n<p><strong data-start=\"0\" data-end=\"12\" data-is-only-node=\"\">Sast\u0101vs:<\/strong> \u016bdens, rafin\u0113ta un deodar\u0113ta saulespu\u0137u e\u013c\u013ca, cukurs, eti\u0137is (spirta), biezin\u0101t\u0101ji (modific\u0113tais ciete, ksant\u0101na gumija), mango, tom\u0101tu pasta, s\u0101ls, olu dzeltenuma pulveris, modific\u0113tais ciete (k\u0101 emulgators), gar\u0161vielas (satur sinepes), \u017e\u0101v\u0113tie d\u0101rze\u0146i, sk\u0101buma regul\u0113t\u0101js: piensk\u0101be, konservants: k\u0101lija sorb\u0101ts, habanero pipars 0,1%, paprikas ekstrakts, s\u016bkalpu\u0161\u0137is \/ s\u016bkalas pulveris (satur pienu), aromatiz\u0113t\u0101ji, kr\u0101sviela E160a, antioksidants E385.<\/p>","protected":false},"excerpt":{"rendered":"<p>Habanero m\u0113rce ir ide\u0101ls variants \u012bstiem asu gar\u0161u cien\u012bt\u0101jiem! Izmantojiet to marin\u0113\u0161anai, sal\u0101tu m\u0113r\u010du pagatavo\u0161anai vai gardam piedevam gril\u0113tai ga\u013cai, ziv\u012bm un d\u0101rze\u0146iem. Sast\u0101vs: \u016bdens, rafin\u0113ta un deodor\u0113ta saulespu\u0137u e\u013c\u013ca, cukurs, alkoholiskais eti\u0137is, biezin\u0101t\u0101ji (modific\u0113tais ciete, ksant\u0101na sve\u0137i), mango, tom\u0101tu pasta, s\u0101ls, olas dzeltenuma pulveris, modific\u0113tais ciete (k\u0101 emulgators), gar\u0161vielas (satur sinepes), kalt\u0113ti d\u0101rze\u0146i, sk\u0101bes regulatora: piensk\u0101be, konservants: k\u0101lija sorb\u0101ts, habanero pipars 0,1%, paprikas<\/p>","protected":false},"featured_media":326692,"comment_status":"open","ping_status":"closed","template":"","meta":{"_acf_changed":false},"product_brand":[],"product_cat":[83],"product_tag":[],"class_list":{"0":"post-326688","1":"product","2":"type-product","3":"status-publish","4":"has-post-thumbnail","6":"product_cat-kastmed-olid","8":"first","9":"instock","10":"sale","11":"taxable","12":"shipping-taxable","13":"purchasable","14":"product-type-simple"},"supplier_id":null,"supplier_sku":"","barcode":null,"atum_controlled":true,"out_stock_date":null,"out_stock_threshold":null,"inheritable":false,"inbound_stock":0,"stock_on_hold":32,"sold_today":30,"sales_last_days":102,"reserved_stock":0,"customer_returns":0,"warehouse_damage":0,"lost_in_post":0,"other_logs":0,"out_stock_days":0,"lost_sales":0,"has_location":false,"update_date":"2026-02-12T09:13:06","atum_locations":[],"atum_stock_status":"instock","restock_status":false,"low_stock_amount":"","sales_update_date":"2026-02-12T09:12:56","calc_backorders":null,"acf":[],"_links":{"self":[{"href":"https:\/\/vbd.dev.sumena.ee\/lv\/wp-json\/wp\/v2\/product\/326688","targetHints":{"allow":["GET"]}}],"collection":[{"href":"https:\/\/vbd.dev.sumena.ee\/lv\/wp-json\/wp\/v2\/product"}],"about":[{"href":"https:\/\/vbd.dev.sumena.ee\/lv\/wp-json\/wp\/v2\/types\/product"}],"replies":[{"embeddable":true,"href":"https:\/\/vbd.dev.sumena.ee\/lv\/wp-json\/wp\/v2\/comments?post=326688"}],"wp:featuredmedia":[{"embeddable":true,"href":"https:\/\/vbd.dev.sumena.ee\/lv\/wp-json\/wp\/v2\/media\/326692"}],"wp:attachment":[{"href":"https:\/\/vbd.dev.sumena.ee\/lv\/wp-json\/wp\/v2\/media?parent=326688"}],"wp:term":[{"taxonomy":"product_brand","embeddable":true,"href":"https:\/\/vbd.dev.sumena.ee\/lv\/wp-json\/wp\/v2\/product_brand?post=326688"},{"taxonomy":"product_cat","embeddable":true,"href":"https:\/\/vbd.dev.sumena.ee\/lv\/wp-json\/wp\/v2\/product_cat?post=326688"},{"taxonomy":"product_tag","embeddable":true,"href":"https:\/\/vbd.dev.sumena.ee\/lv\/wp-json\/wp\/v2\/product_tag?post=326688"}],"curies":[{"name":"wp","href":"https:\/\/api.w.org\/{rel}","templated":true}]}}