{"id":326120,"date":"2026-01-20T18:38:51","date_gmt":"2026-01-20T15:38:51","guid":{"rendered":"https:\/\/vbd.dev.sumena.ee\/?post_type=product&#038;p=326120"},"modified":"2026-02-12T18:17:47","modified_gmt":"2026-02-12T15:17:47","slug":"puuviljasnakk-nordthy-viigimarja-100g","status":"publish","type":"product","link":"https:\/\/vbd.dev.sumena.ee\/lv\/products-2\/puuviljasnakk-nordthy-viigimarja-100g\/","title":{"rendered":"Aug\u013cu uzkoda Nordthy \u2013 V\u012b\u0123e 100g"},"content":{"rendered":"<p data-start=\"0\" data-end=\"47\"><strong data-start=\"0\" data-end=\"45\">Aug\u013cu uzkoda ar v\u012b\u0123\u0113m \u2013 96% aug\u013cu<\/strong><\/p>\n<p data-start=\"49\" data-end=\"222\">Mini Frugt Snacks no ra\u017eot\u0101ja <strong data-start=\"75\" data-end=\"86\">My Bite<\/strong> ir mazi aug\u013cu batoni\u0146i, kas ir <strong data-start=\"124\" data-end=\"142\">atsevi\u0161\u0137i iepakots<\/strong> \u2013 ide\u0101las <strong data-start=\"155\" data-end=\"177\">pie pusdien\u0101m<\/strong>vai \u0101trai uzkodai, ja ja gad\u0101s neliels izsalkums.<\/p>\n<p data-start=\"224\" data-end=\"350\"><strong data-start=\"224\" data-end=\"251\">Mybite Mini Frugt Snack<\/strong> ir izgatavots <strong data-start=\"267\" data-end=\"305\">tikai no dab\u012bg\u0101m sast\u0101vda\u013c\u0101m<\/strong> un satur <strong data-start=\"320\" data-end=\"347\">96% \u017e\u0101v\u0113tu aug\u013cu<\/strong>.<\/p>","protected":false},"excerpt":{"rendered":"<p>Aug\u013cu uzkoda ar v\u012b\u0123\u0113m \u2013 96% aug\u013cu Mini Frugt Snacks no My Bite ir mazas aug\u013cu batoni\u0146i, kas ir atsevi\u0161\u0137i iepakoti \u2013 ide\u0101li k\u0101 piedeva pusdien\u0101m vai \u0101trai kodienam, kad mazliet gribas \u0113st. Mybite Mini Frugt Snack ir izgatavots tikai no dab\u012bg\u0101m sast\u0101vda\u013c\u0101m un satur 96% \u017e\u0101v\u0113tu aug\u013cu.<\/p>","protected":false},"featured_media":326123,"comment_status":"open","ping_status":"closed","template":"","meta":{"_acf_changed":false},"product_brand":[],"product_cat":[87,77,78],"product_tag":[],"class_list":{"0":"post-326120","1":"product","2":"type-product","3":"status-publish","4":"has-post-thumbnail","6":"product_cat-meie-lemmikud","7":"product_cat-maiustused","8":"product_cat-kommid","10":"first","11":"instock","12":"sale","13":"taxable","14":"shipping-taxable","15":"purchasable","16":"product-type-simple"},"supplier_id":null,"supplier_sku":"","barcode":null,"atum_controlled":true,"out_stock_date":null,"out_stock_threshold":null,"inheritable":false,"inbound_stock":0,"stock_on_hold":10,"sold_today":7,"sales_last_days":539,"reserved_stock":0,"customer_returns":0,"warehouse_damage":0,"lost_in_post":0,"other_logs":0,"out_stock_days":0,"lost_sales":0,"has_location":false,"update_date":"2026-02-12T15:18:10","atum_locations":[],"atum_stock_status":"instock","restock_status":false,"low_stock_amount":"","sales_update_date":"2026-02-12T15:18:01","calc_backorders":null,"acf":[],"_links":{"self":[{"href":"https:\/\/vbd.dev.sumena.ee\/lv\/wp-json\/wp\/v2\/product\/326120","targetHints":{"allow":["GET"]}}],"collection":[{"href":"https:\/\/vbd.dev.sumena.ee\/lv\/wp-json\/wp\/v2\/product"}],"about":[{"href":"https:\/\/vbd.dev.sumena.ee\/lv\/wp-json\/wp\/v2\/types\/product"}],"replies":[{"embeddable":true,"href":"https:\/\/vbd.dev.sumena.ee\/lv\/wp-json\/wp\/v2\/comments?post=326120"}],"wp:featuredmedia":[{"embeddable":true,"href":"https:\/\/vbd.dev.sumena.ee\/lv\/wp-json\/wp\/v2\/media\/326123"}],"wp:attachment":[{"href":"https:\/\/vbd.dev.sumena.ee\/lv\/wp-json\/wp\/v2\/media?parent=326120"}],"wp:term":[{"taxonomy":"product_brand","embeddable":true,"href":"https:\/\/vbd.dev.sumena.ee\/lv\/wp-json\/wp\/v2\/product_brand?post=326120"},{"taxonomy":"product_cat","embeddable":true,"href":"https:\/\/vbd.dev.sumena.ee\/lv\/wp-json\/wp\/v2\/product_cat?post=326120"},{"taxonomy":"product_tag","embeddable":true,"href":"https:\/\/vbd.dev.sumena.ee\/lv\/wp-json\/wp\/v2\/product_tag?post=326120"}],"curies":[{"name":"wp","href":"https:\/\/api.w.org\/{rel}","templated":true}]}}