{"id":326095,"date":"2026-01-20T20:24:29","date_gmt":"2026-01-20T17:24:29","guid":{"rendered":"https:\/\/vbd.dev.sumena.ee\/?post_type=product&#038;p=326095"},"modified":"2026-02-12T13:39:29","modified_gmt":"2026-02-12T10:39:29","slug":"glukoositropsid-sana-melonimaitselised-c-vitamiiniga-39-g","status":"publish","type":"product","link":"https:\/\/vbd.dev.sumena.ee\/lv\/products-2\/glukoositropsid-sana-melonimaitselised-c-vitamiiniga-39-g\/","title":{"rendered":"Gliko\u017eu tabletes Sana arb\u016bza gar\u0161as ar C vitam\u012bnu 39 g"},"content":{"rendered":"<p>Melones gar\u0161as glikozes tabletes ar C vitam\u012bnu ir uztura bag\u0101tin\u0101t\u0101js: Glikoze jeb v\u012bnogu cukurs ir dab\u012bgas izcelsmes ener\u0123ijas avots. Glikozes tabletes veicina smadze\u0146u darb\u012bbu, sniedz papildus ener\u0123iju, paaugstina tonusu un pal\u012bdz c\u012bn\u012bties ar pavasara nogurumu.<\/p>\n<h3 class=\"izDEqE llpRim gZSiXk kvXNxI lgoqEg fygOE ijAptY\">Sast\u0101vs<\/h3>\n<div class=\"sc-57154a31-2 iJVmTs\">\n<p>Glikoze, sk\u0101buma regulators (citronu sk\u0101be), pret-salip\u0161anas l\u012bdzeklis (tauksk\u0101bju magnija s\u0101\u013ci), L-askorb\u012bnsk\u0101be, aromatiz\u0113t\u0101ji un gar\u0161vielas, emulgators (tauksk\u0101bju mono- un diglicer\u012bdi), hidrogen\u0113ta augu e\u013c\u013ca.<\/p>\n<\/div>","protected":false},"excerpt":{"rendered":"<p>Labo l\u012bdz: 21.02.2026 Daudzums iepakojum\u0101: 162<\/p>","protected":false},"featured_media":326096,"comment_status":"open","ping_status":"closed","template":"","meta":{"_acf_changed":false},"product_brand":[],"product_cat":[160,87,77],"product_tag":[],"class_list":{"0":"post-326095","1":"product","2":"type-product","3":"status-publish","4":"has-post-thumbnail","6":"product_cat-tervisekaubad","7":"product_cat-meie-lemmikud","8":"product_cat-maiustused","10":"first","11":"instock","12":"sale","13":"taxable","14":"shipping-taxable","15":"purchasable","16":"product-type-simple"},"supplier_id":null,"supplier_sku":"","barcode":null,"atum_controlled":true,"out_stock_date":null,"out_stock_threshold":null,"inheritable":false,"inbound_stock":0,"stock_on_hold":20,"sold_today":15,"sales_last_days":1702,"reserved_stock":0,"customer_returns":0,"warehouse_damage":0,"lost_in_post":0,"other_logs":0,"out_stock_days":0,"lost_sales":0,"has_location":false,"update_date":"2026-02-12T15:47:03","atum_locations":[],"atum_stock_status":"instock","restock_status":false,"low_stock_amount":"","sales_update_date":"2026-02-12T15:46:54","calc_backorders":null,"acf":[],"_links":{"self":[{"href":"https:\/\/vbd.dev.sumena.ee\/lv\/wp-json\/wp\/v2\/product\/326095","targetHints":{"allow":["GET"]}}],"collection":[{"href":"https:\/\/vbd.dev.sumena.ee\/lv\/wp-json\/wp\/v2\/product"}],"about":[{"href":"https:\/\/vbd.dev.sumena.ee\/lv\/wp-json\/wp\/v2\/types\/product"}],"replies":[{"embeddable":true,"href":"https:\/\/vbd.dev.sumena.ee\/lv\/wp-json\/wp\/v2\/comments?post=326095"}],"wp:featuredmedia":[{"embeddable":true,"href":"https:\/\/vbd.dev.sumena.ee\/lv\/wp-json\/wp\/v2\/media\/326096"}],"wp:attachment":[{"href":"https:\/\/vbd.dev.sumena.ee\/lv\/wp-json\/wp\/v2\/media?parent=326095"}],"wp:term":[{"taxonomy":"product_brand","embeddable":true,"href":"https:\/\/vbd.dev.sumena.ee\/lv\/wp-json\/wp\/v2\/product_brand?post=326095"},{"taxonomy":"product_cat","embeddable":true,"href":"https:\/\/vbd.dev.sumena.ee\/lv\/wp-json\/wp\/v2\/product_cat?post=326095"},{"taxonomy":"product_tag","embeddable":true,"href":"https:\/\/vbd.dev.sumena.ee\/lv\/wp-json\/wp\/v2\/product_tag?post=326095"}],"curies":[{"name":"wp","href":"https:\/\/api.w.org\/{rel}","templated":true}]}}