{"id":325261,"date":"2025-11-18T15:05:12","date_gmt":"2025-11-18T12:05:12","guid":{"rendered":"https:\/\/vbd.dev.sumena.ee\/?post_type=product&#038;p=325261"},"modified":"2026-02-12T16:34:41","modified_gmt":"2026-02-12T13:34:41","slug":"energiajook-nocco-bcaa-mango-del-sol-330ml","status":"publish","type":"product","link":"https:\/\/vbd.dev.sumena.ee\/lv\/products-2\/energiajook-nocco-bcaa-mango-del-sol-330ml\/","title":{"rendered":"Energiajook NOCCO Mango BCAA 330ml"},"content":{"rendered":"<p><strong data-start=\"2\" data-end=\"37\">NOCCO BCAA+ Mango (24 x 330 ml)<\/strong> \u2013 atsvaidzino\u0161s g\u0101z\u0113ts sporta dz\u0113riens, kas pal\u012bdz uzlabot sniegumu un pa\u0101trin\u0101t atjauno\u0161anos.<br data-start=\"134\" data-end=\"137\" \/><strong data-start=\"139\" data-end=\"153\">Bez cukura<\/strong> \u2013 piem\u0113rots lieto\u0161anai jebkur\u0101 laik\u0101, neietekm\u0113 miegu un nerada ener\u0123ijas kritumu.<br data-start=\"225\" data-end=\"228\" \/><strong data-start=\"230\" data-end=\"283\">Satur BCAA (s\u0101nu zarojuma aminosk\u0101bes)<\/strong> \u2013 5000 mg BCAA (leic\u012bns, izoleic\u012bns un vali\u012bns), kas atbalsta musku\u013cu atjauno\u0161anos un pieaugumu.<br data-start=\"380\" data-end=\"383\" \/><strong data-start=\"385\" data-end=\"423\">Bag\u0101tin\u0101ts ar vitam\u012bniem B6 un B12<\/strong> \u2013 pal\u012bdz samazin\u0101t nogurumu un atbalsta ener\u0123ijas vielmai\u0146u.<br data-start=\"477\" data-end=\"480\" \/><strong data-start=\"482\" data-end=\"521\">G\u0101z\u0113ts un gatavs dz\u0113rienam uzreiz<\/strong> \u2013 \u0113rti p\u0113c treni\u0146a, ce\u013c\u0101 vai ikdienas mitrin\u0101\u0161anai.<br data-start=\"592\" data-end=\"595\" \/><strong data-start=\"597\" data-end=\"646\">Ide\u0101li sportistiem un treni\u0146u entuziastiem<\/strong> \u2013 atbalsta musku\u013cu masas uztur\u0113\u0161anu un visp\u0101r\u0113jo fizisko sp\u0113ju.<\/p>","protected":false},"excerpt":{"rendered":"<p>NOCCO BCAA+ Mango (24 x 330 ml) \u2013 atsvaidzino\u0161s, g\u0101z\u0113ts sporta dz\u0113riens, kas pal\u012bdz uzlabot sniegumu un pa\u0101trina atjauno\u0161anos. Bez cukura \u2013 piem\u0113rots dzer\u0161anai jebkur\u0101 laik\u0101, neietekm\u0113 miegu un nerada ener\u0123ijas kritumu. Satur BCAA (zaroto \u0137\u0113\u017eu aminosk\u0101bes) \u2013 5000 mg BCAA (leic\u012bns, izoleic\u012bns un val\u012bns), kas atbalsta musku\u013cu atjauno\u0161anos un aug\u0161anu. Bag\u0101tin\u0101ts ar B6 un B12 vitam\u012bniem \u2013 pal\u012bdz samazin\u0101t nogurumu [&hellip;]<\/p>","protected":false},"featured_media":352754,"comment_status":"open","ping_status":"closed","template":"","meta":{"_acf_changed":false},"product_brand":[],"product_cat":[177,90,79],"product_tag":[],"class_list":{"0":"post-325261","1":"product","2":"type-product","3":"status-publish","4":"has-post-thumbnail","6":"product_cat-karastus-ja-energiajoogid-toonikud-muu","7":"product_cat-pant","8":"product_cat-joogid","10":"first","11":"instock","12":"taxable","13":"shipping-taxable","14":"purchasable","15":"product-type-simple"},"supplier_id":null,"supplier_sku":"","barcode":null,"atum_controlled":true,"out_stock_date":null,"out_stock_threshold":null,"inheritable":false,"inbound_stock":0,"stock_on_hold":3,"sold_today":3,"sales_last_days":5,"reserved_stock":0,"customer_returns":0,"warehouse_damage":0,"lost_in_post":0,"other_logs":0,"out_stock_days":0,"lost_sales":0,"has_location":false,"update_date":"2026-02-12T13:37:35","atum_locations":[],"atum_stock_status":"instock","restock_status":true,"low_stock_amount":"","sales_update_date":"2026-02-12T13:37:26","calc_backorders":null,"acf":[],"_links":{"self":[{"href":"https:\/\/vbd.dev.sumena.ee\/lv\/wp-json\/wp\/v2\/product\/325261","targetHints":{"allow":["GET"]}}],"collection":[{"href":"https:\/\/vbd.dev.sumena.ee\/lv\/wp-json\/wp\/v2\/product"}],"about":[{"href":"https:\/\/vbd.dev.sumena.ee\/lv\/wp-json\/wp\/v2\/types\/product"}],"replies":[{"embeddable":true,"href":"https:\/\/vbd.dev.sumena.ee\/lv\/wp-json\/wp\/v2\/comments?post=325261"}],"wp:featuredmedia":[{"embeddable":true,"href":"https:\/\/vbd.dev.sumena.ee\/lv\/wp-json\/wp\/v2\/media\/352754"}],"wp:attachment":[{"href":"https:\/\/vbd.dev.sumena.ee\/lv\/wp-json\/wp\/v2\/media?parent=325261"}],"wp:term":[{"taxonomy":"product_brand","embeddable":true,"href":"https:\/\/vbd.dev.sumena.ee\/lv\/wp-json\/wp\/v2\/product_brand?post=325261"},{"taxonomy":"product_cat","embeddable":true,"href":"https:\/\/vbd.dev.sumena.ee\/lv\/wp-json\/wp\/v2\/product_cat?post=325261"},{"taxonomy":"product_tag","embeddable":true,"href":"https:\/\/vbd.dev.sumena.ee\/lv\/wp-json\/wp\/v2\/product_tag?post=325261"}],"curies":[{"name":"wp","href":"https:\/\/api.w.org\/{rel}","templated":true}]}}