{"id":325184,"date":"2025-12-22T14:00:12","date_gmt":"2025-12-22T11:00:12","guid":{"rendered":"https:\/\/vbd.dev.sumena.ee\/?post_type=product&#038;p=325184"},"modified":"2026-02-10T14:57:46","modified_gmt":"2026-02-10T11:57:46","slug":"juukselakk-taft-power-express-250ml","status":"publish","type":"product","link":"https:\/\/vbd.dev.sumena.ee\/lv\/products-2\/juukselakk-taft-power-express-250ml\/","title":{"rendered":"Matu laka Taft Power Express 250ml"},"content":{"rendered":"<p>\u0100tri iedarb\u012bga produktu formula nodro\u0161ina fiks\u0113tu friz\u016bru un sp\u012bd\u012bgu fini\u0161u. Notur\u012bba l\u012bdz 48 h bez paliek\u0101m un bez matu salip\u0161anas. Pal\u012bdz aizsarg\u0101t matus no p\u0101rm\u0113r\u012bgas sausuma, tos nesmaginot. STIPRINO\u0160A PRODUKTA FORMULA aizsarg\u0101 matus no v\u0113ja, mitruma un UV starojuma. Izsmidzin\u0101t laku no 30 cm att\u0101luma. Izsmidzin\u0101t \u012bs\u0101s p\u016bsl\u0113s. Lai pie\u0161\u0137irtu apjomu, izsmidzin\u0101t tie\u0161i pie matu sakn\u0113m.<\/p>","protected":false},"excerpt":{"rendered":"<p>\u0100tri iedarb\u012bga produktu formula nodro\u0161ina fiks\u0113tu friz\u016bru un sp\u012bd\u012bgu fini\u0161u. Notur\u012bba l\u012bdz 48 h bez paliek\u0101m un bez matu salip\u0161anas. Pal\u012bdz aizsarg\u0101t matus no p\u0101rm\u0113r\u012bgas sausuma, tos nesmaginot. STIPRINO\u0160A PRODUKTA FORMULA aizsarg\u0101 matus no v\u0113ja, mitruma un UV starojuma. Izsmidzin\u0101t laku no 30 cm att\u0101luma. Izsmidzin\u0101t \u012bs\u0101s p\u016bsl\u0113s. Lai pie\u0161\u0137irtu apjomu, izsmidzin\u0101t tie\u0161i pie matu sakn\u0113m.<\/p>","protected":false},"featured_media":325185,"comment_status":"open","ping_status":"closed","template":"","meta":{"_acf_changed":false},"product_brand":[],"product_cat":[157,104],"product_tag":[],"class_list":{"0":"post-325184","1":"product","2":"type-product","3":"status-publish","4":"has-post-thumbnail","6":"product_cat-juuksehooldus","7":"product_cat-enesehooldus","9":"first","10":"instock","11":"sale","12":"taxable","13":"shipping-taxable","14":"purchasable","15":"product-type-simple"},"supplier_id":null,"supplier_sku":"","barcode":null,"atum_controlled":true,"out_stock_date":null,"out_stock_threshold":null,"inheritable":false,"inbound_stock":0,"stock_on_hold":0,"sold_today":0,"sales_last_days":9,"reserved_stock":0,"customer_returns":0,"warehouse_damage":0,"lost_in_post":0,"other_logs":0,"out_stock_days":0,"lost_sales":0,"has_location":false,"update_date":"2026-02-12T11:25:17","atum_locations":[],"atum_stock_status":"instock","restock_status":false,"low_stock_amount":"","sales_update_date":"2026-02-12T11:25:08","calc_backorders":null,"acf":[],"_links":{"self":[{"href":"https:\/\/vbd.dev.sumena.ee\/lv\/wp-json\/wp\/v2\/product\/325184","targetHints":{"allow":["GET"]}}],"collection":[{"href":"https:\/\/vbd.dev.sumena.ee\/lv\/wp-json\/wp\/v2\/product"}],"about":[{"href":"https:\/\/vbd.dev.sumena.ee\/lv\/wp-json\/wp\/v2\/types\/product"}],"replies":[{"embeddable":true,"href":"https:\/\/vbd.dev.sumena.ee\/lv\/wp-json\/wp\/v2\/comments?post=325184"}],"wp:featuredmedia":[{"embeddable":true,"href":"https:\/\/vbd.dev.sumena.ee\/lv\/wp-json\/wp\/v2\/media\/325185"}],"wp:attachment":[{"href":"https:\/\/vbd.dev.sumena.ee\/lv\/wp-json\/wp\/v2\/media?parent=325184"}],"wp:term":[{"taxonomy":"product_brand","embeddable":true,"href":"https:\/\/vbd.dev.sumena.ee\/lv\/wp-json\/wp\/v2\/product_brand?post=325184"},{"taxonomy":"product_cat","embeddable":true,"href":"https:\/\/vbd.dev.sumena.ee\/lv\/wp-json\/wp\/v2\/product_cat?post=325184"},{"taxonomy":"product_tag","embeddable":true,"href":"https:\/\/vbd.dev.sumena.ee\/lv\/wp-json\/wp\/v2\/product_tag?post=325184"}],"curies":[{"name":"wp","href":"https:\/\/api.w.org\/{rel}","templated":true}]}}