{"id":325166,"date":"2025-10-31T11:32:02","date_gmt":"2025-10-31T08:32:02","guid":{"rendered":"https:\/\/vbd.dev.sumena.ee\/?post_type=product&#038;p=325166"},"modified":"2026-02-09T16:24:48","modified_gmt":"2026-02-09T13:24:48","slug":"deodorant-fa-get-spiritual-sprei-150ml","status":"publish","type":"product","link":"https:\/\/vbd.dev.sumena.ee\/lv\/products-2\/deodorant-fa-get-spiritual-sprei-150ml\/","title":{"rendered":"Dezodorants Fa GET SPIRITUAL sprejs 150ml"},"content":{"rendered":"<p>IELIDO\u0160I ATKL\u0100JIES KOP\u0100 AR FAga! Atsvaidzini savu \u0137ermeni un pr\u0101tu un katru dienu \u013cauj sav\u0101m dom\u0101m lidot uz da\u017e\u0101d\u0101m pasaules mal\u0101m ar maigu ziedu arom\u0101tu. UZTICAMA AIZSARDZ\u012aBA Aromatiz\u0113ta aizsardz\u012bba l\u012bdz 48h Ar arom\u0101tu atbr\u012bvojo\u0161u tehnolo\u0123iju b\u0101z\u0113ts produkta sast\u0101vs Dermatolo\u0123iski test\u0113ta, \u0101dai draudz\u012bga produkta formula, kas neatst\u0101j traipus<\/p>","protected":false},"excerpt":{"rendered":"<p>Daudzpaka: 6<\/p>","protected":false},"featured_media":325170,"comment_status":"open","ping_status":"closed","template":"","meta":{"_acf_changed":false},"product_brand":[],"product_cat":[158,104],"product_tag":[],"class_list":{"0":"post-325166","1":"product","2":"type-product","3":"status-publish","4":"has-post-thumbnail","6":"product_cat-kehahooldus","7":"product_cat-enesehooldus","9":"first","10":"instock","11":"sale","12":"taxable","13":"shipping-taxable","14":"purchasable","15":"product-type-simple"},"supplier_id":null,"supplier_sku":"","barcode":null,"atum_controlled":true,"out_stock_date":null,"out_stock_threshold":null,"inheritable":false,"inbound_stock":0,"stock_on_hold":0,"sold_today":0,"sales_last_days":4,"reserved_stock":0,"customer_returns":0,"warehouse_damage":0,"lost_in_post":0,"other_logs":0,"out_stock_days":0,"lost_sales":0,"has_location":false,"update_date":"2026-02-11T15:15:02","atum_locations":[],"atum_stock_status":"instock","restock_status":true,"low_stock_amount":"","sales_update_date":"2026-02-11T15:14:56","calc_backorders":null,"acf":[],"_links":{"self":[{"href":"https:\/\/vbd.dev.sumena.ee\/lv\/wp-json\/wp\/v2\/product\/325166","targetHints":{"allow":["GET"]}}],"collection":[{"href":"https:\/\/vbd.dev.sumena.ee\/lv\/wp-json\/wp\/v2\/product"}],"about":[{"href":"https:\/\/vbd.dev.sumena.ee\/lv\/wp-json\/wp\/v2\/types\/product"}],"replies":[{"embeddable":true,"href":"https:\/\/vbd.dev.sumena.ee\/lv\/wp-json\/wp\/v2\/comments?post=325166"}],"wp:featuredmedia":[{"embeddable":true,"href":"https:\/\/vbd.dev.sumena.ee\/lv\/wp-json\/wp\/v2\/media\/325170"}],"wp:attachment":[{"href":"https:\/\/vbd.dev.sumena.ee\/lv\/wp-json\/wp\/v2\/media?parent=325166"}],"wp:term":[{"taxonomy":"product_brand","embeddable":true,"href":"https:\/\/vbd.dev.sumena.ee\/lv\/wp-json\/wp\/v2\/product_brand?post=325166"},{"taxonomy":"product_cat","embeddable":true,"href":"https:\/\/vbd.dev.sumena.ee\/lv\/wp-json\/wp\/v2\/product_cat?post=325166"},{"taxonomy":"product_tag","embeddable":true,"href":"https:\/\/vbd.dev.sumena.ee\/lv\/wp-json\/wp\/v2\/product_tag?post=325166"}],"curies":[{"name":"wp","href":"https:\/\/api.w.org\/{rel}","templated":true}]}}