{"id":325164,"date":"2025-10-31T11:27:41","date_gmt":"2025-10-31T08:27:41","guid":{"rendered":"https:\/\/vbd.dev.sumena.ee\/?post_type=product&#038;p=325164"},"modified":"2026-02-12T16:10:01","modified_gmt":"2026-02-12T13:10:01","slug":"dusigeel-fa-coconut-milk-250ml","status":"publish","type":"product","link":"https:\/\/vbd.dev.sumena.ee\/lv\/products-2\/dusigeel-fa-coconut-milk-250ml\/","title":{"rendered":"Du\u0161as \u017eeleja Fa Coconut Milk 250ml"},"content":{"rendered":"<p><strong>Sast\u0101vda\u013cas:<\/strong> Aqua \u00b7 Sodium Laureth Sulfate \u00b7 Cocamidopropyl Betaine \u00b7 Sodium Chloride \u00b7 Cocos Nucifera Fruit Extract \u00b7 Yogurt \u00b7 Prunus Amygdalus Dulcis Oil \u00b7 Niacinamide \u00b7 Glycerin \u00b7 Parfum \u00b7 Polyquaternium-7 \u00b7 Styrene\/Acrylates Copolymer \u00b7 Propylene Glycol \u00b7 PEG-7 Glyceryl Cocoate \u00b7 PEG-40 Hydrogenated Castor Oil \u00b7 Citric Acid \u00b7 Benzyl Salicylate \u00b7 Hexyl Cinnamal \u00b7 Coumarin \u00b7 Linalool \u00b7 Butylphenyl Methylpropional \u00b7 Sodium Benzoate \u00b7 Sodium Salicylate<\/p>","protected":false},"excerpt":{"rendered":"<p>Iepakojums vairum\u0101: 12<\/p>","protected":false},"featured_media":325165,"comment_status":"open","ping_status":"closed","template":"","meta":{"_acf_changed":false},"product_brand":[],"product_cat":[158,104],"product_tag":[],"class_list":{"0":"post-325164","1":"product","2":"type-product","3":"status-publish","4":"has-post-thumbnail","6":"product_cat-kehahooldus","7":"product_cat-enesehooldus","9":"first","10":"instock","11":"sale","12":"taxable","13":"shipping-taxable","14":"purchasable","15":"product-type-simple"},"supplier_id":null,"supplier_sku":"","barcode":null,"atum_controlled":true,"out_stock_date":null,"out_stock_threshold":null,"inheritable":false,"inbound_stock":0,"stock_on_hold":1,"sold_today":1,"sales_last_days":3,"reserved_stock":0,"customer_returns":0,"warehouse_damage":0,"lost_in_post":0,"other_logs":0,"out_stock_days":0,"lost_sales":0,"has_location":false,"update_date":"2026-02-12T13:14:59","atum_locations":[],"atum_stock_status":"instock","restock_status":false,"low_stock_amount":"","sales_update_date":"2026-02-12T13:14:49","calc_backorders":null,"acf":[],"_links":{"self":[{"href":"https:\/\/vbd.dev.sumena.ee\/lv\/wp-json\/wp\/v2\/product\/325164","targetHints":{"allow":["GET"]}}],"collection":[{"href":"https:\/\/vbd.dev.sumena.ee\/lv\/wp-json\/wp\/v2\/product"}],"about":[{"href":"https:\/\/vbd.dev.sumena.ee\/lv\/wp-json\/wp\/v2\/types\/product"}],"replies":[{"embeddable":true,"href":"https:\/\/vbd.dev.sumena.ee\/lv\/wp-json\/wp\/v2\/comments?post=325164"}],"wp:featuredmedia":[{"embeddable":true,"href":"https:\/\/vbd.dev.sumena.ee\/lv\/wp-json\/wp\/v2\/media\/325165"}],"wp:attachment":[{"href":"https:\/\/vbd.dev.sumena.ee\/lv\/wp-json\/wp\/v2\/media?parent=325164"}],"wp:term":[{"taxonomy":"product_brand","embeddable":true,"href":"https:\/\/vbd.dev.sumena.ee\/lv\/wp-json\/wp\/v2\/product_brand?post=325164"},{"taxonomy":"product_cat","embeddable":true,"href":"https:\/\/vbd.dev.sumena.ee\/lv\/wp-json\/wp\/v2\/product_cat?post=325164"},{"taxonomy":"product_tag","embeddable":true,"href":"https:\/\/vbd.dev.sumena.ee\/lv\/wp-json\/wp\/v2\/product_tag?post=325164"}],"curies":[{"name":"wp","href":"https:\/\/api.w.org\/{rel}","templated":true}]}}