{"id":324573,"date":"2025-10-29T23:15:34","date_gmt":"2025-10-29T20:15:34","guid":{"rendered":"https:\/\/vbd.dev.sumena.ee\/?post_type=product&#038;p=324573"},"modified":"2026-02-10T11:24:18","modified_gmt":"2026-02-10T08:24:18","slug":"pesukapslid-persil-discs-expert-sensitive-22tk","status":"publish","type":"product","link":"https:\/\/vbd.dev.sumena.ee\/lv\/products-2\/pesukapslid-persil-discs-expert-sensitive-22tk\/","title":{"rendered":"Mazg\u0101\u0161anas kapsulas Persil Discs Expert Sensitive 22 gab."},"content":{"rendered":"<p>Persil Discs Sensitive mazg\u0101\u0161anas kapsulas ir rad\u012btas \u012bpa\u0161i cilv\u0113kiem ar jut\u012bgu \u0101du, nodro\u0161inot efekt\u012bvu un maigu mazg\u0101\u0161anas rezult\u0101tu katr\u0101 ve\u013cas mazg\u0101\u0161an\u0101. \u0160\u012bs inovat\u012bv\u0101s \u010detru kameru kapsulas apvieno \u010detras sp\u0113c\u012bgas funkcijas: traipu no\u0146em\u0161ana, dzi\u013ca t\u012br\u012b\u0161ana, svaiguma saglab\u0101\u0161ana un \u0161\u0137iedru aizsardz\u012bba. Pateicoties pretaler\u0123iskajai sast\u0101vda\u013cai, Persil Sensitive kapsulas ide\u0101li piem\u0113rotas ar\u012b b\u0113rnu un aler\u0123isku cilv\u0113ku ap\u0123\u0113rbu mazg\u0101\u0161anai; dermatolo\u0123iski test\u0113tas un bez smar\u017eviel\u0101m un kr\u0101sviel\u0101m.<\/p>\n<p>Persil Discs Sensitive mazg\u0101\u0161anas kapsulas \u0101tri iz\u0161\u0137\u012bst \u016bden\u012b, nodro\u0161inot mazg\u0101\u0161anas l\u012bdzek\u013ca vienm\u0113r\u012bgu sadal\u012b\u0161anos vis\u0101 mazg\u0101\u0161anas cikl\u0101. Tas garant\u0113, ka pat jut\u012bg\u0101kie audumi k\u013c\u016bst t\u012bri bez atlikumiem. Kapsulas ir \u0113rti lietojamas \u2013 vienk\u0101r\u0161i ievietojiet vienu kapsulu tie\u0161i troml\u0113 pirms ve\u013cas iel\u0101d\u0113\u0161anas. T\u0101 j\u016bs izvair\u0101ties no p\u0101rdoz\u0113\u0161anas un ietaup\u0101t laiku. Turkl\u0101t produkts ir iepakots praktisk\u0101 un dro\u0161\u0101 kast\u012bt\u0113, kas uztur kapsulas svaigas un aizsarg\u0101 no mitruma.<\/p>\n<p>Persil Discs Sensitive mazg\u0101\u0161anas kapsulas ir efekt\u012bvas ar\u012b zem\u0101s temperat\u016br\u0101s (no 20\u00b0C), pal\u012bdzot ietaup\u012bt ener\u0123iju un pagarina dr\u0113bju kalpo\u0161anas laiku. Produkts ir piem\u0113rots gan baltu, gan kr\u0101sainu dr\u0113bju mazg\u0101\u0161anai. Pateicoties speci\u0101lajai formulai, tas efekt\u012bvi no\u0146em pat stipr\u0101k\u0101s traipus, atst\u0101jot ve\u013cu svaigu un maigu. Persil Discs Sensitive mazg\u0101\u0161anas kapsulas ir uzticama izv\u0113le ikvienam, kur\u0161 nov\u0113rt\u0113 t\u012br\u012bbu, \u0113rtumu un \u0101das labsaj\u016btu.<\/p>","protected":false},"excerpt":{"rendered":"<p>Persil Discs Sensitive mazg\u0101\u0161anas kapsulas ir rad\u012btas \u012bpa\u0161i cilv\u0113kiem ar jut\u012bgu \u0101du, nodro\u0161inot efekt\u012bvu un maigu mazg\u0101\u0161anas rezult\u0101tu katr\u0101 ve\u013cas mazg\u0101\u0161an\u0101. \u0160\u012bs inovat\u012bv\u0101s \u010detrkameru kapsulas apvieno \u010detras sp\u0113c\u012bgas funkcijas: traipu no\u0146em\u0161anu, dzi\u013cu t\u012br\u012b\u0161anu, svaiguma saglab\u0101\u0161anu un \u0161\u0137iedru aizsardz\u012bbu. Pateicoties pretaler\u0123iskajai sast\u0101vda\u013cai, Persil Sensitive kapsulas lieliski piem\u0113rotas ar\u012b b\u0113rnu dr\u0113bju un aler\u0123isku cilv\u0113ku ap\u0123\u0113rbu mazg\u0101\u0161anai \u2014 dermatolo\u0123iski test\u0113tas un bez smar\u017eviel\u0101m un kr\u0101sviel\u0101m. Persil [&hellip;]<\/p>","protected":false},"featured_media":324575,"comment_status":"open","ping_status":"closed","template":"","meta":{"_acf_changed":false},"product_brand":[],"product_cat":[185,88],"product_tag":[],"class_list":{"0":"post-324573","1":"product","2":"type-product","3":"status-publish","4":"has-post-thumbnail","6":"product_cat-puhastus-ja-koristusvahendid","7":"product_cat-tarbekaubad-tooted","9":"first","10":"instock","11":"sale","12":"taxable","13":"shipping-taxable","14":"purchasable","15":"product-type-simple"},"supplier_id":null,"supplier_sku":"","barcode":null,"atum_controlled":true,"out_stock_date":null,"out_stock_threshold":null,"inheritable":false,"inbound_stock":0,"stock_on_hold":0,"sold_today":0,"sales_last_days":2,"reserved_stock":0,"customer_returns":0,"warehouse_damage":0,"lost_in_post":0,"other_logs":0,"out_stock_days":0,"lost_sales":0,"has_location":false,"update_date":"2026-02-12T11:09:39","atum_locations":[],"atum_stock_status":"instock","restock_status":false,"low_stock_amount":"","sales_update_date":"2026-02-12T11:09:30","calc_backorders":null,"acf":[],"_links":{"self":[{"href":"https:\/\/vbd.dev.sumena.ee\/lv\/wp-json\/wp\/v2\/product\/324573","targetHints":{"allow":["GET"]}}],"collection":[{"href":"https:\/\/vbd.dev.sumena.ee\/lv\/wp-json\/wp\/v2\/product"}],"about":[{"href":"https:\/\/vbd.dev.sumena.ee\/lv\/wp-json\/wp\/v2\/types\/product"}],"replies":[{"embeddable":true,"href":"https:\/\/vbd.dev.sumena.ee\/lv\/wp-json\/wp\/v2\/comments?post=324573"}],"wp:featuredmedia":[{"embeddable":true,"href":"https:\/\/vbd.dev.sumena.ee\/lv\/wp-json\/wp\/v2\/media\/324575"}],"wp:attachment":[{"href":"https:\/\/vbd.dev.sumena.ee\/lv\/wp-json\/wp\/v2\/media?parent=324573"}],"wp:term":[{"taxonomy":"product_brand","embeddable":true,"href":"https:\/\/vbd.dev.sumena.ee\/lv\/wp-json\/wp\/v2\/product_brand?post=324573"},{"taxonomy":"product_cat","embeddable":true,"href":"https:\/\/vbd.dev.sumena.ee\/lv\/wp-json\/wp\/v2\/product_cat?post=324573"},{"taxonomy":"product_tag","embeddable":true,"href":"https:\/\/vbd.dev.sumena.ee\/lv\/wp-json\/wp\/v2\/product_tag?post=324573"}],"curies":[{"name":"wp","href":"https:\/\/api.w.org\/{rel}","templated":true}]}}