{"id":324571,"date":"2025-10-29T23:07:05","date_gmt":"2025-10-29T20:07:05","guid":{"rendered":"https:\/\/vbd.dev.sumena.ee\/?post_type=product&#038;p=324571"},"modified":"2026-02-10T13:25:02","modified_gmt":"2026-02-10T10:25:02","slug":"pesukapslid-persil-discs-color-54-pesukorda","status":"publish","type":"product","link":"https:\/\/vbd.dev.sumena.ee\/lv\/products-2\/pesukapslid-persil-discs-color-54-pesukorda\/","title":{"rendered":"Skalb\u0161anas kapsulas Persil Discs Color 54 mazg\u0101jumi"},"content":{"rendered":"<p>Persil jaud\u012bg\u0101 4-kameru \u017eelejkapsula tagad ir kompakta. T\u0101 nodro\u0161ina izcilu veiktsp\u0113ju un, pateicoties maz\u0101kam materi\u0101lu pat\u0113ri\u0146am, ar\u012b maz\u0101ku ietekmi uz vidi. Pat p\u0113c mazg\u0101\u0161anas no ve\u013cas ma\u0161\u012bnas var izpl\u016bst nepat\u012bkama smaka, jo no ve\u013cas atdal\u012btie net\u012brumi laika gait\u0101 var izrais\u012bt atlikumu uzkr\u0101\u0161anos, kas pak\u0101peniski veidojas p\u0113c mazg\u0101\u0161anas. Lai j\u016bsu dr\u0113bes b\u016btu patiesi t\u012bras, vienm\u0113r varat pa\u013cauties uz Persil Deep Clean. \u0160\u012b ve\u013cas mazg\u0101\u0161anas l\u012bdzek\u013ca unik\u0101l\u0101 formula iek\u013c\u016bst dzi\u013ci \u0161\u0137iedr\u0101s, lai iz\u0161\u0137\u012bdin\u0101tu pat visstubborn\u0101k\u0101s traipus un<\/p>","protected":false},"excerpt":{"rendered":"<p>Persil jaud\u012bg\u0101 4-kameru \u017eelejkapsula tagad ir kompakt\u0101ka. T\u0101 nodro\u0161ina izcilu veiktsp\u0113ju un, pateicoties maz\u0101kam materi\u0101lu pat\u0113ri\u0146am, ar\u012b maz\u0101ku ietekmi uz vidi. Pat p\u0113c mazg\u0101\u0161anas no ve\u013casma\u0161\u012bnas var izdal\u012bties nepat\u012bkama smaka, jo ve\u013cas net\u012brumi var laika gait\u0101 izrais\u012bt atlikumu uzkr\u0101\u0161anos, kas uzkr\u0101jas p\u0113c katras mazg\u0101\u0161anas. Lai j\u016bsu dr\u0113bes b\u016btu patiesi t\u012bras, vienm\u0113r varat pa\u013cauties uz Persil Deep Clean. Ve\u013cas mazg\u0101\u0161anas l\u012bdzek\u013ca unik\u0101lais [&hellip;]<\/p>","protected":false},"featured_media":324572,"comment_status":"open","ping_status":"closed","template":"","meta":{"_acf_changed":false},"product_brand":[],"product_cat":[185,88],"product_tag":[],"class_list":{"0":"post-324571","1":"product","2":"type-product","3":"status-publish","4":"has-post-thumbnail","6":"product_cat-puhastus-ja-koristusvahendid","7":"product_cat-tarbekaubad-tooted","9":"first","10":"instock","11":"sale","12":"taxable","13":"shipping-taxable","14":"purchasable","15":"product-type-simple"},"supplier_id":null,"supplier_sku":"","barcode":null,"atum_controlled":true,"out_stock_date":null,"out_stock_threshold":null,"inheritable":false,"inbound_stock":0,"stock_on_hold":0,"sold_today":0,"sales_last_days":0,"reserved_stock":0,"customer_returns":0,"warehouse_damage":0,"lost_in_post":0,"other_logs":0,"out_stock_days":64,"lost_sales":309,"has_location":false,"update_date":"2026-02-10T10:25:09","atum_locations":[],"atum_stock_status":"instock","restock_status":false,"low_stock_amount":"","sales_update_date":"2026-02-04T13:21:44","calc_backorders":null,"acf":[],"_links":{"self":[{"href":"https:\/\/vbd.dev.sumena.ee\/lv\/wp-json\/wp\/v2\/product\/324571","targetHints":{"allow":["GET"]}}],"collection":[{"href":"https:\/\/vbd.dev.sumena.ee\/lv\/wp-json\/wp\/v2\/product"}],"about":[{"href":"https:\/\/vbd.dev.sumena.ee\/lv\/wp-json\/wp\/v2\/types\/product"}],"replies":[{"embeddable":true,"href":"https:\/\/vbd.dev.sumena.ee\/lv\/wp-json\/wp\/v2\/comments?post=324571"}],"wp:featuredmedia":[{"embeddable":true,"href":"https:\/\/vbd.dev.sumena.ee\/lv\/wp-json\/wp\/v2\/media\/324572"}],"wp:attachment":[{"href":"https:\/\/vbd.dev.sumena.ee\/lv\/wp-json\/wp\/v2\/media?parent=324571"}],"wp:term":[{"taxonomy":"product_brand","embeddable":true,"href":"https:\/\/vbd.dev.sumena.ee\/lv\/wp-json\/wp\/v2\/product_brand?post=324571"},{"taxonomy":"product_cat","embeddable":true,"href":"https:\/\/vbd.dev.sumena.ee\/lv\/wp-json\/wp\/v2\/product_cat?post=324571"},{"taxonomy":"product_tag","embeddable":true,"href":"https:\/\/vbd.dev.sumena.ee\/lv\/wp-json\/wp\/v2\/product_tag?post=324571"}],"curies":[{"name":"wp","href":"https:\/\/api.w.org\/{rel}","templated":true}]}}