{"id":324494,"date":"2026-02-06T16:47:04","date_gmt":"2026-02-06T13:47:04","guid":{"rendered":"https:\/\/vbd.dev.sumena.ee\/?post_type=product&#038;p=324494"},"modified":"2026-02-11T23:20:52","modified_gmt":"2026-02-11T20:20:52","slug":"sokolaadisuflee-ulker-olala-vaarikaga-70g","status":"publish","type":"product","link":"https:\/\/vbd.dev.sumena.ee\/lv\/products-2\/sokolaadisuflee-ulker-olala-vaarikaga-70g\/","title":{"rendered":"\u0160okol\u0101des sufl\u0113 ULKER O\u2019lala ar ave\u0146u pild\u012bjumu 70g"},"content":{"rendered":"<p data-start=\"0\" data-end=\"103\"><strong data-start=\"0\" data-end=\"59\">Ulker Olala Souffl\u00e9 ar ave\u0146u un \u0161\u0137idro \u0161okol\u0101des kr\u0113mu<\/strong> pied\u0101v\u0101 ar katru kumosu intens\u012bvu baud\u012bjumu, kam \u0161okol\u0101des cien\u012bt\u0101ji nesp\u0113s pretoties, noteikti k\u013c\u016bs par vienu no iecien\u012bt\u0101kajiem k\u0101rumiem t\u0113jas un kafijas pauz\u0113s.<\/p>\n<p data-start=\"0\" data-end=\"103\"><strong data-start=\"0\" data-end=\"12\" data-is-only-node=\"\">Sast\u0101vs:<\/strong><br data-start=\"12\" data-end=\"15\" \/>Cukurs, \u016bdens, augu e\u013c\u013cas (palmas), kvie\u0161u milti, glikozes s\u012brups, invert\u0113ts cukura s\u012brups, mitrin\u0101t\u0101ji (glicer\u012bns, sorbitols), samazin\u0101tas tauku satura kakao pulveris (3%), ola, ciete, modific\u0113ta ciete, lazdu riekstu biezenis, kvie\u0161u miltu ciete, emulgatori (augu tauksk\u0101bju mono- un diglicer\u012bdi, n\u0101trija stearoil\u20112\u2011lakt\u0101ts, sojas lecit\u012bns), biezin\u0101t\u0101ji (celuloze, celulozes gumija, ksant\u0101na gumija, guar gumija), s\u0101ls, piena pulveris, ave\u0146u biezenis (0,4%), pacel\u0161anas l\u012bdzeklis (n\u0101trija difosf\u0101ts, n\u0101trija<\/p>","protected":false},"excerpt":{"rendered":"<p>Der\u012bguma termi\u0146\u0161: 28.06.2028 Daudzumiepakojums: 12<\/p>","protected":false},"featured_media":324495,"comment_status":"open","ping_status":"closed","template":"","meta":{"_acf_changed":false},"product_brand":[],"product_cat":[77],"product_tag":[],"class_list":{"0":"post-324494","1":"product","2":"type-product","3":"status-publish","4":"has-post-thumbnail","6":"product_cat-maiustused","8":"first","9":"instock","10":"sale","11":"taxable","12":"shipping-taxable","13":"purchasable","14":"product-type-simple"},"supplier_id":null,"supplier_sku":"","barcode":null,"atum_controlled":true,"out_stock_date":null,"out_stock_threshold":null,"inheritable":false,"inbound_stock":0,"stock_on_hold":0,"sold_today":0,"sales_last_days":71,"reserved_stock":0,"customer_returns":0,"warehouse_damage":0,"lost_in_post":0,"other_logs":0,"out_stock_days":0,"lost_sales":0,"has_location":false,"update_date":"2026-02-12T10:42:58","atum_locations":[],"atum_stock_status":"instock","restock_status":true,"low_stock_amount":"","sales_update_date":"2026-02-12T10:42:50","calc_backorders":null,"acf":[],"_links":{"self":[{"href":"https:\/\/vbd.dev.sumena.ee\/lv\/wp-json\/wp\/v2\/product\/324494","targetHints":{"allow":["GET"]}}],"collection":[{"href":"https:\/\/vbd.dev.sumena.ee\/lv\/wp-json\/wp\/v2\/product"}],"about":[{"href":"https:\/\/vbd.dev.sumena.ee\/lv\/wp-json\/wp\/v2\/types\/product"}],"replies":[{"embeddable":true,"href":"https:\/\/vbd.dev.sumena.ee\/lv\/wp-json\/wp\/v2\/comments?post=324494"}],"wp:featuredmedia":[{"embeddable":true,"href":"https:\/\/vbd.dev.sumena.ee\/lv\/wp-json\/wp\/v2\/media\/324495"}],"wp:attachment":[{"href":"https:\/\/vbd.dev.sumena.ee\/lv\/wp-json\/wp\/v2\/media?parent=324494"}],"wp:term":[{"taxonomy":"product_brand","embeddable":true,"href":"https:\/\/vbd.dev.sumena.ee\/lv\/wp-json\/wp\/v2\/product_brand?post=324494"},{"taxonomy":"product_cat","embeddable":true,"href":"https:\/\/vbd.dev.sumena.ee\/lv\/wp-json\/wp\/v2\/product_cat?post=324494"},{"taxonomy":"product_tag","embeddable":true,"href":"https:\/\/vbd.dev.sumena.ee\/lv\/wp-json\/wp\/v2\/product_tag?post=324494"}],"curies":[{"name":"wp","href":"https:\/\/api.w.org\/{rel}","templated":true}]}}