{"id":324214,"date":"2026-02-06T16:17:06","date_gmt":"2026-02-06T13:17:06","guid":{"rendered":"https:\/\/vbd.dev.sumena.ee\/?post_type=product&#038;p=324214"},"modified":"2026-02-11T23:22:31","modified_gmt":"2026-02-11T20:22:31","slug":"kihisev-kommipuru-sweetn-fun-sponge-bob-popping-candy-pulgakommiga-10g","status":"publish","type":"product","link":"https:\/\/vbd.dev.sumena.ee\/lv\/products-2\/kihisev-kommipuru-sweetn-fun-sponge-bob-popping-candy-pulgakommiga-10g\/","title":{"rendered":"Putojo\u0161\u0101s konfek\u0161u drupa\u010das Sweet\u2019n Fun SpongeBob ar p\u012bksto\u0161u konfekti uz koci\u0146a, 10 g"},"content":{"rendered":"<p data-start=\"0\" data-end=\"50\">Konfekte un putojo\u0161s pulveris, ar aug\u013cu gar\u0161u.<\/p>\n<p data-start=\"52\" data-end=\"171\"><strong data-start=\"52\" data-end=\"64\">Sast\u0101vs:<\/strong><\/p>\n<p data-start=\"52\" data-end=\"171\">cukurs, maltozes s\u012brups, laktoze, sk\u0101buma regulatori: E296, E290, aromatiz\u0113t\u0101ji, kr\u0101svielas: E100, E163.<\/p>","protected":false},"excerpt":{"rendered":"<p>Lutsukomm ja kihisev pulber, puuviljamaitseline. Koostis: suhkur, maltoosisiirup, laktoos, happesuse regulaatorid: E296, E290, maitseained, v\u00e4rvained: E100, E163.<\/p>","protected":false},"featured_media":324215,"comment_status":"open","ping_status":"closed","template":"","meta":{"_acf_changed":false},"product_brand":[],"product_cat":[77,78],"product_tag":[],"class_list":{"0":"post-324214","1":"product","2":"type-product","3":"status-publish","4":"has-post-thumbnail","6":"product_cat-maiustused","7":"product_cat-kommid","9":"first","10":"instock","11":"sale","12":"taxable","13":"shipping-taxable","14":"purchasable","15":"product-type-simple"},"supplier_id":null,"supplier_sku":"","barcode":null,"atum_controlled":true,"out_stock_date":null,"out_stock_threshold":null,"inheritable":false,"inbound_stock":0,"stock_on_hold":4,"sold_today":0,"sales_last_days":269,"reserved_stock":0,"customer_returns":0,"warehouse_damage":0,"lost_in_post":0,"other_logs":0,"out_stock_days":0,"lost_sales":0,"has_location":false,"update_date":"2026-02-12T15:49:21","atum_locations":[],"atum_stock_status":"instock","restock_status":true,"low_stock_amount":"","sales_update_date":"2026-02-12T15:49:11","calc_backorders":null,"acf":[],"_links":{"self":[{"href":"https:\/\/vbd.dev.sumena.ee\/lv\/wp-json\/wp\/v2\/product\/324214","targetHints":{"allow":["GET"]}}],"collection":[{"href":"https:\/\/vbd.dev.sumena.ee\/lv\/wp-json\/wp\/v2\/product"}],"about":[{"href":"https:\/\/vbd.dev.sumena.ee\/lv\/wp-json\/wp\/v2\/types\/product"}],"replies":[{"embeddable":true,"href":"https:\/\/vbd.dev.sumena.ee\/lv\/wp-json\/wp\/v2\/comments?post=324214"}],"wp:featuredmedia":[{"embeddable":true,"href":"https:\/\/vbd.dev.sumena.ee\/lv\/wp-json\/wp\/v2\/media\/324215"}],"wp:attachment":[{"href":"https:\/\/vbd.dev.sumena.ee\/lv\/wp-json\/wp\/v2\/media?parent=324214"}],"wp:term":[{"taxonomy":"product_brand","embeddable":true,"href":"https:\/\/vbd.dev.sumena.ee\/lv\/wp-json\/wp\/v2\/product_brand?post=324214"},{"taxonomy":"product_cat","embeddable":true,"href":"https:\/\/vbd.dev.sumena.ee\/lv\/wp-json\/wp\/v2\/product_cat?post=324214"},{"taxonomy":"product_tag","embeddable":true,"href":"https:\/\/vbd.dev.sumena.ee\/lv\/wp-json\/wp\/v2\/product_tag?post=324214"}],"curies":[{"name":"wp","href":"https:\/\/api.w.org\/{rel}","templated":true}]}}