{"id":324209,"date":"2026-02-06T16:13:47","date_gmt":"2026-02-06T13:13:47","guid":{"rendered":"https:\/\/vbd.dev.sumena.ee\/?post_type=product&#038;p=324209"},"modified":"2026-02-10T11:08:22","modified_gmt":"2026-02-10T08:08:22","slug":"hapud-kommid-sweetn-fun-busters-splash-apelsin-maasikas-sidrun-cola-45g","status":"publish","type":"product","link":"https:\/\/vbd.dev.sumena.ee\/lv\/products-2\/hapud-kommid-sweetn-fun-busters-splash-apelsin-maasikas-sidrun-cola-45g\/","title":{"rendered":"Hapjie konfektes Sweet&#8217;n Fun Busters Splash Apels\u012bns\/Zeme\u0146u, Citronu\/Cola 45g"},"content":{"rendered":"<p>Sk\u0101b\u0101s Konfektes Sweet&#8217;n Fun Busters Splash Apels\u012bns\/Zemenes, Citi\u0304rons\/Cola<\/p>\n<h4>Sast\u0101vs:<\/h4>\n<p>cukurs, dekstroze, sk\u0101buma regulators: E330; stabilizators: E414; aromatiz\u0113t\u0101ji, kr\u0101svielas: E100, E150d.<\/p>","protected":false},"excerpt":{"rendered":"<p>Hapud Kommid Sweet&#8217;n Fun Busters Splash Apelsin\/Maasikas, Sidrun\/Cola Koostis: suhkur, dekstroos, happesuse regulaator: E330; stabilisaator: E414; maitseained, v\u00e4rvained: E100, E150d.<\/p>","protected":false},"featured_media":324211,"comment_status":"open","ping_status":"closed","template":"","meta":{"_acf_changed":false},"product_brand":[],"product_cat":[77,78],"product_tag":[],"class_list":{"0":"post-324209","1":"product","2":"type-product","3":"status-publish","4":"has-post-thumbnail","6":"product_cat-maiustused","7":"product_cat-kommid","9":"first","10":"instock","11":"sale","12":"taxable","13":"shipping-taxable","14":"purchasable","15":"product-type-simple"},"supplier_id":null,"supplier_sku":"","barcode":null,"atum_controlled":true,"out_stock_date":null,"out_stock_threshold":null,"inheritable":false,"inbound_stock":0,"stock_on_hold":0,"sold_today":0,"sales_last_days":21,"reserved_stock":0,"customer_returns":0,"warehouse_damage":0,"lost_in_post":0,"other_logs":0,"out_stock_days":0,"lost_sales":0,"has_location":false,"update_date":"2026-02-12T10:31:17","atum_locations":[],"atum_stock_status":"instock","restock_status":false,"low_stock_amount":"","sales_update_date":"2026-02-12T10:31:07","calc_backorders":null,"acf":[],"_links":{"self":[{"href":"https:\/\/vbd.dev.sumena.ee\/lv\/wp-json\/wp\/v2\/product\/324209","targetHints":{"allow":["GET"]}}],"collection":[{"href":"https:\/\/vbd.dev.sumena.ee\/lv\/wp-json\/wp\/v2\/product"}],"about":[{"href":"https:\/\/vbd.dev.sumena.ee\/lv\/wp-json\/wp\/v2\/types\/product"}],"replies":[{"embeddable":true,"href":"https:\/\/vbd.dev.sumena.ee\/lv\/wp-json\/wp\/v2\/comments?post=324209"}],"wp:featuredmedia":[{"embeddable":true,"href":"https:\/\/vbd.dev.sumena.ee\/lv\/wp-json\/wp\/v2\/media\/324211"}],"wp:attachment":[{"href":"https:\/\/vbd.dev.sumena.ee\/lv\/wp-json\/wp\/v2\/media?parent=324209"}],"wp:term":[{"taxonomy":"product_brand","embeddable":true,"href":"https:\/\/vbd.dev.sumena.ee\/lv\/wp-json\/wp\/v2\/product_brand?post=324209"},{"taxonomy":"product_cat","embeddable":true,"href":"https:\/\/vbd.dev.sumena.ee\/lv\/wp-json\/wp\/v2\/product_cat?post=324209"},{"taxonomy":"product_tag","embeddable":true,"href":"https:\/\/vbd.dev.sumena.ee\/lv\/wp-json\/wp\/v2\/product_tag?post=324209"}],"curies":[{"name":"wp","href":"https:\/\/api.w.org\/{rel}","templated":true}]}}