{"id":324203,"date":"2026-02-06T16:10:53","date_gmt":"2026-02-06T13:10:53","guid":{"rendered":"https:\/\/vbd.dev.sumena.ee\/?post_type=product&#038;p=324203"},"modified":"2026-02-11T21:50:19","modified_gmt":"2026-02-11T18:50:19","slug":"naokreem-byphasse-q10-ja-hualuroonhappega-tostev-oine-60ml","status":"publish","type":"product","link":"https:\/\/vbd.dev.sumena.ee\/lv\/products-2\/naokreem-byphasse-q10-ja-hualuroonhappega-tostev-oine-60ml\/","title":{"rendered":"Sejas kr\u0113ms Byphasse Q10 un hialuronsk\u0101bes, liftinga nakts, 60 ml"},"content":{"rendered":"<div class=\"post-content woocommerce-product-details__short-description\">\n<p>Lift Instant Q10 naktskr\u0113ms apvieno stingrino\u0161\u0101s \u012bpa\u0161\u012bbas Q10 koenz\u012bmu ar hialuronsk\u0101bi. T\u0101 bag\u0101t\u012bg\u0101 tekst\u016bra atst\u0101j \u0101du glud\u0101ku, nodro\u0161inot papildu kop\u0161anu, k\u0101da J\u016bsu sejai nepiecie\u0161ama nakts laik\u0101. Uzkl\u0101jiet vakar\u0101 uz t\u012bras \u0101das sejas un kakla zon\u0101.<\/p>\n<p>Sast\u0101vda\u013cas: Aqua (\u016bdens), Cetearyl Alcohol, Octyldodecanol, Glicer\u012bns, Kapr\u012blsk\u0101bes\/Kapr\u012bnsk\u0101bes triglicer\u012bdi, Propil\u0113nglikola dikapr\u0101ts\/dikapr\u0101ts, Butil\u0113nglikols, Glicer\u012bl stear\u0101ts, Ciklopentasiloks\u0101ns, C10-18 triglicer\u012bdi, Fenoksietanols, PEG-40 stear\u0101ts, Cikloheksasiloks\u0101ns, Ksant\u0101na gumija, Ceteareth-20, Parfum (arom\u0101ts), Imidazolidinilur\u012bns, Tokoferilacet\u0101ts, Etilheksilglicer\u012bns, Bi\u0161u vasks, Din\u0101trija EDTA, N\u0101trija hialuron\u0101ts, N\u0101trija hidroks\u012bds, Ubiquinons (Q10), Linalols, Citronellols, Geraniols, Benzilsalicil\u0101ts, Hidroksicitronell\u0101ls, Benzils, Alfa-izometiljonons, Limon\u0113ns, Amilcinnam\u0101ls, Cinnamils.<\/p>\n<\/div>","protected":false},"excerpt":{"rendered":"<p>Lift Instant Q10 \u00f6\u00f6kreem \u00fchendab pinguldavate omadustega Q10 koens\u00fc\u00fcmi h\u00fcaluroonhappega. Selle rikkalik tekstuur j\u00e4tab naha siledamaks, pakkudes t\u00e4iendavat hooldust, mida teie n\u00e4gu \u00f6\u00f6sel vajab. Kanna \u00f5htul n\u00e4ole ja kaelale puhtale nahale. Aqua (Water), Cetearyl Alcohol, Octyldodecanol, Glycerin, Caprylic\/Capric Triglyceride, Propylene Glycol Dicaprylate\/Dicaprate, Butylene Glycol, Glyceryl Stearate, Cyclopentasiloxane, C10-18 Triglycerides, Phenoxyethanol, PEG-40 Stearate, Cyclohexasiloxane, Xanthan Gum, [&hellip;]<\/p>","protected":false},"featured_media":324204,"comment_status":"open","ping_status":"closed","template":"","meta":{"_acf_changed":false},"product_brand":[],"product_cat":[158,104],"product_tag":[],"class_list":{"0":"post-324203","1":"product","2":"type-product","3":"status-publish","4":"has-post-thumbnail","6":"product_cat-kehahooldus","7":"product_cat-enesehooldus","9":"first","10":"instock","11":"sale","12":"taxable","13":"shipping-taxable","14":"purchasable","15":"product-type-simple"},"supplier_id":null,"supplier_sku":"","barcode":null,"atum_controlled":true,"out_stock_date":null,"out_stock_threshold":null,"inheritable":false,"inbound_stock":0,"stock_on_hold":1,"sold_today":1,"sales_last_days":8,"reserved_stock":0,"customer_returns":0,"warehouse_damage":0,"lost_in_post":0,"other_logs":0,"out_stock_days":0,"lost_sales":0,"has_location":false,"update_date":"2026-02-11T18:51:22","atum_locations":[],"atum_stock_status":"instock","restock_status":false,"low_stock_amount":"","sales_update_date":"2026-02-11T18:51:14","calc_backorders":null,"acf":[],"_links":{"self":[{"href":"https:\/\/vbd.dev.sumena.ee\/lv\/wp-json\/wp\/v2\/product\/324203","targetHints":{"allow":["GET"]}}],"collection":[{"href":"https:\/\/vbd.dev.sumena.ee\/lv\/wp-json\/wp\/v2\/product"}],"about":[{"href":"https:\/\/vbd.dev.sumena.ee\/lv\/wp-json\/wp\/v2\/types\/product"}],"replies":[{"embeddable":true,"href":"https:\/\/vbd.dev.sumena.ee\/lv\/wp-json\/wp\/v2\/comments?post=324203"}],"wp:featuredmedia":[{"embeddable":true,"href":"https:\/\/vbd.dev.sumena.ee\/lv\/wp-json\/wp\/v2\/media\/324204"}],"wp:attachment":[{"href":"https:\/\/vbd.dev.sumena.ee\/lv\/wp-json\/wp\/v2\/media?parent=324203"}],"wp:term":[{"taxonomy":"product_brand","embeddable":true,"href":"https:\/\/vbd.dev.sumena.ee\/lv\/wp-json\/wp\/v2\/product_brand?post=324203"},{"taxonomy":"product_cat","embeddable":true,"href":"https:\/\/vbd.dev.sumena.ee\/lv\/wp-json\/wp\/v2\/product_cat?post=324203"},{"taxonomy":"product_tag","embeddable":true,"href":"https:\/\/vbd.dev.sumena.ee\/lv\/wp-json\/wp\/v2\/product_tag?post=324203"}],"curies":[{"name":"wp","href":"https:\/\/api.w.org\/{rel}","templated":true}]}}