{"id":324200,"date":"2026-02-06T16:10:53","date_gmt":"2026-02-06T13:10:53","guid":{"rendered":"https:\/\/vbd.dev.sumena.ee\/?post_type=product&#038;p=324200"},"modified":"2026-02-11T21:50:19","modified_gmt":"2026-02-11T18:50:19","slug":"naokreem-byphasse-q10-ja-hualuroonhappega-tostev-paevane-60ml","status":"publish","type":"product","link":"https:\/\/vbd.dev.sumena.ee\/lv\/products-2\/naokreem-byphasse-q10-ja-hualuroonhappega-tostev-paevane-60ml\/","title":{"rendered":"Sejas kr\u0113ms Byphasse Q10 ar hialuronsk\u0101bi Paceljo\u0161s Dienas 60ml"},"content":{"rendered":"<p>Byphasse liftinga un mitrino\u0161s dienas kr\u0113ms ar koenz\u012bmu Q10 un hialuronsk\u0101bi visiem \u0101das tipiem. Byphasse Instant Lift dienas kr\u0113ms apvieno efekt\u012bv\u0101s koenz\u012bma Q10 akt\u012bv\u0101s vielas \u0101das nostiprin\u0101\u0161anai ar hialuronsk\u0101bi, k\u0101 rezult\u0101t\u0101 uzlabojas \u0101das elast\u012bba. Kr\u0113ms ir vieglas tekst\u016bras un labi ies\u016bcas \u0101d\u0101.<br \/>\nKoenz\u012bms Q10 \u012bpa\u0161\u012bbas:<br \/>\nC\u012bn\u0101s pret \u0101das priek\u0161laic\u012bgu noveco\u0161anos un nov\u0113r\u0161 grumbu veido\u0161anos.<br \/>\nVeicina kolag\u0113na un elast\u012bna ra\u017eo\u0161anu \u0101d\u0101. Pal\u012bdz atjaunot \u0101das \u0161\u016bnas un samazina grumbu izpausmes cilv\u0113kiem jebkur\u0101 vecum\u0101.<br \/>\nPal\u012bdz saglab\u0101t jaunekl\u012bgu izskatu, dabiski atjaunojot \u0101das elast\u012bbu.<br \/>\nAtbalsta \u0101das pareizu vielmai\u0146u.<br \/>\nHialuronsk\u0101bes \u012bpa\u0161\u012bbas:<br \/>\nHialuronsk\u0101be padara \u0101du elast\u012bgu un kust\u012bgu, aizsarg\u0101 no br\u012bvo radik\u0101\u013cu izrais\u012btiem boj\u0101jumiem jeb grumbu veido\u0161an\u0101s, stimul\u0113 elast\u012bbu pie\u0161\u0137iro\u0161\u0101 kolag\u0113na ra\u017eo\u0161anu. T\u0101 ir lielisks audu atjaunot\u0101js, \u0101das mitrin\u0101t\u0101js un izl\u012bdzin\u0101t\u0101js.<br \/>\nLieto\u0161anai: Uzkl\u0101t no r\u012bta uz labi att\u012br\u012btas sejas un kakla \u0101das un iemas\u0113t ar maigiem ap\u013cveida kust\u012bb\u0101m l\u012bdz kr\u0113ms ies\u016bcas.<\/p>","protected":false},"excerpt":{"rendered":"<p>Byphasse t\u00f5stev ja niisutav p\u00e4evakreem koens\u00fc\u00fcm Q10 ja h\u00fcaluroonhappega k\u00f5ikidele nahat\u00fc\u00fcpidele. Byphasse Instant Lift p\u00e4evakreem \u00fchendab endas efektiivse koens\u00fc\u00fcm Q10 toimeained naha pinguldamiseks h\u00fcaluroonhappega, mille tulemusel paraneb naha elastsus. Kreem on kerge tekstuuriga ning h\u00e4sti imenduv. Koens\u00fc\u00fcm Q10 omadused: V\u00f5itleb naha enneaegse vananemise vastu ning hoiab \u00e4ra kortsude teket. Ergutab kollageeni ja elastiini tootmist nahas. [&hellip;]<\/p>","protected":false},"featured_media":324201,"comment_status":"open","ping_status":"closed","template":"","meta":{"_acf_changed":false},"product_brand":[],"product_cat":[158,104],"product_tag":[],"class_list":{"0":"post-324200","1":"product","2":"type-product","3":"status-publish","4":"has-post-thumbnail","6":"product_cat-kehahooldus","7":"product_cat-enesehooldus","9":"first","10":"instock","11":"sale","12":"taxable","13":"shipping-taxable","14":"purchasable","15":"product-type-simple"},"supplier_id":null,"supplier_sku":"","barcode":null,"atum_controlled":true,"out_stock_date":null,"out_stock_threshold":null,"inheritable":false,"inbound_stock":0,"stock_on_hold":1,"sold_today":1,"sales_last_days":7,"reserved_stock":0,"customer_returns":0,"warehouse_damage":0,"lost_in_post":0,"other_logs":0,"out_stock_days":0,"lost_sales":0,"has_location":false,"update_date":"2026-02-11T20:25:55","atum_locations":[],"atum_stock_status":"instock","restock_status":false,"low_stock_amount":"","sales_update_date":"2026-02-11T20:25:48","calc_backorders":null,"acf":[],"_links":{"self":[{"href":"https:\/\/vbd.dev.sumena.ee\/lv\/wp-json\/wp\/v2\/product\/324200","targetHints":{"allow":["GET"]}}],"collection":[{"href":"https:\/\/vbd.dev.sumena.ee\/lv\/wp-json\/wp\/v2\/product"}],"about":[{"href":"https:\/\/vbd.dev.sumena.ee\/lv\/wp-json\/wp\/v2\/types\/product"}],"replies":[{"embeddable":true,"href":"https:\/\/vbd.dev.sumena.ee\/lv\/wp-json\/wp\/v2\/comments?post=324200"}],"wp:featuredmedia":[{"embeddable":true,"href":"https:\/\/vbd.dev.sumena.ee\/lv\/wp-json\/wp\/v2\/media\/324201"}],"wp:attachment":[{"href":"https:\/\/vbd.dev.sumena.ee\/lv\/wp-json\/wp\/v2\/media?parent=324200"}],"wp:term":[{"taxonomy":"product_brand","embeddable":true,"href":"https:\/\/vbd.dev.sumena.ee\/lv\/wp-json\/wp\/v2\/product_brand?post=324200"},{"taxonomy":"product_cat","embeddable":true,"href":"https:\/\/vbd.dev.sumena.ee\/lv\/wp-json\/wp\/v2\/product_cat?post=324200"},{"taxonomy":"product_tag","embeddable":true,"href":"https:\/\/vbd.dev.sumena.ee\/lv\/wp-json\/wp\/v2\/product_tag?post=324200"}],"curies":[{"name":"wp","href":"https:\/\/api.w.org\/{rel}","templated":true}]}}