{"id":324196,"date":"2026-02-06T16:10:59","date_gmt":"2026-02-06T13:10:59","guid":{"rendered":"https:\/\/vbd.dev.sumena.ee\/?post_type=product&#038;p=324196"},"modified":"2026-02-12T16:21:58","modified_gmt":"2026-02-12T13:21:58","slug":"rulldeodorant-48h-byphasse-cotton-flower-unisex-50ml-2","status":"publish","type":"product","link":"https:\/\/vbd.dev.sumena.ee\/lv\/products-2\/rulldeodorant-48h-byphasse-cotton-flower-unisex-50ml-2\/","title":{"rendered":"Rull\u012b\u0161u dezodorants 48 stundas Byphasse Cotton Flower unisex 50ml"},"content":{"rendered":"<div class=\"post-content woocommerce-product-details__short-description\">\n<p>Byphasse 48h unisex rull\u012b\u0161a dezodorants ir smar\u017eots ar kokvilnas ziedu ekstraktu, tam ir maigas un vieglas arom\u0101ta notis. Nodro\u0161ina visu diennakti svaigu un relaks\u0113jo\u0161u smar\u017eu un aizsardz\u012bbu, nekr\u0101so ap\u0123\u0113rbu un der gan v\u012brie\u0161iem, gan sieviet\u0113m. Uzkl\u0101t uz t\u012bras un sausas \u0101das. Piem\u0113rots visiem \u0101das tipiem.<\/p>\n<p>Sast\u0101vda\u013cas: Aqua (\u016bdens), hlorhidr\u0101ts alum\u012bnijs, Steareth-2, Ciklopentasiloks\u0101ns, Glicer\u012bns, Parfum (arom\u0101ts), PPG-15 stearil\u0113ters, Steareth-21, Etilheksilglicer\u012bns, N\u0101trija benzo\u0101ts, Allanto\u012bns, K\u0101lija sorb\u0101ts, Gossypium Herbaceum (kokvilnas) s\u0113klu ekstrakts, BHT, Heksilcinnam\u0101ls, Benzilsalicil\u0101ts, Linalols, Geraniols, Kum\u0101r\u012bns, Cinnamils, Citronellols, Alfa-izometiljonons, Hidroksicitronell\u0101ls.<\/p>\n<\/div>","protected":false},"excerpt":{"rendered":"<p>Byphasse 48h unisex rulldeodorant on l\u00f5hnastatud puuvilla\u00f5ie ekstraktiga, mis on pehmete ja kergete l\u00f5hnanootidega. Tagab \u00f6\u00f6p\u00e4evaringse v\u00e4rske ning l\u00f5\u00f5gastava l\u00f5hna ning kaitse, ei j\u00e4ta riietele plekke ning sobib kasutamiseks nii meestele kui naistele. Kanda puhtale ja kuivale nahale. Sobib kasutamiseks k\u00f5ikidele nahat\u00fc\u00fcpidele. Aqua (Water), Aluminum Chlorohydrate, Steareth-2, Cyclopentasiloxane, Glycerin, Parfum (Fragrance), PPG-15 Stearyl Ether, Steareth-21, [&hellip;]<\/p>","protected":false},"featured_media":324197,"comment_status":"open","ping_status":"closed","template":"","meta":{"_acf_changed":false},"product_brand":[],"product_cat":[158,104],"product_tag":[],"class_list":{"0":"post-324196","1":"product","2":"type-product","3":"status-publish","4":"has-post-thumbnail","6":"product_cat-kehahooldus","7":"product_cat-enesehooldus","9":"first","10":"instock","11":"sale","12":"taxable","13":"shipping-taxable","14":"purchasable","15":"product-type-simple"},"supplier_id":null,"supplier_sku":"","barcode":null,"atum_controlled":true,"out_stock_date":null,"out_stock_threshold":null,"inheritable":false,"inbound_stock":0,"stock_on_hold":2,"sold_today":1,"sales_last_days":27,"reserved_stock":0,"customer_returns":0,"warehouse_damage":0,"lost_in_post":0,"other_logs":0,"out_stock_days":0,"lost_sales":0,"has_location":false,"update_date":"2026-02-12T15:18:35","atum_locations":[],"atum_stock_status":"instock","restock_status":true,"low_stock_amount":"","sales_update_date":"2026-02-12T15:18:26","calc_backorders":null,"acf":[],"_links":{"self":[{"href":"https:\/\/vbd.dev.sumena.ee\/lv\/wp-json\/wp\/v2\/product\/324196","targetHints":{"allow":["GET"]}}],"collection":[{"href":"https:\/\/vbd.dev.sumena.ee\/lv\/wp-json\/wp\/v2\/product"}],"about":[{"href":"https:\/\/vbd.dev.sumena.ee\/lv\/wp-json\/wp\/v2\/types\/product"}],"replies":[{"embeddable":true,"href":"https:\/\/vbd.dev.sumena.ee\/lv\/wp-json\/wp\/v2\/comments?post=324196"}],"wp:featuredmedia":[{"embeddable":true,"href":"https:\/\/vbd.dev.sumena.ee\/lv\/wp-json\/wp\/v2\/media\/324197"}],"wp:attachment":[{"href":"https:\/\/vbd.dev.sumena.ee\/lv\/wp-json\/wp\/v2\/media?parent=324196"}],"wp:term":[{"taxonomy":"product_brand","embeddable":true,"href":"https:\/\/vbd.dev.sumena.ee\/lv\/wp-json\/wp\/v2\/product_brand?post=324196"},{"taxonomy":"product_cat","embeddable":true,"href":"https:\/\/vbd.dev.sumena.ee\/lv\/wp-json\/wp\/v2\/product_cat?post=324196"},{"taxonomy":"product_tag","embeddable":true,"href":"https:\/\/vbd.dev.sumena.ee\/lv\/wp-json\/wp\/v2\/product_tag?post=324196"}],"curies":[{"name":"wp","href":"https:\/\/api.w.org\/{rel}","templated":true}]}}