{"id":324194,"date":"2026-02-06T16:08:59","date_gmt":"2026-02-06T13:08:59","guid":{"rendered":"https:\/\/vbd.dev.sumena.ee\/?post_type=product&#038;p=324194"},"modified":"2026-02-12T13:21:04","modified_gmt":"2026-02-12T10:21:04","slug":"rulldeodorant-48h-byphasse-bambuseekstraktiga-unisex-50ml","status":"publish","type":"product","link":"https:\/\/vbd.dev.sumena.ee\/lv\/products-2\/rulldeodorant-48h-byphasse-bambuseekstraktiga-unisex-50ml\/","title":{"rendered":"Rull\u012b\u0161a dezodorants 48H Byphasse ar bambusa ekstraktu, unisex, 50 ml"},"content":{"rendered":"<p>Byphasse 48h unisex rull\u012b\u0161a dezodorants ar bambusa ekstrakti ir aromatiz\u0113ts ar dab\u012bgaj\u0101m \u0113teriskaj\u0101m e\u013c\u013c\u0101m un za\u013c\u0101s t\u0113jas ekstraktu. Nodro\u0161ina visa diennakts svaigu un relaks\u0113jo\u0161u arom\u0101tu, aizsarg\u0101, nepaliek traipi uz ap\u0123\u0113rba un piem\u0113rots gan v\u012brie\u0161iem, gan sieviet\u0113m. Lietot uz t\u012bras un sausas \u0101das. Piem\u0113rots visu \u0101das tipu lieto\u0161anai.<\/p>\n<p>Sast\u0101vda\u013cas: Aqua (\u016bdens), hlorhidr\u0101ts alum\u012bnijs, Steareth-2, ciklopentasiloks\u0101ns, glicer\u012bns, Parfum (arom\u0101ts), PPG-15 stearil\u0113ters, Steareth-21, etilheksilglicer\u012bns, n\u0101trija benzo\u0101ts, allantoi\u012bns, k\u0101lija sorb\u0101ts, Bambusa vulgaris ekstrakts, BHT, benzilsalicil\u0101ts, hidroksicitronell\u0101ls, linalols, geraniols, citronellols.<\/p>","protected":false},"excerpt":{"rendered":"<p>Byphasse 48h unisex rulldeodorant bambuseekstraktidega on l\u00f5hnastatud looduslike eeterlike \u00f5lide ja rohelise tee ekstraktidega. Tagab \u00f6\u00f6p\u00e4evaringse v\u00e4rske ning l\u00f5\u00f5gastava l\u00f5hna ning kaitse, ei j\u00e4ta riietele plekke ning sobib kasutamiseks nii meestele kui naistele. Kanda puhtale ja kuivale nahale. Sobib kasutamiseks k\u00f5ikidele nahat\u00fc\u00fcpidele. Aqua (Water), Aluminum Chlorohydrate, Steareth-2, Cyclopentasiloxane, Glycerin, Parfum (Fragrance), PPG-15 Stearyl Ether, Steareth-21, [&hellip;]<\/p>","protected":false},"featured_media":324195,"comment_status":"open","ping_status":"closed","template":"","meta":{"_acf_changed":false},"product_brand":[],"product_cat":[158,104],"product_tag":[],"class_list":{"0":"post-324194","1":"product","2":"type-product","3":"status-publish","4":"has-post-thumbnail","6":"product_cat-kehahooldus","7":"product_cat-enesehooldus","9":"first","10":"instock","11":"sale","12":"taxable","13":"shipping-taxable","14":"purchasable","15":"product-type-simple"},"supplier_id":null,"supplier_sku":"","barcode":null,"atum_controlled":true,"out_stock_date":null,"out_stock_threshold":null,"inheritable":false,"inbound_stock":0,"stock_on_hold":7,"sold_today":1,"sales_last_days":35,"reserved_stock":0,"customer_returns":0,"warehouse_damage":0,"lost_in_post":0,"other_logs":0,"out_stock_days":0,"lost_sales":0,"has_location":false,"update_date":"2026-02-12T14:52:32","atum_locations":[],"atum_stock_status":"instock","restock_status":true,"low_stock_amount":"","sales_update_date":"2026-02-12T14:52:23","calc_backorders":null,"acf":[],"_links":{"self":[{"href":"https:\/\/vbd.dev.sumena.ee\/lv\/wp-json\/wp\/v2\/product\/324194","targetHints":{"allow":["GET"]}}],"collection":[{"href":"https:\/\/vbd.dev.sumena.ee\/lv\/wp-json\/wp\/v2\/product"}],"about":[{"href":"https:\/\/vbd.dev.sumena.ee\/lv\/wp-json\/wp\/v2\/types\/product"}],"replies":[{"embeddable":true,"href":"https:\/\/vbd.dev.sumena.ee\/lv\/wp-json\/wp\/v2\/comments?post=324194"}],"wp:featuredmedia":[{"embeddable":true,"href":"https:\/\/vbd.dev.sumena.ee\/lv\/wp-json\/wp\/v2\/media\/324195"}],"wp:attachment":[{"href":"https:\/\/vbd.dev.sumena.ee\/lv\/wp-json\/wp\/v2\/media?parent=324194"}],"wp:term":[{"taxonomy":"product_brand","embeddable":true,"href":"https:\/\/vbd.dev.sumena.ee\/lv\/wp-json\/wp\/v2\/product_brand?post=324194"},{"taxonomy":"product_cat","embeddable":true,"href":"https:\/\/vbd.dev.sumena.ee\/lv\/wp-json\/wp\/v2\/product_cat?post=324194"},{"taxonomy":"product_tag","embeddable":true,"href":"https:\/\/vbd.dev.sumena.ee\/lv\/wp-json\/wp\/v2\/product_tag?post=324194"}],"curies":[{"name":"wp","href":"https:\/\/api.w.org\/{rel}","templated":true}]}}