{"id":324192,"date":"2026-02-06T16:00:21","date_gmt":"2026-02-06T13:00:21","guid":{"rendered":"https:\/\/vbd.dev.sumena.ee\/?post_type=product&#038;p=324192"},"modified":"2026-02-12T11:58:27","modified_gmt":"2026-02-12T08:58:27","slug":"valgendi-ace-1l","status":"publish","type":"product","link":"https:\/\/vbd.dev.sumena.ee\/lv\/products-2\/valgendi-ace-1l\/","title":{"rendered":"Balin\u0101t\u0101js ACE 1L"},"content":{"rendered":"<p>Balin\u0101t\u0101js ACE 1L<\/p>\n<p>Produkts ir piem\u0113rots t\u012br\u012b\u0161anai, traipu no\u0146em\u0161anai un da\u017e\u0101du virsmu un balto ve\u013cas balin\u0101\u0161anai, lai t\u0101 k\u013c\u016btu spo\u017ei balta.&#8221;Daudzfunkcion\u0101la sast\u0101va&#8221;: lieto\u0161anai uz tekstilizstr\u0101d\u0101jumiem:* piem\u0113rots baltas ve\u013cas roku un ma\u0161\u012bnas mazg\u0101\u0161anai* traipu no\u0146em\u0161anai no baltas ve\u013cas.* Nekait\u0113 audumam.* Nepadarina audumu dzeltenu.M\u0101jai lieto\u0161anai:* piem\u0113rots lielu virsmu t\u012br\u012b\u0161anai un dezinfekcijai.* Neputo.* Viegl\u0101k izskalo\u0161ams. * Piem\u0113rots t\u012br\u012b\u0161anai un dezinfekcijai uz da\u017e\u0101d\u0101m virsm\u0101m, piem\u0113ram, keramikas, marmoram, plastmasai, stiklam un cit\u0101m mazg<\/p>","protected":false},"excerpt":{"rendered":"<p>Valgendi ACE 1L Toode sobib puhastamiseks, plekieemalduseks ja erinevate pindade ning valge pesu pleegitamiseks ja s\u00e4rvvalgeks muutmiseks.&#8221;Mitmeotstarbeline koostis&#8221;:kasutamiseks tekstiilidel:* sobib valge pesu k\u00e4si- ja masinpesuks* plekieemalduseks valgelt pesult.* Ei kahjusta kangast.* Ei muuda kangast kollaseks.Kasutamiseks majapidamises:* sobib suurte pindade puhastamiseks ning desinfitseerimiseks.* Ei vahuta.* Kergelt loputatav. * Sobib puhastamiseks ning desinfitseerimiseks erinevatel pindadel nagu keraamilised, [&hellip;]<\/p>","protected":false},"featured_media":324193,"comment_status":"open","ping_status":"closed","template":"","meta":{"_acf_changed":false},"product_brand":[],"product_cat":[185,88],"product_tag":[],"class_list":{"0":"post-324192","1":"product","2":"type-product","3":"status-publish","4":"has-post-thumbnail","6":"product_cat-puhastus-ja-koristusvahendid","7":"product_cat-tarbekaubad-tooted","9":"first","10":"instock","11":"sale","12":"taxable","13":"shipping-taxable","14":"purchasable","15":"product-type-simple"},"supplier_id":null,"supplier_sku":"","barcode":null,"atum_controlled":true,"out_stock_date":null,"out_stock_threshold":null,"inheritable":false,"inbound_stock":0,"stock_on_hold":21,"sold_today":19,"sales_last_days":70,"reserved_stock":0,"customer_returns":0,"warehouse_damage":0,"lost_in_post":0,"other_logs":0,"out_stock_days":0,"lost_sales":0,"has_location":false,"update_date":"2026-02-12T12:27:50","atum_locations":[],"atum_stock_status":"instock","restock_status":true,"low_stock_amount":"","sales_update_date":"2026-02-12T12:27:41","calc_backorders":null,"acf":[],"_links":{"self":[{"href":"https:\/\/vbd.dev.sumena.ee\/lv\/wp-json\/wp\/v2\/product\/324192","targetHints":{"allow":["GET"]}}],"collection":[{"href":"https:\/\/vbd.dev.sumena.ee\/lv\/wp-json\/wp\/v2\/product"}],"about":[{"href":"https:\/\/vbd.dev.sumena.ee\/lv\/wp-json\/wp\/v2\/types\/product"}],"replies":[{"embeddable":true,"href":"https:\/\/vbd.dev.sumena.ee\/lv\/wp-json\/wp\/v2\/comments?post=324192"}],"wp:featuredmedia":[{"embeddable":true,"href":"https:\/\/vbd.dev.sumena.ee\/lv\/wp-json\/wp\/v2\/media\/324193"}],"wp:attachment":[{"href":"https:\/\/vbd.dev.sumena.ee\/lv\/wp-json\/wp\/v2\/media?parent=324192"}],"wp:term":[{"taxonomy":"product_brand","embeddable":true,"href":"https:\/\/vbd.dev.sumena.ee\/lv\/wp-json\/wp\/v2\/product_brand?post=324192"},{"taxonomy":"product_cat","embeddable":true,"href":"https:\/\/vbd.dev.sumena.ee\/lv\/wp-json\/wp\/v2\/product_cat?post=324192"},{"taxonomy":"product_tag","embeddable":true,"href":"https:\/\/vbd.dev.sumena.ee\/lv\/wp-json\/wp\/v2\/product_tag?post=324192"}],"curies":[{"name":"wp","href":"https:\/\/api.w.org\/{rel}","templated":true}]}}