{"id":324164,"date":"2025-10-28T16:48:22","date_gmt":"2025-10-28T13:48:22","guid":{"rendered":"https:\/\/vbd.dev.sumena.ee\/?post_type=product&#038;p=324164"},"modified":"2026-02-12T16:10:01","modified_gmt":"2026-02-12T13:10:01","slug":"kohvijook-bold-true-iced-espresso-piimaga-250-ml","status":"publish","type":"product","link":"https:\/\/vbd.dev.sumena.ee\/lv\/products-2\/kohvijook-bold-true-iced-espresso-piimaga-250-ml\/","title":{"rendered":"Kafijas dz\u0113riens BOLD True Iced Espresso ar pienu 250 ml"},"content":{"rendered":"<div class=\"sc-57154a31-1 bxWYVV\" data-test-id=\"product-info-description\">\n<div>\n<div class=\"sc-57154a31-2 iJVmTs\">\n<p>Kafijas un piena dz\u0113riens. Termiski apstr\u0101d\u0101ts (UHT). Augsts kofe\u012bna saturs (65mg\/100ml).<\/p>\n<\/div>\n<\/div>\n<\/div>\n<div class=\"sc-57154a31-1 bxWYVV\" data-test-id=\"product-info-country\">\n<div>\n<h3 class=\"izDEqE llpRim gZSiXk kvXNxI lgoqEg fygOE ijAptY\">Sast\u0101vs<\/h3>\n<div class=\"sc-57154a31-2 iJVmTs\">\n<p>Saldais pulveris, \u016bdens, cukurs, 1, 6% kafijas ekstrakts, karameliz\u0113ts cukurs, sk\u0101buma regulators (n\u0101trija hidrog\u0113nkarbon\u0101ts), dab\u012bg\u0101 aromatiz\u0113t\u0101ja un gar\u0161viela, stabilizators (karrageens).<\/p>\n<\/div>\n<\/div>\n<\/div>","protected":false},"excerpt":{"rendered":"<p>Lab\u0101kais pirms: 15.12.2026 Daudzums iepakojum\u0101: 12<\/p>","protected":false},"featured_media":324165,"comment_status":"open","ping_status":"closed","template":"","meta":{"_acf_changed":false},"product_brand":[],"product_cat":[163,90,79],"product_tag":[],"class_list":{"0":"post-324164","1":"product","2":"type-product","3":"status-publish","4":"has-post-thumbnail","6":"product_cat-kohv-tee","7":"product_cat-pant","8":"product_cat-joogid","10":"first","11":"instock","12":"sale","13":"taxable","14":"shipping-taxable","15":"purchasable","16":"product-type-simple"},"supplier_id":null,"supplier_sku":"","barcode":null,"atum_controlled":true,"out_stock_date":null,"out_stock_threshold":null,"inheritable":false,"inbound_stock":0,"stock_on_hold":10,"sold_today":2,"sales_last_days":54,"reserved_stock":0,"customer_returns":0,"warehouse_damage":0,"lost_in_post":0,"other_logs":0,"out_stock_days":0,"lost_sales":0,"has_location":false,"update_date":"2026-02-12T13:15:17","atum_locations":[],"atum_stock_status":"instock","restock_status":true,"low_stock_amount":"","sales_update_date":"2026-02-12T13:15:08","calc_backorders":null,"acf":[],"_links":{"self":[{"href":"https:\/\/vbd.dev.sumena.ee\/lv\/wp-json\/wp\/v2\/product\/324164","targetHints":{"allow":["GET"]}}],"collection":[{"href":"https:\/\/vbd.dev.sumena.ee\/lv\/wp-json\/wp\/v2\/product"}],"about":[{"href":"https:\/\/vbd.dev.sumena.ee\/lv\/wp-json\/wp\/v2\/types\/product"}],"replies":[{"embeddable":true,"href":"https:\/\/vbd.dev.sumena.ee\/lv\/wp-json\/wp\/v2\/comments?post=324164"}],"wp:featuredmedia":[{"embeddable":true,"href":"https:\/\/vbd.dev.sumena.ee\/lv\/wp-json\/wp\/v2\/media\/324165"}],"wp:attachment":[{"href":"https:\/\/vbd.dev.sumena.ee\/lv\/wp-json\/wp\/v2\/media?parent=324164"}],"wp:term":[{"taxonomy":"product_brand","embeddable":true,"href":"https:\/\/vbd.dev.sumena.ee\/lv\/wp-json\/wp\/v2\/product_brand?post=324164"},{"taxonomy":"product_cat","embeddable":true,"href":"https:\/\/vbd.dev.sumena.ee\/lv\/wp-json\/wp\/v2\/product_cat?post=324164"},{"taxonomy":"product_tag","embeddable":true,"href":"https:\/\/vbd.dev.sumena.ee\/lv\/wp-json\/wp\/v2\/product_tag?post=324164"}],"curies":[{"name":"wp","href":"https:\/\/api.w.org\/{rel}","templated":true}]}}